{"id":7904,"date":"2025-08-22T01:28:26","date_gmt":"2025-08-22T01:28:26","guid":{"rendered":"https:\/\/www.gemiruo.com\/?post_type=product&#038;p=7904"},"modified":"2025-12-09T05:23:38","modified_gmt":"2025-12-09T05:23:38","slug":"mini-drone-screen-cool-light-aircraft-gt3","status":"publish","type":"product","link":"https:\/\/www.gemiruo.com\/sv\/mini-drone-screen-cool-light-aircraft-gt3\/","title":{"rendered":"Mini Drone 4,3\u2033 sk\u00e4rm Cool Light Aircraft Toy GT3"},"content":{"rendered":"<iframe width=\"1200\" height=\"600\" src=\"https:\/\/www.youtube.com\/embed\/23HgXVPeE2w\"  frameborder=\"0\" allow=\"accelerometer; autoplay; clipboard-write; encrypted-media; gyroscope; picture-in-picture; web-share\" allowfullscreen><\/iframe>\n<p>GT3 har en 4,3-tums fj\u00e4rrkontrollsk\u00e4rm som ger en engagerande anv\u00e4ndarupplevelse med avancerade \u00f6verf\u00f6ringsfunktioner. Denna leksaksflygplan \u00e4r utrustad med optisk fl\u00f6despositionering och intelligent hinderundvikande, vilket garanterar s\u00e4ker och stabil flygning. Dr\u00f6naren har dynamiska ljuseffekter och ett fj\u00e4rrkontrollalarm med l\u00e5g str\u00f6mf\u00f6rbrukning, vilket f\u00f6rb\u00e4ttrar dess funktionalitet. Dessutom har den ett sexv\u00e4gsgyroskop och praktiska funktioner som start och landning med ett klick samt gestfotografering, vilket g\u00f6r den till ett perfekt val f\u00f6r entusiaster. <\/p>\n<p><strong>Produktparameter:<\/strong><\/p>\n<ul>\n<li>Vikt: 92 g (inklusive batteri 19 g)<\/li>\n<li>Kroppsbatteri: 3,7 V 580 mAH<\/li>\n<li>Flygtid: cirka 9 minuter<\/li>\n<li>Laddningstid: cirka 60 minuter<\/li>\n<li>Kontrollavst\u00e5nd: cirka 100 meter<\/li>\n<\/ul>\n<p><img fetchpriority=\"high\" decoding=\"async\" src=\"http:\/\/www.gemiruo.com\/wp-content\/uploads\/2025\/08\/\u82f1\u6587\u8be6\u60c5\u56fe-1-2.jpg\" alt=\"\" width=\"790\" height=\"1536\" title=\"\"><br \/>\n<img decoding=\"async\" src=\"http:\/\/www.gemiruo.com\/wp-content\/uploads\/2025\/08\/\u82f1\u6587\u8be6\u60c5\u56fe-2-2.jpg\" alt=\"\" width=\"790\" height=\"1404\" title=\"\"><br \/>\n<img decoding=\"async\" src=\"http:\/\/www.gemiruo.com\/wp-content\/uploads\/2025\/08\/\u82f1\u6587\u8be6\u60c5\u56fe-3-2.jpg\" alt=\"\" width=\"790\" height=\"1459\" title=\"\"><br \/>\n<img loading=\"lazy\" decoding=\"async\" src=\"http:\/\/www.gemiruo.com\/wp-content\/uploads\/2025\/08\/\u82f1\u6587\u8be6\u60c5\u56fe-4-2.jpg\" alt=\"\" width=\"790\" height=\"1403\" title=\"\"><br \/>\n<img loading=\"lazy\" decoding=\"async\" src=\"http:\/\/www.gemiruo.com\/wp-content\/uploads\/2025\/08\/\u82f1\u6587\u8be6\u60c5\u56fe-5-2.jpg\" alt=\"\" width=\"790\" height=\"1441\" title=\"\"><br \/>\n<img loading=\"lazy\" decoding=\"async\" src=\"http:\/\/www.gemiruo.com\/wp-content\/uploads\/2025\/08\/\u82f1\u6587\u8be6\u60c5\u56fe-6-2.jpg\" alt=\"\" width=\"790\" height=\"1399\" title=\"\"><br \/>\n<img loading=\"lazy\" decoding=\"async\" src=\"http:\/\/www.gemiruo.com\/wp-content\/uploads\/2025\/08\/\u82f1\u6587\u8be6\u60c5\u56fe-7-2.jpg\" alt=\"\" width=\"790\" height=\"1291\" title=\"\"><br \/>\n<img loading=\"lazy\" decoding=\"async\" src=\"http:\/\/www.gemiruo.com\/wp-content\/uploads\/2025\/08\/\u82f1\u6587\u8be6\u60c5\u56fe-8-2.jpg\" alt=\"\" width=\"790\" height=\"1347\" title=\"\"><br \/>\n<img loading=\"lazy\" decoding=\"async\" src=\"http:\/\/www.gemiruo.com\/wp-content\/uploads\/2025\/08\/\u82f1\u6587\u8be6\u60c5\u56fe-9-2.jpg\" alt=\"\" width=\"790\" height=\"1448\" title=\"\"><br \/>\n<img loading=\"lazy\" decoding=\"async\" src=\"http:\/\/www.gemiruo.com\/wp-content\/uploads\/2025\/08\/\u82f1\u6587\u8be6\u60c5\u56fe-10-2.jpg\" alt=\"\" width=\"790\" height=\"1243\" title=\"\"><br \/>\n<img loading=\"lazy\" decoding=\"async\" src=\"http:\/\/www.gemiruo.com\/wp-content\/uploads\/2025\/08\/\u82f1\u6587\u8be6\u60c5\u56fe-11-2.jpg\" alt=\"\" width=\"790\" height=\"1212\" title=\"\"><br \/>\n<img loading=\"lazy\" decoding=\"async\" src=\"http:\/\/www.gemiruo.com\/wp-content\/uploads\/2025\/08\/\u82f1\u6587\u8be6\u60c5\u56fe-12-2.jpg\" alt=\"\" width=\"790\" height=\"1228\" title=\"\"><br \/>\n<img loading=\"lazy\" decoding=\"async\" src=\"http:\/\/www.gemiruo.com\/wp-content\/uploads\/2025\/08\/\u82f1\u6587\u8be6\u60c5\u56fe-14-2.jpg\" alt=\"\" width=\"790\" height=\"1049\" title=\"\"><br \/>\n<img loading=\"lazy\" decoding=\"async\" src=\"http:\/\/www.gemiruo.com\/wp-content\/uploads\/2025\/08\/\u82f1\u6587\u8be6\u60c5\u56fe-13-2.jpg\" alt=\"\" width=\"790\" height=\"1177\" title=\"\"><br \/>\n<img loading=\"lazy\" decoding=\"async\" src=\"http:\/\/www.gemiruo.com\/wp-content\/uploads\/2025\/08\/\u82f1\u6587\u8be6\u60c5\u56fe-15-2.jpg\" alt=\"\" width=\"790\" height=\"1352\" title=\"\"><br \/>\n<img loading=\"lazy\" decoding=\"async\" src=\"http:\/\/www.gemiruo.com\/wp-content\/uploads\/2025\/08\/\u82f1\u6587\u8be6\u60c5\u56fe-16-2.jpg\" alt=\"\" width=\"790\" height=\"810\" title=\"\"><\/p>","protected":false},"excerpt":{"rendered":"<p>Minidronen har en 4,3-tums fj\u00e4rrkontrollsk\u00e4rm som ger en engagerande anv\u00e4ndarupplevelse med avancerade \u00f6verf\u00f6ringsfunktioner. Denna leksaksflygplan \u00e4r utrustad med optisk fl\u00f6despositionering och intelligent hinderundvikande, vilket garanterar s\u00e4ker och stabil flygning. Dr\u00f6naren har dynamiska ljuseffekter och ett fj\u00e4rrkontrollalarm med l\u00e5g str\u00f6mf\u00f6rbrukning, vilket f\u00f6rb\u00e4ttrar dess funktionalitet. Dessutom har den ett sexv\u00e4gsgyroskop och praktiska funktioner som start och landning med ett klick samt gestfotografering, vilket g\u00f6r den till ett perfekt val f\u00f6r entusiaster. <\/p>","protected":false},"featured_media":7930,"comment_status":"closed","ping_status":"closed","template":"","meta":{"_uag_custom_page_level_css":"","site-sidebar-layout":"default","site-content-layout":"","ast-site-content-layout":"default","site-content-style":"default","site-sidebar-style":"default","ast-global-header-display":"","ast-banner-title-visibility":"","ast-main-header-display":"","ast-hfb-above-header-display":"","ast-hfb-below-header-display":"","ast-hfb-mobile-header-display":"","site-post-title":"","ast-breadcrumbs-content":"","ast-featured-img":"","footer-sml-layout":"","ast-disable-related-posts":"","theme-transparent-header-meta":"default","adv-header-id-meta":"","stick-header-meta":"default","header-above-stick-meta":"","header-main-stick-meta":"","header-below-stick-meta":"","astra-migrate-meta-layouts":"set","ast-page-background-enabled":"default","ast-page-background-meta":{"desktop":{"background-color":"var(--ast-global-color-4)","background-image":"","background-repeat":"repeat","background-position":"center center","background-size":"auto","background-attachment":"scroll","background-type":"","background-media":"","overlay-type":"","overlay-color":"","overlay-opacity":"","overlay-gradient":""},"tablet":{"background-color":"","background-image":"","background-repeat":"repeat","background-position":"center center","background-size":"auto","background-attachment":"scroll","background-type":"","background-media":"","overlay-type":"","overlay-color":"","overlay-opacity":"","overlay-gradient":""},"mobile":{"background-color":"","background-image":"","background-repeat":"repeat","background-position":"center center","background-size":"auto","background-attachment":"scroll","background-type":"","background-media":"","overlay-type":"","overlay-color":"","overlay-opacity":"","overlay-gradient":""}},"ast-content-background-meta":{"desktop":{"background-color":"var(--ast-global-color-5)","background-image":"","background-repeat":"repeat","background-position":"center center","background-size":"auto","background-attachment":"scroll","background-type":"","background-media":"","overlay-type":"","overlay-color":"","overlay-opacity":"","overlay-gradient":""},"tablet":{"background-color":"var(--ast-global-color-5)","background-image":"","background-repeat":"repeat","background-position":"center center","background-size":"auto","background-attachment":"scroll","background-type":"","background-media":"","overlay-type":"","overlay-color":"","overlay-opacity":"","overlay-gradient":""},"mobile":{"background-color":"var(--ast-global-color-5)","background-image":"","background-repeat":"repeat","background-position":"center center","background-size":"auto","background-attachment":"scroll","background-type":"","background-media":"","overlay-type":"","overlay-color":"","overlay-opacity":"","overlay-gradient":""}}},"product_brand":[],"product_cat":[17],"product_tag":[57,129,141,110,40,20,25],"class_list":{"0":"post-7904","1":"product","2":"type-product","3":"status-publish","4":"has-post-thumbnail","6":"product_cat-drone","7":"product_tag-cool-light","8":"product_tag-full-protection","9":"product_tag-gt3","10":"product_tag-mini-drone","11":"product_tag-optical-flow","12":"product_tag-quadcopter","13":"product_tag-toy","14":"desktop-align-left","15":"tablet-align-left","16":"mobile-align-left","17":"ast-product-gallery-layout-horizontal-slider","18":"ast-product-single-variable","19":"ast-product-tabs-layout-horizontal","20":"ast-qv-on-image","22":"first","23":"instock","24":"purchasable","25":"product-type-variable"},"uagb_featured_image_src":{"full":["https:\/\/www.gemiruo.com\/wp-content\/uploads\/2025\/08\/\u767d\u5e95\u56fe-1.jpg",800,800,false],"thumbnail":["https:\/\/www.gemiruo.com\/wp-content\/uploads\/2025\/08\/\u767d\u5e95\u56fe-1-150x150.jpg",150,150,true],"medium":["https:\/\/www.gemiruo.com\/wp-content\/uploads\/2025\/08\/\u767d\u5e95\u56fe-1-300x300.jpg",300,300,true],"medium_large":["https:\/\/www.gemiruo.com\/wp-content\/uploads\/2025\/08\/\u767d\u5e95\u56fe-1-768x768.jpg",768,768,true],"large":["https:\/\/www.gemiruo.com\/wp-content\/uploads\/2025\/08\/\u767d\u5e95\u56fe-1.jpg",800,800,false],"1536x1536":["https:\/\/www.gemiruo.com\/wp-content\/uploads\/2025\/08\/\u767d\u5e95\u56fe-1.jpg",800,800,false],"2048x2048":["https:\/\/www.gemiruo.com\/wp-content\/uploads\/2025\/08\/\u767d\u5e95\u56fe-1.jpg",800,800,false],"trp-custom-language-flag":["https:\/\/www.gemiruo.com\/wp-content\/uploads\/2025\/08\/\u767d\u5e95\u56fe-1.jpg",12,12,false],"mailpoet_newsletter_max":["https:\/\/www.gemiruo.com\/wp-content\/uploads\/2025\/08\/\u767d\u5e95\u56fe-1.jpg",800,800,false],"woocommerce_thumbnail":["https:\/\/www.gemiruo.com\/wp-content\/uploads\/2025\/08\/\u767d\u5e95\u56fe-1-300x300.jpg",300,300,true],"woocommerce_single":["https:\/\/www.gemiruo.com\/wp-content\/uploads\/2025\/08\/\u767d\u5e95\u56fe-1-600x600.jpg",600,600,true],"woocommerce_gallery_thumbnail":["https:\/\/www.gemiruo.com\/wp-content\/uploads\/2025\/08\/\u767d\u5e95\u56fe-1-100x100.jpg",100,100,true]},"uagb_author_info":{"display_name":"xie shiyong","author_link":"https:\/\/www.gemiruo.com\/sv\/author\/"},"uagb_comment_info":0,"uagb_excerpt":"The mini drone features a 4.3-inch remote control screen, providing an engaging user experience with advanced transmission capabilities. Equipped with optical flow positioning and intelligent obstacle avoidance, this aircraft toy ensures safe and stable flight. The drone includes dynamic lighting effects and a low power remote control alarm, enhancing its functionality. Additionally, it boasts a&hellip;","_links":{"self":[{"href":"https:\/\/www.gemiruo.com\/sv\/wp-json\/wp\/v2\/product\/7904","targetHints":{"allow":["GET"]}}],"collection":[{"href":"https:\/\/www.gemiruo.com\/sv\/wp-json\/wp\/v2\/product"}],"about":[{"href":"https:\/\/www.gemiruo.com\/sv\/wp-json\/wp\/v2\/types\/product"}],"replies":[{"embeddable":true,"href":"https:\/\/www.gemiruo.com\/sv\/wp-json\/wp\/v2\/comments?post=7904"}],"wp:featuredmedia":[{"embeddable":true,"href":"https:\/\/www.gemiruo.com\/sv\/wp-json\/wp\/v2\/media\/7930"}],"wp:attachment":[{"href":"https:\/\/www.gemiruo.com\/sv\/wp-json\/wp\/v2\/media?parent=7904"}],"wp:term":[{"taxonomy":"product_brand","embeddable":true,"href":"https:\/\/www.gemiruo.com\/sv\/wp-json\/wp\/v2\/product_brand?post=7904"},{"taxonomy":"product_cat","embeddable":true,"href":"https:\/\/www.gemiruo.com\/sv\/wp-json\/wp\/v2\/product_cat?post=7904"},{"taxonomy":"product_tag","embeddable":true,"href":"https:\/\/www.gemiruo.com\/sv\/wp-json\/wp\/v2\/product_tag?post=7904"}],"curies":[{"name":"wp","href":"https:\/\/api.w.org\/{rel}","templated":true}]}}