{"id":5583,"date":"2025-05-06T03:48:04","date_gmt":"2025-05-06T03:48:04","guid":{"rendered":"https:\/\/www.gemiruo.com\/?post_type=product&#038;p=5583"},"modified":"2025-12-09T09:07:57","modified_gmt":"2025-12-09T09:07:57","slug":"5-6-screen-drone-cool-lights-airplane-d13","status":"publish","type":"product","link":"https:\/\/www.gemiruo.com\/sv\/5-6-screen-drone-cool-lights-airplane-d13\/","title":{"rendered":"5,6 tum sk\u00e4rm Drone Cool Lights Airplane D13"},"content":{"rendered":"<iframe width=\"1200\" height=\"600\" src=\"https:\/\/www.youtube.com\/embed\/bqnLXoZfUhk\"  frameborder=\"0\" allow=\"accelerometer; autoplay; clipboard-write; encrypted-media; gyroscope; picture-in-picture; web-share\" allowfullscreen><\/iframe>\n<p>D13-dr\u00f6naren har en stor 5,6-tums fj\u00e4rrsk\u00e4rm och \u00e4r tillverkad av smidda kolmaterial f\u00f6r en l\u00e4tt och h\u00e5llbar flygkropp. Den \u00e4r utrustad med borstl\u00f6sa motorer och optisk fl\u00f6desh\u00e4vning, vilket ger stabil och kraftfull flygprestanda. Dess femv\u00e4gs system f\u00f6r att undvika hinder garanterar \u00f6kad s\u00e4kerhet under drift. Den dubbla kamerakonfigurationen inkluderar ett elektriskt justerbart objektiv som st\u00f6der portr\u00e4tt-, landskaps- och overhead-fotograferingsl\u00e4gen. Ytterligare intelligenta funktioner som banflygning och dynamisk cool belysning ger b\u00e5de kreativ m\u00e5ngsidighet och en engagerande flygupplevelse.<\/p>\n<p><strong>Produktparametrar:<\/strong><\/p>\n<ul>\n<li>Vikt: 228 g (inklusive batteri)<\/li>\n<li>Bild\u00f6verf\u00f6ringssignal: 2,4 GHz Wi-Fi<\/li>\n<li>Batteritid: Cirka 15 minuter<\/li>\n<li>Batterikapacitet: 3,7 V, 2000 mAh<\/li>\n<li>Fj\u00e4rrkontrollens r\u00e4ckvidd: Cirka 100 meter<\/li>\n<li>5,6 tums fj\u00e4rrsk\u00e4rm, svala lampor<\/li>\n<\/ul>\n<p><img fetchpriority=\"high\" decoding=\"async\" class=\"alignnone size-full wp-image-5597\" src=\"https:\/\/www.gemiruo.com\/wp-content\/uploads\/2025\/05\/a_01.jpg\" alt=\"\" width=\"790\" height=\"1292\" title=\"\" srcset=\"https:\/\/www.gemiruo.com\/wp-content\/uploads\/2025\/05\/a_01.jpg 790w, https:\/\/www.gemiruo.com\/wp-content\/uploads\/2025\/05\/a_01-183x300.jpg 183w, https:\/\/www.gemiruo.com\/wp-content\/uploads\/2025\/05\/a_01-626x1024.jpg 626w, https:\/\/www.gemiruo.com\/wp-content\/uploads\/2025\/05\/a_01-768x1256.jpg 768w, https:\/\/www.gemiruo.com\/wp-content\/uploads\/2025\/05\/a_01-600x981.jpg 600w\" sizes=\"(max-width: 790px) 100vw, 790px\" \/><br \/>\n<img decoding=\"async\" class=\"alignnone size-full wp-image-5598\" src=\"https:\/\/www.gemiruo.com\/wp-content\/uploads\/2025\/05\/a_02.jpg\" alt=\"\" width=\"790\" height=\"1777\" title=\"\" srcset=\"https:\/\/www.gemiruo.com\/wp-content\/uploads\/2025\/05\/a_02.jpg 790w, https:\/\/www.gemiruo.com\/wp-content\/uploads\/2025\/05\/a_02-133x300.jpg 133w, https:\/\/www.gemiruo.com\/wp-content\/uploads\/2025\/05\/a_02-455x1024.jpg 455w, https:\/\/www.gemiruo.com\/wp-content\/uploads\/2025\/05\/a_02-768x1728.jpg 768w, https:\/\/www.gemiruo.com\/wp-content\/uploads\/2025\/05\/a_02-683x1536.jpg 683w, https:\/\/www.gemiruo.com\/wp-content\/uploads\/2025\/05\/a_02-600x1350.jpg 600w\" sizes=\"(max-width: 790px) 100vw, 790px\" \/><br \/>\n<img decoding=\"async\" class=\"alignnone size-full wp-image-5599\" src=\"https:\/\/www.gemiruo.com\/wp-content\/uploads\/2025\/05\/a_03.jpg\" alt=\"\" width=\"790\" height=\"1402\" title=\"\" srcset=\"https:\/\/www.gemiruo.com\/wp-content\/uploads\/2025\/05\/a_03.jpg 790w, https:\/\/www.gemiruo.com\/wp-content\/uploads\/2025\/05\/a_03-169x300.jpg 169w, https:\/\/www.gemiruo.com\/wp-content\/uploads\/2025\/05\/a_03-577x1024.jpg 577w, https:\/\/www.gemiruo.com\/wp-content\/uploads\/2025\/05\/a_03-768x1363.jpg 768w, https:\/\/www.gemiruo.com\/wp-content\/uploads\/2025\/05\/a_03-600x1065.jpg 600w\" sizes=\"(max-width: 790px) 100vw, 790px\" \/><br \/>\n<img loading=\"lazy\" decoding=\"async\" class=\"alignnone size-full wp-image-5600\" src=\"https:\/\/www.gemiruo.com\/wp-content\/uploads\/2025\/05\/a_04.jpg\" alt=\"\" width=\"790\" height=\"1273\" title=\"\" srcset=\"https:\/\/www.gemiruo.com\/wp-content\/uploads\/2025\/05\/a_04.jpg 790w, https:\/\/www.gemiruo.com\/wp-content\/uploads\/2025\/05\/a_04-186x300.jpg 186w, https:\/\/www.gemiruo.com\/wp-content\/uploads\/2025\/05\/a_04-635x1024.jpg 635w, https:\/\/www.gemiruo.com\/wp-content\/uploads\/2025\/05\/a_04-768x1238.jpg 768w, https:\/\/www.gemiruo.com\/wp-content\/uploads\/2025\/05\/a_04-600x967.jpg 600w\" sizes=\"(max-width: 790px) 100vw, 790px\" \/><br \/>\n<img loading=\"lazy\" decoding=\"async\" class=\"alignnone size-full wp-image-5601\" src=\"https:\/\/www.gemiruo.com\/wp-content\/uploads\/2025\/05\/a_05.jpg\" alt=\"\" width=\"790\" height=\"1259\" title=\"\" srcset=\"https:\/\/www.gemiruo.com\/wp-content\/uploads\/2025\/05\/a_05.jpg 790w, https:\/\/www.gemiruo.com\/wp-content\/uploads\/2025\/05\/a_05-188x300.jpg 188w, https:\/\/www.gemiruo.com\/wp-content\/uploads\/2025\/05\/a_05-643x1024.jpg 643w, https:\/\/www.gemiruo.com\/wp-content\/uploads\/2025\/05\/a_05-768x1224.jpg 768w, https:\/\/www.gemiruo.com\/wp-content\/uploads\/2025\/05\/a_05-600x956.jpg 600w\" sizes=\"(max-width: 790px) 100vw, 790px\" \/><br \/>\n<img loading=\"lazy\" decoding=\"async\" class=\"alignnone size-full wp-image-5602\" src=\"https:\/\/www.gemiruo.com\/wp-content\/uploads\/2025\/05\/a_06.jpg\" alt=\"\" width=\"790\" height=\"1821\" title=\"\" srcset=\"https:\/\/www.gemiruo.com\/wp-content\/uploads\/2025\/05\/a_06.jpg 790w, https:\/\/www.gemiruo.com\/wp-content\/uploads\/2025\/05\/a_06-130x300.jpg 130w, https:\/\/www.gemiruo.com\/wp-content\/uploads\/2025\/05\/a_06-444x1024.jpg 444w, https:\/\/www.gemiruo.com\/wp-content\/uploads\/2025\/05\/a_06-768x1770.jpg 768w, https:\/\/www.gemiruo.com\/wp-content\/uploads\/2025\/05\/a_06-666x1536.jpg 666w, https:\/\/www.gemiruo.com\/wp-content\/uploads\/2025\/05\/a_06-600x1383.jpg 600w\" sizes=\"(max-width: 790px) 100vw, 790px\" \/><br \/>\n<img loading=\"lazy\" decoding=\"async\" class=\"alignnone size-full wp-image-5603\" src=\"https:\/\/www.gemiruo.com\/wp-content\/uploads\/2025\/05\/a_07.jpg\" alt=\"\" width=\"790\" height=\"1273\" title=\"\" srcset=\"https:\/\/www.gemiruo.com\/wp-content\/uploads\/2025\/05\/a_07.jpg 790w, https:\/\/www.gemiruo.com\/wp-content\/uploads\/2025\/05\/a_07-186x300.jpg 186w, https:\/\/www.gemiruo.com\/wp-content\/uploads\/2025\/05\/a_07-635x1024.jpg 635w, https:\/\/www.gemiruo.com\/wp-content\/uploads\/2025\/05\/a_07-768x1238.jpg 768w, https:\/\/www.gemiruo.com\/wp-content\/uploads\/2025\/05\/a_07-600x967.jpg 600w\" sizes=\"(max-width: 790px) 100vw, 790px\" \/><br \/>\n<img loading=\"lazy\" decoding=\"async\" class=\"alignnone size-full wp-image-5604\" src=\"https:\/\/www.gemiruo.com\/wp-content\/uploads\/2025\/05\/a_08.jpg\" alt=\"\" width=\"790\" height=\"1273\" title=\"\" srcset=\"https:\/\/www.gemiruo.com\/wp-content\/uploads\/2025\/05\/a_08.jpg 790w, https:\/\/www.gemiruo.com\/wp-content\/uploads\/2025\/05\/a_08-186x300.jpg 186w, https:\/\/www.gemiruo.com\/wp-content\/uploads\/2025\/05\/a_08-635x1024.jpg 635w, https:\/\/www.gemiruo.com\/wp-content\/uploads\/2025\/05\/a_08-768x1238.jpg 768w, https:\/\/www.gemiruo.com\/wp-content\/uploads\/2025\/05\/a_08-600x967.jpg 600w\" sizes=\"(max-width: 790px) 100vw, 790px\" \/><br \/>\n<img loading=\"lazy\" decoding=\"async\" class=\"alignnone size-full wp-image-5605\" src=\"https:\/\/www.gemiruo.com\/wp-content\/uploads\/2025\/05\/a_09.jpg\" alt=\"\" width=\"790\" height=\"1740\" title=\"\" srcset=\"https:\/\/www.gemiruo.com\/wp-content\/uploads\/2025\/05\/a_09.jpg 790w, https:\/\/www.gemiruo.com\/wp-content\/uploads\/2025\/05\/a_09-136x300.jpg 136w, https:\/\/www.gemiruo.com\/wp-content\/uploads\/2025\/05\/a_09-465x1024.jpg 465w, https:\/\/www.gemiruo.com\/wp-content\/uploads\/2025\/05\/a_09-768x1692.jpg 768w, https:\/\/www.gemiruo.com\/wp-content\/uploads\/2025\/05\/a_09-697x1536.jpg 697w, https:\/\/www.gemiruo.com\/wp-content\/uploads\/2025\/05\/a_09-600x1322.jpg 600w\" sizes=\"(max-width: 790px) 100vw, 790px\" \/><br \/>\n<img loading=\"lazy\" decoding=\"async\" class=\"alignnone size-full wp-image-5606\" src=\"https:\/\/www.gemiruo.com\/wp-content\/uploads\/2025\/05\/a_10.jpg\" alt=\"\" width=\"790\" height=\"967\" title=\"\" srcset=\"https:\/\/www.gemiruo.com\/wp-content\/uploads\/2025\/05\/a_10.jpg 790w, https:\/\/www.gemiruo.com\/wp-content\/uploads\/2025\/05\/a_10-245x300.jpg 245w, https:\/\/www.gemiruo.com\/wp-content\/uploads\/2025\/05\/a_10-768x940.jpg 768w, https:\/\/www.gemiruo.com\/wp-content\/uploads\/2025\/05\/a_10-600x734.jpg 600w\" sizes=\"(max-width: 790px) 100vw, 790px\" \/><br \/>\n<img loading=\"lazy\" decoding=\"async\" class=\"alignnone size-full wp-image-5607\" src=\"https:\/\/www.gemiruo.com\/wp-content\/uploads\/2025\/05\/a_11.jpg\" alt=\"\" width=\"790\" height=\"948\" title=\"\" srcset=\"https:\/\/www.gemiruo.com\/wp-content\/uploads\/2025\/05\/a_11.jpg 790w, https:\/\/www.gemiruo.com\/wp-content\/uploads\/2025\/05\/a_11-250x300.jpg 250w, https:\/\/www.gemiruo.com\/wp-content\/uploads\/2025\/05\/a_11-768x922.jpg 768w, https:\/\/www.gemiruo.com\/wp-content\/uploads\/2025\/05\/a_11-600x720.jpg 600w\" sizes=\"(max-width: 790px) 100vw, 790px\" \/><br \/>\n<img loading=\"lazy\" decoding=\"async\" class=\"alignnone size-full wp-image-5608\" src=\"https:\/\/www.gemiruo.com\/wp-content\/uploads\/2025\/05\/a_13.jpg\" alt=\"\" width=\"790\" height=\"1317\" title=\"\" srcset=\"https:\/\/www.gemiruo.com\/wp-content\/uploads\/2025\/05\/a_13.jpg 790w, https:\/\/www.gemiruo.com\/wp-content\/uploads\/2025\/05\/a_13-180x300.jpg 180w, https:\/\/www.gemiruo.com\/wp-content\/uploads\/2025\/05\/a_13-614x1024.jpg 614w, https:\/\/www.gemiruo.com\/wp-content\/uploads\/2025\/05\/a_13-768x1280.jpg 768w, https:\/\/www.gemiruo.com\/wp-content\/uploads\/2025\/05\/a_13-600x1000.jpg 600w\" sizes=\"(max-width: 790px) 100vw, 790px\" \/><br \/>\n<img loading=\"lazy\" decoding=\"async\" class=\"alignnone size-full wp-image-5609\" src=\"https:\/\/www.gemiruo.com\/wp-content\/uploads\/2025\/05\/a_14.jpg\" alt=\"\" width=\"790\" height=\"1435\" title=\"\" srcset=\"https:\/\/www.gemiruo.com\/wp-content\/uploads\/2025\/05\/a_14.jpg 790w, https:\/\/www.gemiruo.com\/wp-content\/uploads\/2025\/05\/a_14-165x300.jpg 165w, https:\/\/www.gemiruo.com\/wp-content\/uploads\/2025\/05\/a_14-564x1024.jpg 564w, https:\/\/www.gemiruo.com\/wp-content\/uploads\/2025\/05\/a_14-768x1395.jpg 768w, https:\/\/www.gemiruo.com\/wp-content\/uploads\/2025\/05\/a_14-600x1090.jpg 600w\" sizes=\"(max-width: 790px) 100vw, 790px\" \/><br \/>\n<img loading=\"lazy\" decoding=\"async\" class=\"alignnone size-full wp-image-5610\" src=\"https:\/\/www.gemiruo.com\/wp-content\/uploads\/2025\/05\/a_15.jpg\" alt=\"\" width=\"790\" height=\"1016\" title=\"\" srcset=\"https:\/\/www.gemiruo.com\/wp-content\/uploads\/2025\/05\/a_15.jpg 790w, https:\/\/www.gemiruo.com\/wp-content\/uploads\/2025\/05\/a_15-233x300.jpg 233w, https:\/\/www.gemiruo.com\/wp-content\/uploads\/2025\/05\/a_15-768x988.jpg 768w, https:\/\/www.gemiruo.com\/wp-content\/uploads\/2025\/05\/a_15-600x772.jpg 600w\" sizes=\"(max-width: 790px) 100vw, 790px\" \/><br \/>\n<img loading=\"lazy\" decoding=\"async\" class=\"alignnone size-full wp-image-5611\" src=\"https:\/\/www.gemiruo.com\/wp-content\/uploads\/2025\/05\/a_16.jpg\" alt=\"\" width=\"790\" height=\"1000\" title=\"\" srcset=\"https:\/\/www.gemiruo.com\/wp-content\/uploads\/2025\/05\/a_16.jpg 790w, https:\/\/www.gemiruo.com\/wp-content\/uploads\/2025\/05\/a_16-237x300.jpg 237w, https:\/\/www.gemiruo.com\/wp-content\/uploads\/2025\/05\/a_16-768x972.jpg 768w, https:\/\/www.gemiruo.com\/wp-content\/uploads\/2025\/05\/a_16-600x759.jpg 600w\" sizes=\"(max-width: 790px) 100vw, 790px\" \/><br \/>\n<img loading=\"lazy\" decoding=\"async\" class=\"alignnone size-full wp-image-5612\" src=\"https:\/\/www.gemiruo.com\/wp-content\/uploads\/2025\/05\/a_17.jpg\" alt=\"\" width=\"790\" height=\"1118\" title=\"\" srcset=\"https:\/\/www.gemiruo.com\/wp-content\/uploads\/2025\/05\/a_17.jpg 790w, https:\/\/www.gemiruo.com\/wp-content\/uploads\/2025\/05\/a_17-212x300.jpg 212w, https:\/\/www.gemiruo.com\/wp-content\/uploads\/2025\/05\/a_17-724x1024.jpg 724w, https:\/\/www.gemiruo.com\/wp-content\/uploads\/2025\/05\/a_17-768x1087.jpg 768w, https:\/\/www.gemiruo.com\/wp-content\/uploads\/2025\/05\/a_17-600x849.jpg 600w\" sizes=\"(max-width: 790px) 100vw, 790px\" \/><br \/>\n<img loading=\"lazy\" decoding=\"async\" class=\"alignnone size-full wp-image-5613\" src=\"https:\/\/www.gemiruo.com\/wp-content\/uploads\/2025\/05\/a_18.jpg\" alt=\"\" width=\"790\" height=\"1120\" title=\"\" srcset=\"https:\/\/www.gemiruo.com\/wp-content\/uploads\/2025\/05\/a_18.jpg 790w, https:\/\/www.gemiruo.com\/wp-content\/uploads\/2025\/05\/a_18-212x300.jpg 212w, https:\/\/www.gemiruo.com\/wp-content\/uploads\/2025\/05\/a_18-722x1024.jpg 722w, https:\/\/www.gemiruo.com\/wp-content\/uploads\/2025\/05\/a_18-768x1089.jpg 768w, https:\/\/www.gemiruo.com\/wp-content\/uploads\/2025\/05\/a_18-600x851.jpg 600w\" sizes=\"(max-width: 790px) 100vw, 790px\" \/><br \/>\n<img loading=\"lazy\" decoding=\"async\" class=\"alignnone size-full wp-image-5614\" src=\"https:\/\/www.gemiruo.com\/wp-content\/uploads\/2025\/05\/a_19.jpg\" alt=\"\" width=\"790\" height=\"1421\" title=\"\" srcset=\"https:\/\/www.gemiruo.com\/wp-content\/uploads\/2025\/05\/a_19.jpg 790w, https:\/\/www.gemiruo.com\/wp-content\/uploads\/2025\/05\/a_19-167x300.jpg 167w, https:\/\/www.gemiruo.com\/wp-content\/uploads\/2025\/05\/a_19-569x1024.jpg 569w, https:\/\/www.gemiruo.com\/wp-content\/uploads\/2025\/05\/a_19-768x1381.jpg 768w, https:\/\/www.gemiruo.com\/wp-content\/uploads\/2025\/05\/a_19-600x1079.jpg 600w\" sizes=\"(max-width: 790px) 100vw, 790px\" \/><br \/>\n<img loading=\"lazy\" decoding=\"async\" class=\"alignnone size-full wp-image-5615\" src=\"https:\/\/www.gemiruo.com\/wp-content\/uploads\/2025\/05\/a_20.jpg\" alt=\"\" width=\"790\" height=\"1338\" title=\"\" srcset=\"https:\/\/www.gemiruo.com\/wp-content\/uploads\/2025\/05\/a_20.jpg 790w, https:\/\/www.gemiruo.com\/wp-content\/uploads\/2025\/05\/a_20-177x300.jpg 177w, https:\/\/www.gemiruo.com\/wp-content\/uploads\/2025\/05\/a_20-605x1024.jpg 605w, https:\/\/www.gemiruo.com\/wp-content\/uploads\/2025\/05\/a_20-768x1301.jpg 768w, https:\/\/www.gemiruo.com\/wp-content\/uploads\/2025\/05\/a_20-600x1016.jpg 600w\" sizes=\"(max-width: 790px) 100vw, 790px\" \/><br \/>\n<img loading=\"lazy\" decoding=\"async\" class=\"alignnone size-full wp-image-5616\" src=\"https:\/\/www.gemiruo.com\/wp-content\/uploads\/2025\/05\/a_21.jpg\" alt=\"\" width=\"790\" height=\"990\" title=\"\" srcset=\"https:\/\/www.gemiruo.com\/wp-content\/uploads\/2025\/05\/a_21.jpg 790w, https:\/\/www.gemiruo.com\/wp-content\/uploads\/2025\/05\/a_21-239x300.jpg 239w, https:\/\/www.gemiruo.com\/wp-content\/uploads\/2025\/05\/a_21-768x962.jpg 768w, https:\/\/www.gemiruo.com\/wp-content\/uploads\/2025\/05\/a_21-600x752.jpg 600w\" sizes=\"(max-width: 790px) 100vw, 790px\" \/><br \/>\n<img loading=\"lazy\" decoding=\"async\" class=\"alignnone size-full wp-image-5617\" src=\"https:\/\/www.gemiruo.com\/wp-content\/uploads\/2025\/05\/a_22.jpg\" alt=\"\" width=\"790\" height=\"824\" title=\"\" srcset=\"https:\/\/www.gemiruo.com\/wp-content\/uploads\/2025\/05\/a_22.jpg 790w, https:\/\/www.gemiruo.com\/wp-content\/uploads\/2025\/05\/a_22-288x300.jpg 288w, https:\/\/www.gemiruo.com\/wp-content\/uploads\/2025\/05\/a_22-768x801.jpg 768w, https:\/\/www.gemiruo.com\/wp-content\/uploads\/2025\/05\/a_22-600x626.jpg 600w\" sizes=\"(max-width: 790px) 100vw, 790px\" \/><br \/>\n<img loading=\"lazy\" decoding=\"async\" class=\"alignnone size-full wp-image-5618\" src=\"https:\/\/www.gemiruo.com\/wp-content\/uploads\/2025\/05\/a_23.jpg\" alt=\"\" width=\"790\" height=\"1396\" title=\"\" srcset=\"https:\/\/www.gemiruo.com\/wp-content\/uploads\/2025\/05\/a_23.jpg 790w, https:\/\/www.gemiruo.com\/wp-content\/uploads\/2025\/05\/a_23-170x300.jpg 170w, https:\/\/www.gemiruo.com\/wp-content\/uploads\/2025\/05\/a_23-579x1024.jpg 579w, https:\/\/www.gemiruo.com\/wp-content\/uploads\/2025\/05\/a_23-768x1357.jpg 768w, https:\/\/www.gemiruo.com\/wp-content\/uploads\/2025\/05\/a_23-600x1060.jpg 600w\" sizes=\"(max-width: 790px) 100vw, 790px\" \/><br \/>\n<img loading=\"lazy\" decoding=\"async\" class=\"alignnone size-full wp-image-5619\" src=\"https:\/\/www.gemiruo.com\/wp-content\/uploads\/2025\/05\/a_24.jpg\" alt=\"\" width=\"790\" height=\"832\" title=\"\" srcset=\"https:\/\/www.gemiruo.com\/wp-content\/uploads\/2025\/05\/a_24.jpg 790w, https:\/\/www.gemiruo.com\/wp-content\/uploads\/2025\/05\/a_24-285x300.jpg 285w, https:\/\/www.gemiruo.com\/wp-content\/uploads\/2025\/05\/a_24-768x809.jpg 768w, https:\/\/www.gemiruo.com\/wp-content\/uploads\/2025\/05\/a_24-600x632.jpg 600w\" sizes=\"(max-width: 790px) 100vw, 790px\" \/><br \/>\n<img loading=\"lazy\" decoding=\"async\" class=\"alignnone size-full wp-image-5620\" src=\"https:\/\/www.gemiruo.com\/wp-content\/uploads\/2025\/05\/a_25.jpg\" alt=\"\" width=\"790\" height=\"988\" title=\"\" srcset=\"https:\/\/www.gemiruo.com\/wp-content\/uploads\/2025\/05\/a_25.jpg 790w, https:\/\/www.gemiruo.com\/wp-content\/uploads\/2025\/05\/a_25-240x300.jpg 240w, https:\/\/www.gemiruo.com\/wp-content\/uploads\/2025\/05\/a_25-768x960.jpg 768w, https:\/\/www.gemiruo.com\/wp-content\/uploads\/2025\/05\/a_25-600x750.jpg 600w\" sizes=\"(max-width: 790px) 100vw, 790px\" \/><\/p>","protected":false},"excerpt":{"rendered":"<p>D13-dr\u00f6naren har en stor 5,6-tums fj\u00e4rrsk\u00e4rm och \u00e4r tillverkad av smidda kolmaterial f\u00f6r en l\u00e4tt och h\u00e5llbar flygkropp. Den \u00e4r utrustad med borstl\u00f6sa motorer och optisk fl\u00f6desh\u00e4vning, vilket ger stabil och kraftfull flygprestanda. Dess femv\u00e4gs system f\u00f6r att undvika hinder garanterar \u00f6kad s\u00e4kerhet under drift. Den dubbla kamerakonfigurationen inkluderar ett elektriskt justerbart objektiv som st\u00f6der portr\u00e4tt-, landskaps- och overhead-fotograferingsl\u00e4gen. Ytterligare intelligenta funktioner som banflygning och dynamisk cool belysning ger b\u00e5de kreativ m\u00e5ngsidighet och en engagerande flygupplevelse.<\/p>","protected":false},"featured_media":5584,"comment_status":"open","ping_status":"closed","template":"","meta":{"_uag_custom_page_level_css":"","site-sidebar-layout":"default","site-content-layout":"","ast-site-content-layout":"default","site-content-style":"default","site-sidebar-style":"default","ast-global-header-display":"","ast-banner-title-visibility":"","ast-main-header-display":"","ast-hfb-above-header-display":"","ast-hfb-below-header-display":"","ast-hfb-mobile-header-display":"","site-post-title":"","ast-breadcrumbs-content":"","ast-featured-img":"","footer-sml-layout":"","ast-disable-related-posts":"","theme-transparent-header-meta":"default","adv-header-id-meta":"","stick-header-meta":"default","header-above-stick-meta":"","header-main-stick-meta":"","header-below-stick-meta":"","astra-migrate-meta-layouts":"set","ast-page-background-enabled":"default","ast-page-background-meta":{"desktop":{"background-color":"var(--ast-global-color-4)","background-image":"","background-repeat":"repeat","background-position":"center center","background-size":"auto","background-attachment":"scroll","background-type":"","background-media":"","overlay-type":"","overlay-color":"","overlay-opacity":"","overlay-gradient":""},"tablet":{"background-color":"","background-image":"","background-repeat":"repeat","background-position":"center center","background-size":"auto","background-attachment":"scroll","background-type":"","background-media":"","overlay-type":"","overlay-color":"","overlay-opacity":"","overlay-gradient":""},"mobile":{"background-color":"","background-image":"","background-repeat":"repeat","background-position":"center center","background-size":"auto","background-attachment":"scroll","background-type":"","background-media":"","overlay-type":"","overlay-color":"","overlay-opacity":"","overlay-gradient":""}},"ast-content-background-meta":{"desktop":{"background-color":"var(--ast-global-color-5)","background-image":"","background-repeat":"repeat","background-position":"center center","background-size":"auto","background-attachment":"scroll","background-type":"","background-media":"","overlay-type":"","overlay-color":"","overlay-opacity":"","overlay-gradient":""},"tablet":{"background-color":"var(--ast-global-color-5)","background-image":"","background-repeat":"repeat","background-position":"center center","background-size":"auto","background-attachment":"scroll","background-type":"","background-media":"","overlay-type":"","overlay-color":"","overlay-opacity":"","overlay-gradient":""},"mobile":{"background-color":"var(--ast-global-color-5)","background-image":"","background-repeat":"repeat","background-position":"center center","background-size":"auto","background-attachment":"scroll","background-type":"","background-media":"","overlay-type":"","overlay-color":"","overlay-opacity":"","overlay-gradient":""}}},"product_brand":[],"product_cat":[17],"product_tag":[82,18,57,175,19,23,51,22],"class_list":{"0":"post-5583","1":"product","2":"type-product","3":"status-publish","4":"has-post-thumbnail","6":"product_cat-drone","7":"product_tag-5-6","8":"product_tag-camera-drone","9":"product_tag-cool-light","10":"product_tag-d13","11":"product_tag-drone","12":"product_tag-drone-toy","13":"product_tag-screen-control","14":"product_tag-toys","15":"desktop-align-left","16":"tablet-align-left","17":"mobile-align-left","18":"ast-product-gallery-layout-horizontal-slider","19":"ast-product-single-variable","20":"ast-product-tabs-layout-horizontal","21":"ast-qv-on-image","23":"first","24":"instock","25":"purchasable","26":"product-type-variable"},"uagb_featured_image_src":{"full":["https:\/\/www.gemiruo.com\/wp-content\/uploads\/2025\/05\/13.jpg",800,800,false],"thumbnail":["https:\/\/www.gemiruo.com\/wp-content\/uploads\/2025\/05\/13-150x150.jpg",150,150,true],"medium":["https:\/\/www.gemiruo.com\/wp-content\/uploads\/2025\/05\/13-300x300.jpg",300,300,true],"medium_large":["https:\/\/www.gemiruo.com\/wp-content\/uploads\/2025\/05\/13-768x768.jpg",768,768,true],"large":["https:\/\/www.gemiruo.com\/wp-content\/uploads\/2025\/05\/13.jpg",800,800,false],"1536x1536":["https:\/\/www.gemiruo.com\/wp-content\/uploads\/2025\/05\/13.jpg",800,800,false],"2048x2048":["https:\/\/www.gemiruo.com\/wp-content\/uploads\/2025\/05\/13.jpg",800,800,false],"trp-custom-language-flag":["https:\/\/www.gemiruo.com\/wp-content\/uploads\/2025\/05\/13.jpg",12,12,false],"mailpoet_newsletter_max":["https:\/\/www.gemiruo.com\/wp-content\/uploads\/2025\/05\/13.jpg",800,800,false],"woocommerce_thumbnail":["https:\/\/www.gemiruo.com\/wp-content\/uploads\/2025\/05\/13-300x300.jpg",300,300,true],"woocommerce_single":["https:\/\/www.gemiruo.com\/wp-content\/uploads\/2025\/05\/13-600x600.jpg",600,600,true],"woocommerce_gallery_thumbnail":["https:\/\/www.gemiruo.com\/wp-content\/uploads\/2025\/05\/13-100x100.jpg",100,100,true]},"uagb_author_info":{"display_name":"xie shiyong","author_link":"https:\/\/www.gemiruo.com\/sv\/author\/"},"uagb_comment_info":0,"uagb_excerpt":"The D13 drone features a large 5.6-inch remote screen and is constructed with forged carbon materials for a lightweight, durable airframe. Equipped with brushless motors and optical flow hovering, it delivers stable and powerful flight performance. Its five-way obstacle avoidance system ensures enhanced safety during operation. The dual-camera setup includes an electrically adjustable lens, supporting&hellip;","_links":{"self":[{"href":"https:\/\/www.gemiruo.com\/sv\/wp-json\/wp\/v2\/product\/5583","targetHints":{"allow":["GET"]}}],"collection":[{"href":"https:\/\/www.gemiruo.com\/sv\/wp-json\/wp\/v2\/product"}],"about":[{"href":"https:\/\/www.gemiruo.com\/sv\/wp-json\/wp\/v2\/types\/product"}],"replies":[{"embeddable":true,"href":"https:\/\/www.gemiruo.com\/sv\/wp-json\/wp\/v2\/comments?post=5583"}],"wp:featuredmedia":[{"embeddable":true,"href":"https:\/\/www.gemiruo.com\/sv\/wp-json\/wp\/v2\/media\/5584"}],"wp:attachment":[{"href":"https:\/\/www.gemiruo.com\/sv\/wp-json\/wp\/v2\/media?parent=5583"}],"wp:term":[{"taxonomy":"product_brand","embeddable":true,"href":"https:\/\/www.gemiruo.com\/sv\/wp-json\/wp\/v2\/product_brand?post=5583"},{"taxonomy":"product_cat","embeddable":true,"href":"https:\/\/www.gemiruo.com\/sv\/wp-json\/wp\/v2\/product_cat?post=5583"},{"taxonomy":"product_tag","embeddable":true,"href":"https:\/\/www.gemiruo.com\/sv\/wp-json\/wp\/v2\/product_tag?post=5583"}],"curies":[{"name":"wp","href":"https:\/\/api.w.org\/{rel}","templated":true}]}}