{"id":9935,"date":"2025-11-15T03:26:57","date_gmt":"2025-11-15T03:26:57","guid":{"rendered":"https:\/\/www.gemiruo.com\/?post_type=product&#038;p=9935"},"modified":"2025-12-08T14:34:40","modified_gmt":"2025-12-08T14:34:40","slug":"professional-gps-drone-4k-quadcopter-ae8","status":"publish","type":"product","link":"https:\/\/www.gemiruo.com\/it\/professional-gps-drone-4k-quadcopter-ae8\/","title":{"rendered":"Drone professionale GPS 4K HD Quadcopter AE8"},"content":{"rendered":"<iframe width=\"1200\" height=\"600\" src=\"https:\/\/www.youtube.com\/embed\/UVb3ZyMbJFg\"  frameborder=\"0\" allow=\"accelerometer; autoplay; clipboard-write; encrypted-media; gyroscope; picture-in-picture; web-share\" allowfullscreen><\/iframe>\n<p>L'AE8 \u00e8 un drone GPS professionale dotato di funzionalit\u00e0 4K HD e di un'estetica migliorata con luci accattivanti. \u00c8 dotato di uno schermo HD da 4,5 pollici sul telecomando e offre una trasmissione delle immagini in tempo reale 5G. Il drone vanta funzionalit\u00e0 GPS avanzate, tra cui il tracciamento intelligente, il volo stazionario e lo scatto di foto con gesti, oltre a caratteristiche di sicurezza complete come l'evitamento degli ostacoli a 360\u00b0 e diverse opzioni di ritorno. Inoltre, il suo posizionamento a doppia modalit\u00e0 e la lunga durata della batteria garantiscono prestazioni affidabili per varie attivit\u00e0 aeree.<\/p>\n<p><strong>Parametri del prodotto:<\/strong><\/p>\n<ul>\n<li>Peso: 313 g (compresa la batteria da 90 g)<\/li>\n<li>Batteria interna: batteria al litio da 7,4 V e 3400 mAh<\/li>\n<li>Resistenza: circa 25 minuti<\/li>\n<li>Segnale di controllo: trasmissione digitale delle immagini 5G<\/li>\n<li>Distanza di volo: circa 4000 metri<\/li>\n<li>Evitamento intelligente degli ostacoli a 360\u00b0<\/li>\n<li>GPS un tasto per il ritorno con un clic<\/li>\n<li>Ritorno intelligente GPS (ritorno per distanza, ritorno per batteria scarica, ritorno per fuga)<\/li>\n<\/ul>\n<p><img fetchpriority=\"high\" decoding=\"async\" src=\"https:\/\/www.gemiruo.com\/wp-content\/uploads\/2025\/11\/AE8\u5927\u5c4f_01.jpg\" alt=\"\" width=\"790\" height=\"1380\" class=\"alignnone size-full wp-image-9940\" title=\"\" srcset=\"https:\/\/www.gemiruo.com\/wp-content\/uploads\/2025\/11\/AE8\u5927\u5c4f_01.jpg 790w, https:\/\/www.gemiruo.com\/wp-content\/uploads\/2025\/11\/AE8\u5927\u5c4f_01-172x300.jpg 172w, https:\/\/www.gemiruo.com\/wp-content\/uploads\/2025\/11\/AE8\u5927\u5c4f_01-586x1024.jpg 586w, https:\/\/www.gemiruo.com\/wp-content\/uploads\/2025\/11\/AE8\u5927\u5c4f_01-768x1342.jpg 768w, https:\/\/www.gemiruo.com\/wp-content\/uploads\/2025\/11\/AE8\u5927\u5c4f_01-7x12.jpg 7w, https:\/\/www.gemiruo.com\/wp-content\/uploads\/2025\/11\/AE8\u5927\u5c4f_01-600x1048.jpg 600w\" sizes=\"(max-width: 790px) 100vw, 790px\" \/><br \/>\n<img decoding=\"async\" src=\"https:\/\/www.gemiruo.com\/wp-content\/uploads\/2025\/11\/AE8\u5927\u5c4f_02.jpg\" alt=\"\" width=\"790\" height=\"1380\" class=\"alignnone size-full wp-image-9941\" title=\"\" srcset=\"https:\/\/www.gemiruo.com\/wp-content\/uploads\/2025\/11\/AE8\u5927\u5c4f_02.jpg 790w, https:\/\/www.gemiruo.com\/wp-content\/uploads\/2025\/11\/AE8\u5927\u5c4f_02-172x300.jpg 172w, https:\/\/www.gemiruo.com\/wp-content\/uploads\/2025\/11\/AE8\u5927\u5c4f_02-586x1024.jpg 586w, https:\/\/www.gemiruo.com\/wp-content\/uploads\/2025\/11\/AE8\u5927\u5c4f_02-768x1342.jpg 768w, https:\/\/www.gemiruo.com\/wp-content\/uploads\/2025\/11\/AE8\u5927\u5c4f_02-7x12.jpg 7w, https:\/\/www.gemiruo.com\/wp-content\/uploads\/2025\/11\/AE8\u5927\u5c4f_02-600x1048.jpg 600w\" sizes=\"(max-width: 790px) 100vw, 790px\" \/><br \/>\n<img decoding=\"async\" src=\"https:\/\/www.gemiruo.com\/wp-content\/uploads\/2025\/11\/AE8\u5927\u5c4f_03.jpg\" alt=\"\" width=\"790\" height=\"1383\" class=\"alignnone size-full wp-image-9942\" title=\"\" srcset=\"https:\/\/www.gemiruo.com\/wp-content\/uploads\/2025\/11\/AE8\u5927\u5c4f_03.jpg 790w, https:\/\/www.gemiruo.com\/wp-content\/uploads\/2025\/11\/AE8\u5927\u5c4f_03-171x300.jpg 171w, https:\/\/www.gemiruo.com\/wp-content\/uploads\/2025\/11\/AE8\u5927\u5c4f_03-585x1024.jpg 585w, https:\/\/www.gemiruo.com\/wp-content\/uploads\/2025\/11\/AE8\u5927\u5c4f_03-768x1344.jpg 768w, https:\/\/www.gemiruo.com\/wp-content\/uploads\/2025\/11\/AE8\u5927\u5c4f_03-7x12.jpg 7w, https:\/\/www.gemiruo.com\/wp-content\/uploads\/2025\/11\/AE8\u5927\u5c4f_03-600x1050.jpg 600w\" sizes=\"(max-width: 790px) 100vw, 790px\" \/><br \/>\n<img loading=\"lazy\" decoding=\"async\" src=\"https:\/\/www.gemiruo.com\/wp-content\/uploads\/2025\/11\/AE8\u5927\u5c4f_04.jpg\" alt=\"\" width=\"790\" height=\"1383\" class=\"alignnone size-full wp-image-9943\" title=\"\" srcset=\"https:\/\/www.gemiruo.com\/wp-content\/uploads\/2025\/11\/AE8\u5927\u5c4f_04.jpg 790w, https:\/\/www.gemiruo.com\/wp-content\/uploads\/2025\/11\/AE8\u5927\u5c4f_04-171x300.jpg 171w, https:\/\/www.gemiruo.com\/wp-content\/uploads\/2025\/11\/AE8\u5927\u5c4f_04-585x1024.jpg 585w, https:\/\/www.gemiruo.com\/wp-content\/uploads\/2025\/11\/AE8\u5927\u5c4f_04-768x1344.jpg 768w, https:\/\/www.gemiruo.com\/wp-content\/uploads\/2025\/11\/AE8\u5927\u5c4f_04-7x12.jpg 7w, https:\/\/www.gemiruo.com\/wp-content\/uploads\/2025\/11\/AE8\u5927\u5c4f_04-600x1050.jpg 600w\" sizes=\"(max-width: 790px) 100vw, 790px\" \/><br \/>\n<img loading=\"lazy\" decoding=\"async\" src=\"https:\/\/www.gemiruo.com\/wp-content\/uploads\/2025\/11\/AE8\u5927\u5c4f_05.jpg\" alt=\"\" width=\"790\" height=\"1583\" class=\"alignnone size-full wp-image-9944\" title=\"\" srcset=\"https:\/\/www.gemiruo.com\/wp-content\/uploads\/2025\/11\/AE8\u5927\u5c4f_05.jpg 790w, https:\/\/www.gemiruo.com\/wp-content\/uploads\/2025\/11\/AE8\u5927\u5c4f_05-150x300.jpg 150w, https:\/\/www.gemiruo.com\/wp-content\/uploads\/2025\/11\/AE8\u5927\u5c4f_05-511x1024.jpg 511w, https:\/\/www.gemiruo.com\/wp-content\/uploads\/2025\/11\/AE8\u5927\u5c4f_05-768x1539.jpg 768w, https:\/\/www.gemiruo.com\/wp-content\/uploads\/2025\/11\/AE8\u5927\u5c4f_05-767x1536.jpg 767w, https:\/\/www.gemiruo.com\/wp-content\/uploads\/2025\/11\/AE8\u5927\u5c4f_05-6x12.jpg 6w, https:\/\/www.gemiruo.com\/wp-content\/uploads\/2025\/11\/AE8\u5927\u5c4f_05-600x1202.jpg 600w\" sizes=\"(max-width: 790px) 100vw, 790px\" \/><br \/>\n<img loading=\"lazy\" decoding=\"async\" src=\"https:\/\/www.gemiruo.com\/wp-content\/uploads\/2025\/11\/AE8\u5927\u5c4f_06.jpg\" alt=\"\" width=\"790\" height=\"1383\" class=\"alignnone size-full wp-image-9945\" title=\"\" srcset=\"https:\/\/www.gemiruo.com\/wp-content\/uploads\/2025\/11\/AE8\u5927\u5c4f_06.jpg 790w, https:\/\/www.gemiruo.com\/wp-content\/uploads\/2025\/11\/AE8\u5927\u5c4f_06-171x300.jpg 171w, https:\/\/www.gemiruo.com\/wp-content\/uploads\/2025\/11\/AE8\u5927\u5c4f_06-585x1024.jpg 585w, https:\/\/www.gemiruo.com\/wp-content\/uploads\/2025\/11\/AE8\u5927\u5c4f_06-768x1344.jpg 768w, https:\/\/www.gemiruo.com\/wp-content\/uploads\/2025\/11\/AE8\u5927\u5c4f_06-7x12.jpg 7w, https:\/\/www.gemiruo.com\/wp-content\/uploads\/2025\/11\/AE8\u5927\u5c4f_06-600x1050.jpg 600w\" sizes=\"(max-width: 790px) 100vw, 790px\" \/><br \/>\n<img loading=\"lazy\" decoding=\"async\" src=\"https:\/\/www.gemiruo.com\/wp-content\/uploads\/2025\/11\/AE8\u5927\u5c4f_07.jpg\" alt=\"\" width=\"790\" height=\"1383\" class=\"alignnone size-full wp-image-9946\" title=\"\" srcset=\"https:\/\/www.gemiruo.com\/wp-content\/uploads\/2025\/11\/AE8\u5927\u5c4f_07.jpg 790w, https:\/\/www.gemiruo.com\/wp-content\/uploads\/2025\/11\/AE8\u5927\u5c4f_07-171x300.jpg 171w, https:\/\/www.gemiruo.com\/wp-content\/uploads\/2025\/11\/AE8\u5927\u5c4f_07-585x1024.jpg 585w, https:\/\/www.gemiruo.com\/wp-content\/uploads\/2025\/11\/AE8\u5927\u5c4f_07-768x1344.jpg 768w, https:\/\/www.gemiruo.com\/wp-content\/uploads\/2025\/11\/AE8\u5927\u5c4f_07-7x12.jpg 7w, https:\/\/www.gemiruo.com\/wp-content\/uploads\/2025\/11\/AE8\u5927\u5c4f_07-600x1050.jpg 600w\" sizes=\"(max-width: 790px) 100vw, 790px\" \/><br \/>\n<img loading=\"lazy\" decoding=\"async\" src=\"https:\/\/www.gemiruo.com\/wp-content\/uploads\/2025\/11\/AE8\u5927\u5c4f_08.jpg\" alt=\"\" width=\"790\" height=\"1383\" class=\"alignnone size-full wp-image-9947\" title=\"\" srcset=\"https:\/\/www.gemiruo.com\/wp-content\/uploads\/2025\/11\/AE8\u5927\u5c4f_08.jpg 790w, https:\/\/www.gemiruo.com\/wp-content\/uploads\/2025\/11\/AE8\u5927\u5c4f_08-171x300.jpg 171w, https:\/\/www.gemiruo.com\/wp-content\/uploads\/2025\/11\/AE8\u5927\u5c4f_08-585x1024.jpg 585w, https:\/\/www.gemiruo.com\/wp-content\/uploads\/2025\/11\/AE8\u5927\u5c4f_08-768x1344.jpg 768w, https:\/\/www.gemiruo.com\/wp-content\/uploads\/2025\/11\/AE8\u5927\u5c4f_08-7x12.jpg 7w, https:\/\/www.gemiruo.com\/wp-content\/uploads\/2025\/11\/AE8\u5927\u5c4f_08-600x1050.jpg 600w\" sizes=\"(max-width: 790px) 100vw, 790px\" \/><br \/>\n<img loading=\"lazy\" decoding=\"async\" src=\"https:\/\/www.gemiruo.com\/wp-content\/uploads\/2025\/11\/AE8\u5927\u5c4f_09.jpg\" alt=\"\" width=\"790\" height=\"1383\" class=\"alignnone size-full wp-image-9948\" title=\"\" srcset=\"https:\/\/www.gemiruo.com\/wp-content\/uploads\/2025\/11\/AE8\u5927\u5c4f_09.jpg 790w, https:\/\/www.gemiruo.com\/wp-content\/uploads\/2025\/11\/AE8\u5927\u5c4f_09-171x300.jpg 171w, https:\/\/www.gemiruo.com\/wp-content\/uploads\/2025\/11\/AE8\u5927\u5c4f_09-585x1024.jpg 585w, https:\/\/www.gemiruo.com\/wp-content\/uploads\/2025\/11\/AE8\u5927\u5c4f_09-768x1344.jpg 768w, https:\/\/www.gemiruo.com\/wp-content\/uploads\/2025\/11\/AE8\u5927\u5c4f_09-7x12.jpg 7w, https:\/\/www.gemiruo.com\/wp-content\/uploads\/2025\/11\/AE8\u5927\u5c4f_09-600x1050.jpg 600w\" sizes=\"(max-width: 790px) 100vw, 790px\" \/><br \/>\n<img loading=\"lazy\" decoding=\"async\" src=\"https:\/\/www.gemiruo.com\/wp-content\/uploads\/2025\/11\/AE8\u5927\u5c4f_10.jpg\" alt=\"\" width=\"790\" height=\"1181\" class=\"alignnone size-full wp-image-9949\" title=\"\" srcset=\"https:\/\/www.gemiruo.com\/wp-content\/uploads\/2025\/11\/AE8\u5927\u5c4f_10.jpg 790w, https:\/\/www.gemiruo.com\/wp-content\/uploads\/2025\/11\/AE8\u5927\u5c4f_10-201x300.jpg 201w, https:\/\/www.gemiruo.com\/wp-content\/uploads\/2025\/11\/AE8\u5927\u5c4f_10-685x1024.jpg 685w, https:\/\/www.gemiruo.com\/wp-content\/uploads\/2025\/11\/AE8\u5927\u5c4f_10-768x1148.jpg 768w, https:\/\/www.gemiruo.com\/wp-content\/uploads\/2025\/11\/AE8\u5927\u5c4f_10-8x12.jpg 8w, https:\/\/www.gemiruo.com\/wp-content\/uploads\/2025\/11\/AE8\u5927\u5c4f_10-600x897.jpg 600w\" sizes=\"(max-width: 790px) 100vw, 790px\" \/><br \/>\n<img loading=\"lazy\" decoding=\"async\" src=\"https:\/\/www.gemiruo.com\/wp-content\/uploads\/2025\/11\/AE8\u5927\u5c4f_11.jpg\" alt=\"\" width=\"790\" height=\"1376\" class=\"alignnone size-full wp-image-9950\" title=\"\" srcset=\"https:\/\/www.gemiruo.com\/wp-content\/uploads\/2025\/11\/AE8\u5927\u5c4f_11.jpg 790w, https:\/\/www.gemiruo.com\/wp-content\/uploads\/2025\/11\/AE8\u5927\u5c4f_11-172x300.jpg 172w, https:\/\/www.gemiruo.com\/wp-content\/uploads\/2025\/11\/AE8\u5927\u5c4f_11-588x1024.jpg 588w, https:\/\/www.gemiruo.com\/wp-content\/uploads\/2025\/11\/AE8\u5927\u5c4f_11-768x1338.jpg 768w, https:\/\/www.gemiruo.com\/wp-content\/uploads\/2025\/11\/AE8\u5927\u5c4f_11-7x12.jpg 7w, https:\/\/www.gemiruo.com\/wp-content\/uploads\/2025\/11\/AE8\u5927\u5c4f_11-600x1045.jpg 600w\" sizes=\"(max-width: 790px) 100vw, 790px\" \/><br \/>\n<img loading=\"lazy\" decoding=\"async\" src=\"https:\/\/www.gemiruo.com\/wp-content\/uploads\/2025\/11\/AE8\u5927\u5c4f_12.jpg\" alt=\"\" width=\"790\" height=\"1376\" class=\"alignnone size-full wp-image-9951\" title=\"\" srcset=\"https:\/\/www.gemiruo.com\/wp-content\/uploads\/2025\/11\/AE8\u5927\u5c4f_12.jpg 790w, https:\/\/www.gemiruo.com\/wp-content\/uploads\/2025\/11\/AE8\u5927\u5c4f_12-172x300.jpg 172w, https:\/\/www.gemiruo.com\/wp-content\/uploads\/2025\/11\/AE8\u5927\u5c4f_12-588x1024.jpg 588w, https:\/\/www.gemiruo.com\/wp-content\/uploads\/2025\/11\/AE8\u5927\u5c4f_12-768x1338.jpg 768w, https:\/\/www.gemiruo.com\/wp-content\/uploads\/2025\/11\/AE8\u5927\u5c4f_12-7x12.jpg 7w, https:\/\/www.gemiruo.com\/wp-content\/uploads\/2025\/11\/AE8\u5927\u5c4f_12-600x1045.jpg 600w\" sizes=\"(max-width: 790px) 100vw, 790px\" \/><br \/>\n<img loading=\"lazy\" decoding=\"async\" src=\"https:\/\/www.gemiruo.com\/wp-content\/uploads\/2025\/11\/AE8\u5927\u5c4f_13.jpg\" alt=\"\" width=\"790\" height=\"1376\" class=\"alignnone size-full wp-image-9952\" title=\"\" srcset=\"https:\/\/www.gemiruo.com\/wp-content\/uploads\/2025\/11\/AE8\u5927\u5c4f_13.jpg 790w, https:\/\/www.gemiruo.com\/wp-content\/uploads\/2025\/11\/AE8\u5927\u5c4f_13-172x300.jpg 172w, https:\/\/www.gemiruo.com\/wp-content\/uploads\/2025\/11\/AE8\u5927\u5c4f_13-588x1024.jpg 588w, https:\/\/www.gemiruo.com\/wp-content\/uploads\/2025\/11\/AE8\u5927\u5c4f_13-768x1338.jpg 768w, https:\/\/www.gemiruo.com\/wp-content\/uploads\/2025\/11\/AE8\u5927\u5c4f_13-7x12.jpg 7w, https:\/\/www.gemiruo.com\/wp-content\/uploads\/2025\/11\/AE8\u5927\u5c4f_13-600x1045.jpg 600w\" sizes=\"(max-width: 790px) 100vw, 790px\" \/><br \/>\n<img loading=\"lazy\" decoding=\"async\" src=\"https:\/\/www.gemiruo.com\/wp-content\/uploads\/2025\/11\/AE8\u5927\u5c4f_14.jpg\" alt=\"\" width=\"790\" height=\"1376\" class=\"alignnone size-full wp-image-9953\" title=\"\" srcset=\"https:\/\/www.gemiruo.com\/wp-content\/uploads\/2025\/11\/AE8\u5927\u5c4f_14.jpg 790w, https:\/\/www.gemiruo.com\/wp-content\/uploads\/2025\/11\/AE8\u5927\u5c4f_14-172x300.jpg 172w, https:\/\/www.gemiruo.com\/wp-content\/uploads\/2025\/11\/AE8\u5927\u5c4f_14-588x1024.jpg 588w, https:\/\/www.gemiruo.com\/wp-content\/uploads\/2025\/11\/AE8\u5927\u5c4f_14-768x1338.jpg 768w, https:\/\/www.gemiruo.com\/wp-content\/uploads\/2025\/11\/AE8\u5927\u5c4f_14-7x12.jpg 7w, https:\/\/www.gemiruo.com\/wp-content\/uploads\/2025\/11\/AE8\u5927\u5c4f_14-600x1045.jpg 600w\" sizes=\"(max-width: 790px) 100vw, 790px\" \/><br \/>\n<img loading=\"lazy\" decoding=\"async\" src=\"https:\/\/www.gemiruo.com\/wp-content\/uploads\/2025\/11\/AE8\u5927\u5c4f_15.jpg\" alt=\"\" width=\"790\" height=\"1452\" class=\"alignnone size-full wp-image-9954\" title=\"\" srcset=\"https:\/\/www.gemiruo.com\/wp-content\/uploads\/2025\/11\/AE8\u5927\u5c4f_15.jpg 790w, https:\/\/www.gemiruo.com\/wp-content\/uploads\/2025\/11\/AE8\u5927\u5c4f_15-163x300.jpg 163w, https:\/\/www.gemiruo.com\/wp-content\/uploads\/2025\/11\/AE8\u5927\u5c4f_15-557x1024.jpg 557w, https:\/\/www.gemiruo.com\/wp-content\/uploads\/2025\/11\/AE8\u5927\u5c4f_15-768x1412.jpg 768w, https:\/\/www.gemiruo.com\/wp-content\/uploads\/2025\/11\/AE8\u5927\u5c4f_15-7x12.jpg 7w, https:\/\/www.gemiruo.com\/wp-content\/uploads\/2025\/11\/AE8\u5927\u5c4f_15-600x1103.jpg 600w\" sizes=\"(max-width: 790px) 100vw, 790px\" \/><br \/>\n<img loading=\"lazy\" decoding=\"async\" src=\"https:\/\/www.gemiruo.com\/wp-content\/uploads\/2025\/11\/AE8\u5927\u5c4f_16.jpg\" alt=\"\" width=\"790\" height=\"1018\" class=\"alignnone size-full wp-image-9955\" title=\"\" srcset=\"https:\/\/www.gemiruo.com\/wp-content\/uploads\/2025\/11\/AE8\u5927\u5c4f_16.jpg 790w, https:\/\/www.gemiruo.com\/wp-content\/uploads\/2025\/11\/AE8\u5927\u5c4f_16-233x300.jpg 233w, https:\/\/www.gemiruo.com\/wp-content\/uploads\/2025\/11\/AE8\u5927\u5c4f_16-768x990.jpg 768w, https:\/\/www.gemiruo.com\/wp-content\/uploads\/2025\/11\/AE8\u5927\u5c4f_16-9x12.jpg 9w, https:\/\/www.gemiruo.com\/wp-content\/uploads\/2025\/11\/AE8\u5927\u5c4f_16-600x773.jpg 600w\" sizes=\"(max-width: 790px) 100vw, 790px\" \/><br \/>\n<img loading=\"lazy\" decoding=\"async\" src=\"https:\/\/www.gemiruo.com\/wp-content\/uploads\/2025\/11\/AE8\u5927\u5c4f_17.jpg\" alt=\"\" width=\"790\" height=\"1173\" class=\"alignnone size-full wp-image-9956\" title=\"\" srcset=\"https:\/\/www.gemiruo.com\/wp-content\/uploads\/2025\/11\/AE8\u5927\u5c4f_17.jpg 790w, https:\/\/www.gemiruo.com\/wp-content\/uploads\/2025\/11\/AE8\u5927\u5c4f_17-202x300.jpg 202w, https:\/\/www.gemiruo.com\/wp-content\/uploads\/2025\/11\/AE8\u5927\u5c4f_17-690x1024.jpg 690w, https:\/\/www.gemiruo.com\/wp-content\/uploads\/2025\/11\/AE8\u5927\u5c4f_17-768x1140.jpg 768w, https:\/\/www.gemiruo.com\/wp-content\/uploads\/2025\/11\/AE8\u5927\u5c4f_17-8x12.jpg 8w, https:\/\/www.gemiruo.com\/wp-content\/uploads\/2025\/11\/AE8\u5927\u5c4f_17-600x891.jpg 600w\" sizes=\"(max-width: 790px) 100vw, 790px\" \/><br \/>\n<img loading=\"lazy\" decoding=\"async\" src=\"https:\/\/www.gemiruo.com\/wp-content\/uploads\/2025\/11\/AE8\u5927\u5c4f_18.jpg\" alt=\"\" width=\"790\" height=\"929\" class=\"alignnone size-full wp-image-9957\" title=\"\" srcset=\"https:\/\/www.gemiruo.com\/wp-content\/uploads\/2025\/11\/AE8\u5927\u5c4f_18.jpg 790w, https:\/\/www.gemiruo.com\/wp-content\/uploads\/2025\/11\/AE8\u5927\u5c4f_18-255x300.jpg 255w, https:\/\/www.gemiruo.com\/wp-content\/uploads\/2025\/11\/AE8\u5927\u5c4f_18-768x903.jpg 768w, https:\/\/www.gemiruo.com\/wp-content\/uploads\/2025\/11\/AE8\u5927\u5c4f_18-10x12.jpg 10w, https:\/\/www.gemiruo.com\/wp-content\/uploads\/2025\/11\/AE8\u5927\u5c4f_18-600x706.jpg 600w\" sizes=\"(max-width: 790px) 100vw, 790px\" \/><br \/>\n<img loading=\"lazy\" decoding=\"async\" src=\"https:\/\/www.gemiruo.com\/wp-content\/uploads\/2025\/11\/AE8\u5927\u5c4f_19.jpg\" alt=\"\" width=\"790\" height=\"1221\" class=\"alignnone size-full wp-image-9958\" title=\"\" srcset=\"https:\/\/www.gemiruo.com\/wp-content\/uploads\/2025\/11\/AE8\u5927\u5c4f_19.jpg 790w, https:\/\/www.gemiruo.com\/wp-content\/uploads\/2025\/11\/AE8\u5927\u5c4f_19-194x300.jpg 194w, https:\/\/www.gemiruo.com\/wp-content\/uploads\/2025\/11\/AE8\u5927\u5c4f_19-663x1024.jpg 663w, https:\/\/www.gemiruo.com\/wp-content\/uploads\/2025\/11\/AE8\u5927\u5c4f_19-768x1187.jpg 768w, https:\/\/www.gemiruo.com\/wp-content\/uploads\/2025\/11\/AE8\u5927\u5c4f_19-8x12.jpg 8w, https:\/\/www.gemiruo.com\/wp-content\/uploads\/2025\/11\/AE8\u5927\u5c4f_19-600x927.jpg 600w\" sizes=\"(max-width: 790px) 100vw, 790px\" \/><br \/>\n<img loading=\"lazy\" decoding=\"async\" src=\"https:\/\/www.gemiruo.com\/wp-content\/uploads\/2025\/11\/AE8\u5927\u5c4f_20.jpg\" alt=\"\" width=\"790\" height=\"1229\" class=\"alignnone size-full wp-image-9959\" title=\"\" srcset=\"https:\/\/www.gemiruo.com\/wp-content\/uploads\/2025\/11\/AE8\u5927\u5c4f_20.jpg 790w, https:\/\/www.gemiruo.com\/wp-content\/uploads\/2025\/11\/AE8\u5927\u5c4f_20-193x300.jpg 193w, https:\/\/www.gemiruo.com\/wp-content\/uploads\/2025\/11\/AE8\u5927\u5c4f_20-658x1024.jpg 658w, https:\/\/www.gemiruo.com\/wp-content\/uploads\/2025\/11\/AE8\u5927\u5c4f_20-768x1195.jpg 768w, https:\/\/www.gemiruo.com\/wp-content\/uploads\/2025\/11\/AE8\u5927\u5c4f_20-8x12.jpg 8w, https:\/\/www.gemiruo.com\/wp-content\/uploads\/2025\/11\/AE8\u5927\u5c4f_20-600x933.jpg 600w\" sizes=\"(max-width: 790px) 100vw, 790px\" \/><\/p>","protected":false},"excerpt":{"rendered":"<p>L'AE8 \u00e8 un drone GPS professionale dotato di funzionalit\u00e0 4K HD e di un'estetica migliorata con luci accattivanti. \u00c8 dotato di uno schermo HD da 4,5 pollici sul telecomando e offre una trasmissione delle immagini in tempo reale 5G. Il drone vanta funzionalit\u00e0 GPS avanzate, tra cui il tracciamento intelligente, il volo stazionario e lo scatto di foto con gesti, oltre a caratteristiche di sicurezza complete come l'evitamento degli ostacoli a 360\u00b0 e diverse opzioni di ritorno. Inoltre, il suo posizionamento a doppia modalit\u00e0 e la lunga durata della batteria garantiscono prestazioni affidabili per varie attivit\u00e0 aeree.<\/p>","protected":false},"featured_media":9974,"comment_status":"open","ping_status":"closed","template":"","meta":{"_uag_custom_page_level_css":"","site-sidebar-layout":"default","site-content-layout":"","ast-site-content-layout":"default","site-content-style":"default","site-sidebar-style":"default","ast-global-header-display":"","ast-banner-title-visibility":"","ast-main-header-display":"","ast-hfb-above-header-display":"","ast-hfb-below-header-display":"","ast-hfb-mobile-header-display":"","site-post-title":"","ast-breadcrumbs-content":"","ast-featured-img":"","footer-sml-layout":"","ast-disable-related-posts":"","theme-transparent-header-meta":"default","adv-header-id-meta":"","stick-header-meta":"default","header-above-stick-meta":"","header-main-stick-meta":"","header-below-stick-meta":"","astra-migrate-meta-layouts":"set","ast-page-background-enabled":"default","ast-page-background-meta":{"desktop":{"background-color":"var(--ast-global-color-4)","background-image":"","background-repeat":"repeat","background-position":"center center","background-size":"auto","background-attachment":"scroll","background-type":"","background-media":"","overlay-type":"","overlay-color":"","overlay-opacity":"","overlay-gradient":""},"tablet":{"background-color":"","background-image":"","background-repeat":"repeat","background-position":"center center","background-size":"auto","background-attachment":"scroll","background-type":"","background-media":"","overlay-type":"","overlay-color":"","overlay-opacity":"","overlay-gradient":""},"mobile":{"background-color":"","background-image":"","background-repeat":"repeat","background-position":"center center","background-size":"auto","background-attachment":"scroll","background-type":"","background-media":"","overlay-type":"","overlay-color":"","overlay-opacity":"","overlay-gradient":""}},"ast-content-background-meta":{"desktop":{"background-color":"var(--ast-global-color-5)","background-image":"","background-repeat":"repeat","background-position":"center center","background-size":"auto","background-attachment":"scroll","background-type":"","background-media":"","overlay-type":"","overlay-color":"","overlay-opacity":"","overlay-gradient":""},"tablet":{"background-color":"var(--ast-global-color-5)","background-image":"","background-repeat":"repeat","background-position":"center center","background-size":"auto","background-attachment":"scroll","background-type":"","background-media":"","overlay-type":"","overlay-color":"","overlay-opacity":"","overlay-gradient":""},"mobile":{"background-color":"var(--ast-global-color-5)","background-image":"","background-repeat":"repeat","background-position":"center center","background-size":"auto","background-attachment":"scroll","background-type":"","background-media":"","overlay-type":"","overlay-color":"","overlay-opacity":"","overlay-gradient":""}}},"product_brand":[],"product_cat":[17],"product_tag":[62,42,142,57,109,102,41],"class_list":{"0":"post-9935","1":"product","2":"type-product","3":"status-publish","4":"has-post-thumbnail","6":"product_cat-drone","7":"product_tag-4-5","8":"product_tag-5g","9":"product_tag-ae8","10":"product_tag-cool-light","11":"product_tag-gps-drone","12":"product_tag-one-key-return","13":"product_tag-professional-drone","14":"desktop-align-left","15":"tablet-align-left","16":"mobile-align-left","17":"ast-product-gallery-layout-horizontal-slider","18":"ast-product-single-variable","19":"ast-product-tabs-layout-horizontal","20":"ast-qv-on-image","22":"first","23":"instock","24":"purchasable","25":"product-type-variable"},"uagb_featured_image_src":{"full":["https:\/\/www.gemiruo.com\/wp-content\/uploads\/2025\/11\/8-12.jpg",800,800,false],"thumbnail":["https:\/\/www.gemiruo.com\/wp-content\/uploads\/2025\/11\/8-12-150x150.jpg",150,150,true],"medium":["https:\/\/www.gemiruo.com\/wp-content\/uploads\/2025\/11\/8-12-300x300.jpg",300,300,true],"medium_large":["https:\/\/www.gemiruo.com\/wp-content\/uploads\/2025\/11\/8-12-768x768.jpg",768,768,true],"large":["https:\/\/www.gemiruo.com\/wp-content\/uploads\/2025\/11\/8-12.jpg",800,800,false],"1536x1536":["https:\/\/www.gemiruo.com\/wp-content\/uploads\/2025\/11\/8-12.jpg",800,800,false],"2048x2048":["https:\/\/www.gemiruo.com\/wp-content\/uploads\/2025\/11\/8-12.jpg",800,800,false],"trp-custom-language-flag":["https:\/\/www.gemiruo.com\/wp-content\/uploads\/2025\/11\/8-12-12x12.jpg",12,12,true],"mailpoet_newsletter_max":["https:\/\/www.gemiruo.com\/wp-content\/uploads\/2025\/11\/8-12.jpg",800,800,false],"woocommerce_thumbnail":["https:\/\/www.gemiruo.com\/wp-content\/uploads\/2025\/11\/8-12-300x300.jpg",300,300,true],"woocommerce_single":["https:\/\/www.gemiruo.com\/wp-content\/uploads\/2025\/11\/8-12-600x600.jpg",600,600,true],"woocommerce_gallery_thumbnail":["https:\/\/www.gemiruo.com\/wp-content\/uploads\/2025\/11\/8-12-100x100.jpg",100,100,true]},"uagb_author_info":{"display_name":"xie shiyong","author_link":"https:\/\/www.gemiruo.com\/it\/author\/"},"uagb_comment_info":0,"uagb_excerpt":"The AE8 is a professional GPS drone featuring 4K HD capability and enhanced visual aesthetics with cool lighting. It is equipped with a 4.5-inch HD remote control screen and offers 5G real-time image transmission. The drone boasts advanced GPS functionalities, including intelligent following, hovering flight, and gesture photo taking, along with comprehensive safety features such&hellip;","_links":{"self":[{"href":"https:\/\/www.gemiruo.com\/it\/wp-json\/wp\/v2\/product\/9935","targetHints":{"allow":["GET"]}}],"collection":[{"href":"https:\/\/www.gemiruo.com\/it\/wp-json\/wp\/v2\/product"}],"about":[{"href":"https:\/\/www.gemiruo.com\/it\/wp-json\/wp\/v2\/types\/product"}],"replies":[{"embeddable":true,"href":"https:\/\/www.gemiruo.com\/it\/wp-json\/wp\/v2\/comments?post=9935"}],"wp:featuredmedia":[{"embeddable":true,"href":"https:\/\/www.gemiruo.com\/it\/wp-json\/wp\/v2\/media\/9974"}],"wp:attachment":[{"href":"https:\/\/www.gemiruo.com\/it\/wp-json\/wp\/v2\/media?parent=9935"}],"wp:term":[{"taxonomy":"product_brand","embeddable":true,"href":"https:\/\/www.gemiruo.com\/it\/wp-json\/wp\/v2\/product_brand?post=9935"},{"taxonomy":"product_cat","embeddable":true,"href":"https:\/\/www.gemiruo.com\/it\/wp-json\/wp\/v2\/product_cat?post=9935"},{"taxonomy":"product_tag","embeddable":true,"href":"https:\/\/www.gemiruo.com\/it\/wp-json\/wp\/v2\/product_tag?post=9935"}],"curies":[{"name":"wp","href":"https:\/\/api.w.org\/{rel}","templated":true}]}}