{"id":7868,"date":"2025-08-21T13:56:26","date_gmt":"2025-08-21T13:56:26","guid":{"rendered":"https:\/\/www.gemiruo.com\/?post_type=product&#038;p=7868"},"modified":"2025-12-09T05:33:05","modified_gmt":"2025-12-09T05:33:05","slug":"vr-helmet-drone-camera-aircraft-toy-x226vr","status":"publish","type":"product","link":"https:\/\/www.gemiruo.com\/it\/vr-helmet-drone-camera-aircraft-toy-x226vr\/","title":{"rendered":"Nuovo drone giocattolo con telecamera VR integrata X226VR"},"content":{"rendered":"<iframe width=\"1200\" height=\"600\" src=\"https:\/\/www.youtube.com\/embed\/VVPfgNKUmR0\"  frameborder=\"0\" allow=\"accelerometer; autoplay; clipboard-write; encrypted-media; gyroscope; picture-in-picture; web-share\" allowfullscreen><\/iframe>\n<p>Il nuovo mini drone X226VR, un sofisticato giocattolo volante progettato per esperienze aeree migliorate. Questo drone innovativo \u00e8 dotato di uno schermo integrato ed \u00e8 alimentato da un motore brushless, che garantisce prestazioni e stabilit\u00e0 superiori. Dotato di un casco VR e di una telecamera regolabile elettricamente, offre la possibilit\u00e0 di passare da una telecamera all'altra e una funzione di altezza fissa che utilizza la tecnologia del flusso ottico. Altre funzionalit\u00e0 includono il cambio di velocit\u00e0, la modalit\u00e0 headless, un giroscopio a sei vie e la possibilit\u00e0 di eseguire manovre di rotazione. <\/p>\n<p><strong>Parametri del prodotto:<\/strong><\/p>\n<ul>\n<li>Peso: 176 g (compresa la batteria da 41 g)<\/li>\n<li>Batteria corpo: 3,7V 1800mAH<\/li>\n<li>Tempo di volo: circa 13 minuti<\/li>\n<li>Tempo di ricarica: circa 60 minuti<\/li>\n<li>Distanza del telecomando: circa 120 metri<\/li>\n<\/ul>\n<p><img fetchpriority=\"high\" decoding=\"async\" src=\"http:\/\/www.gemiruo.com\/wp-content\/uploads\/2025\/08\/\u8be6\u60c5yw_01.jpg\" alt=\"\" width=\"790\" height=\"1558\" title=\"\"><br \/>\n<img decoding=\"async\" src=\"http:\/\/www.gemiruo.com\/wp-content\/uploads\/2025\/08\/\u8be6\u60c5yw_02.jpg\" alt=\"\" width=\"790\" height=\"1551\" title=\"\"><br \/>\n<img decoding=\"async\" src=\"http:\/\/www.gemiruo.com\/wp-content\/uploads\/2025\/08\/\u8be6\u60c5yw_03.jpg\" alt=\"\" width=\"790\" height=\"1418\" title=\"\"><br \/>\n<img loading=\"lazy\" decoding=\"async\" src=\"http:\/\/www.gemiruo.com\/wp-content\/uploads\/2025\/08\/\u8be6\u60c5yw_04.jpg\" alt=\"\" width=\"790\" height=\"792\" title=\"\"><br \/>\n<img loading=\"lazy\" decoding=\"async\" src=\"http:\/\/www.gemiruo.com\/wp-content\/uploads\/2025\/08\/\u8be6\u60c5yw_05.jpg\" alt=\"\" width=\"790\" height=\"1075\" title=\"\"><br \/>\n<img loading=\"lazy\" decoding=\"async\" src=\"http:\/\/www.gemiruo.com\/wp-content\/uploads\/2025\/08\/\u8be6\u60c5yw_06.jpg\" alt=\"\" width=\"790\" height=\"1070\" title=\"\"><br \/>\n<img loading=\"lazy\" decoding=\"async\" src=\"http:\/\/www.gemiruo.com\/wp-content\/uploads\/2025\/08\/\u8be6\u60c5yw_07.jpg\" alt=\"\" width=\"790\" height=\"1044\" title=\"\"><br \/>\n<img loading=\"lazy\" decoding=\"async\" src=\"http:\/\/www.gemiruo.com\/wp-content\/uploads\/2025\/08\/\u8be6\u60c5yw_08.jpg\" alt=\"\" width=\"790\" height=\"1027\" title=\"\"><br \/>\n<img loading=\"lazy\" decoding=\"async\" src=\"http:\/\/www.gemiruo.com\/wp-content\/uploads\/2025\/08\/\u8be6\u60c5yw_09.jpg\" alt=\"\" width=\"790\" height=\"1134\" title=\"\"><br \/>\n<img loading=\"lazy\" decoding=\"async\" src=\"http:\/\/www.gemiruo.com\/wp-content\/uploads\/2025\/08\/\u8be6\u60c5yw_10.jpg\" alt=\"\" width=\"790\" height=\"1366\" title=\"\"><br \/>\n<img loading=\"lazy\" decoding=\"async\" src=\"http:\/\/www.gemiruo.com\/wp-content\/uploads\/2025\/08\/\u8be6\u60c5yw_11.jpg\" alt=\"\" width=\"790\" height=\"1402\" title=\"\"><br \/>\n<img loading=\"lazy\" decoding=\"async\" src=\"http:\/\/www.gemiruo.com\/wp-content\/uploads\/2025\/08\/\u8be6\u60c5yw_12.jpg\" alt=\"\" width=\"790\" height=\"1037\" title=\"\"><br \/>\n<img loading=\"lazy\" decoding=\"async\" src=\"http:\/\/www.gemiruo.com\/wp-content\/uploads\/2025\/08\/\u8be6\u60c5yw_13.jpg\" alt=\"\" width=\"790\" height=\"876\" title=\"\"><br \/>\n<img loading=\"lazy\" decoding=\"async\" src=\"http:\/\/www.gemiruo.com\/wp-content\/uploads\/2025\/08\/\u8be6\u60c5yw_14.jpg\" alt=\"\" width=\"790\" height=\"1504\" title=\"\"><br \/>\n<img loading=\"lazy\" decoding=\"async\" src=\"http:\/\/www.gemiruo.com\/wp-content\/uploads\/2025\/08\/\u8be6\u60c5yw_15.jpg\" alt=\"\" width=\"790\" height=\"1244\" title=\"\"><br \/>\n<img loading=\"lazy\" decoding=\"async\" src=\"http:\/\/www.gemiruo.com\/wp-content\/uploads\/2025\/08\/\u8be6\u60c5yw_16.jpg\" alt=\"\" width=\"790\" height=\"1400\" title=\"\"><br \/>\n<img loading=\"lazy\" decoding=\"async\" src=\"http:\/\/www.gemiruo.com\/wp-content\/uploads\/2025\/08\/\u8be6\u60c5yw_17.jpg\" alt=\"\" width=\"790\" height=\"617\" title=\"\"><br \/>\n<img loading=\"lazy\" decoding=\"async\" src=\"http:\/\/www.gemiruo.com\/wp-content\/uploads\/2025\/08\/\u8be6\u60c5yw_18.jpg\" alt=\"\" width=\"790\" height=\"1141\" title=\"\"><\/p>","protected":false},"excerpt":{"rendered":"<p>Mini drone X226VR, un sofisticato giocattolo volante progettato per esperienze aeree migliorate. Questo drone innovativo \u00e8 dotato di uno schermo integrato ed \u00e8 alimentato da un motore brushless, che garantisce prestazioni e stabilit\u00e0 superiori. Dotato di un casco VR e di una telecamera regolabile elettricamente, offre la possibilit\u00e0 di passare da una telecamera all'altra e una funzione di altezza fissa che utilizza la tecnologia del flusso ottico. Altre funzionalit\u00e0 includono il cambio di velocit\u00e0, la modalit\u00e0 headless, un giroscopio a sei vie e la possibilit\u00e0 di eseguire manovre di rotazione. <\/p>\n<p>Parametri del prodotto:<br \/>\nPeso: 176 g (compresa la batteria da 41 g)<br \/>\nBatteria corpo: 3,7V 1800mAH<br \/>\nTempo di volo: circa 13 minuti<br \/>\nTempo di ricarica: circa 60 minuti<br \/>\nDistanza del telecomando: circa 120 metri<\/p>","protected":false},"featured_media":7893,"comment_status":"closed","ping_status":"closed","template":"","meta":{"_uag_custom_page_level_css":"","site-sidebar-layout":"default","site-content-layout":"","ast-site-content-layout":"default","site-content-style":"default","site-sidebar-style":"default","ast-global-header-display":"","ast-banner-title-visibility":"","ast-main-header-display":"","ast-hfb-above-header-display":"","ast-hfb-below-header-display":"","ast-hfb-mobile-header-display":"","site-post-title":"","ast-breadcrumbs-content":"","ast-featured-img":"","footer-sml-layout":"","ast-disable-related-posts":"","theme-transparent-header-meta":"default","adv-header-id-meta":"","stick-header-meta":"default","header-above-stick-meta":"","header-main-stick-meta":"","header-below-stick-meta":"","astra-migrate-meta-layouts":"set","ast-page-background-enabled":"default","ast-page-background-meta":{"desktop":{"background-color":"var(--ast-global-color-4)","background-image":"","background-repeat":"repeat","background-position":"center center","background-size":"auto","background-attachment":"scroll","background-type":"","background-media":"","overlay-type":"","overlay-color":"","overlay-opacity":"","overlay-gradient":""},"tablet":{"background-color":"","background-image":"","background-repeat":"repeat","background-position":"center center","background-size":"auto","background-attachment":"scroll","background-type":"","background-media":"","overlay-type":"","overlay-color":"","overlay-opacity":"","overlay-gradient":""},"mobile":{"background-color":"","background-image":"","background-repeat":"repeat","background-position":"center center","background-size":"auto","background-attachment":"scroll","background-type":"","background-media":"","overlay-type":"","overlay-color":"","overlay-opacity":"","overlay-gradient":""}},"ast-content-background-meta":{"desktop":{"background-color":"var(--ast-global-color-5)","background-image":"","background-repeat":"repeat","background-position":"center center","background-size":"auto","background-attachment":"scroll","background-type":"","background-media":"","overlay-type":"","overlay-color":"","overlay-opacity":"","overlay-gradient":""},"tablet":{"background-color":"var(--ast-global-color-5)","background-image":"","background-repeat":"repeat","background-position":"center center","background-size":"auto","background-attachment":"scroll","background-type":"","background-media":"","overlay-type":"","overlay-color":"","overlay-opacity":"","overlay-gradient":""},"mobile":{"background-color":"var(--ast-global-color-5)","background-image":"","background-repeat":"repeat","background-position":"center center","background-size":"auto","background-attachment":"scroll","background-type":"","background-media":"","overlay-type":"","overlay-color":"","overlay-opacity":"","overlay-gradient":""}}},"product_brand":[],"product_cat":[17],"product_tag":[40,66,20,25,124,151],"class_list":{"0":"post-7868","1":"product","2":"type-product","3":"status-publish","4":"has-post-thumbnail","6":"product_cat-drone","7":"product_tag-optical-flow","8":"product_tag-protect","9":"product_tag-quadcopter","10":"product_tag-toy","11":"product_tag-vr-helmet","12":"product_tag-x226vr","13":"desktop-align-left","14":"tablet-align-left","15":"mobile-align-left","16":"ast-product-gallery-layout-horizontal-slider","17":"ast-product-single-variable","18":"ast-product-tabs-layout-horizontal","19":"ast-qv-on-image","21":"first","22":"instock","23":"purchasable","24":"product-type-variable"},"uagb_featured_image_src":{"full":["https:\/\/www.gemiruo.com\/wp-content\/uploads\/2025\/08\/O1CN012tl1361j1Yb8jXxlT_2215468414488-0-cib_\u526f\u672c.jpg",800,800,false],"thumbnail":["https:\/\/www.gemiruo.com\/wp-content\/uploads\/2025\/08\/O1CN012tl1361j1Yb8jXxlT_2215468414488-0-cib_\u526f\u672c-150x150.jpg",150,150,true],"medium":["https:\/\/www.gemiruo.com\/wp-content\/uploads\/2025\/08\/O1CN012tl1361j1Yb8jXxlT_2215468414488-0-cib_\u526f\u672c-300x300.jpg",300,300,true],"medium_large":["https:\/\/www.gemiruo.com\/wp-content\/uploads\/2025\/08\/O1CN012tl1361j1Yb8jXxlT_2215468414488-0-cib_\u526f\u672c-768x768.jpg",768,768,true],"large":["https:\/\/www.gemiruo.com\/wp-content\/uploads\/2025\/08\/O1CN012tl1361j1Yb8jXxlT_2215468414488-0-cib_\u526f\u672c.jpg",800,800,false],"1536x1536":["https:\/\/www.gemiruo.com\/wp-content\/uploads\/2025\/08\/O1CN012tl1361j1Yb8jXxlT_2215468414488-0-cib_\u526f\u672c.jpg",800,800,false],"2048x2048":["https:\/\/www.gemiruo.com\/wp-content\/uploads\/2025\/08\/O1CN012tl1361j1Yb8jXxlT_2215468414488-0-cib_\u526f\u672c.jpg",800,800,false],"trp-custom-language-flag":["https:\/\/www.gemiruo.com\/wp-content\/uploads\/2025\/08\/O1CN012tl1361j1Yb8jXxlT_2215468414488-0-cib_\u526f\u672c.jpg",12,12,false],"mailpoet_newsletter_max":["https:\/\/www.gemiruo.com\/wp-content\/uploads\/2025\/08\/O1CN012tl1361j1Yb8jXxlT_2215468414488-0-cib_\u526f\u672c.jpg",800,800,false],"woocommerce_thumbnail":["https:\/\/www.gemiruo.com\/wp-content\/uploads\/2025\/08\/O1CN012tl1361j1Yb8jXxlT_2215468414488-0-cib_\u526f\u672c-300x300.jpg",300,300,true],"woocommerce_single":["https:\/\/www.gemiruo.com\/wp-content\/uploads\/2025\/08\/O1CN012tl1361j1Yb8jXxlT_2215468414488-0-cib_\u526f\u672c-600x600.jpg",600,600,true],"woocommerce_gallery_thumbnail":["https:\/\/www.gemiruo.com\/wp-content\/uploads\/2025\/08\/O1CN012tl1361j1Yb8jXxlT_2215468414488-0-cib_\u526f\u672c-100x100.jpg",100,100,true]},"uagb_author_info":{"display_name":"xie shiyong","author_link":"https:\/\/www.gemiruo.com\/it\/author\/"},"uagb_comment_info":0,"uagb_excerpt":"X226VR mini drone, a sophisticated aircraft toy designed for enhanced aerial experiences. This innovative drone features an integrated screen and is powered by a brushless motor, ensuring superior performance and stability. Equipped with a VR helmet and an electrically adjustable camera, it offers dual camera switching and a fixed height function utilizing optical flow technology.&hellip;","_links":{"self":[{"href":"https:\/\/www.gemiruo.com\/it\/wp-json\/wp\/v2\/product\/7868","targetHints":{"allow":["GET"]}}],"collection":[{"href":"https:\/\/www.gemiruo.com\/it\/wp-json\/wp\/v2\/product"}],"about":[{"href":"https:\/\/www.gemiruo.com\/it\/wp-json\/wp\/v2\/types\/product"}],"replies":[{"embeddable":true,"href":"https:\/\/www.gemiruo.com\/it\/wp-json\/wp\/v2\/comments?post=7868"}],"wp:featuredmedia":[{"embeddable":true,"href":"https:\/\/www.gemiruo.com\/it\/wp-json\/wp\/v2\/media\/7893"}],"wp:attachment":[{"href":"https:\/\/www.gemiruo.com\/it\/wp-json\/wp\/v2\/media?parent=7868"}],"wp:term":[{"taxonomy":"product_brand","embeddable":true,"href":"https:\/\/www.gemiruo.com\/it\/wp-json\/wp\/v2\/product_brand?post=7868"},{"taxonomy":"product_cat","embeddable":true,"href":"https:\/\/www.gemiruo.com\/it\/wp-json\/wp\/v2\/product_cat?post=7868"},{"taxonomy":"product_tag","embeddable":true,"href":"https:\/\/www.gemiruo.com\/it\/wp-json\/wp\/v2\/product_tag?post=7868"}],"curies":[{"name":"wp","href":"https:\/\/api.w.org\/{rel}","templated":true}]}}