{"id":7868,"date":"2025-08-21T13:56:26","date_gmt":"2025-08-21T13:56:26","guid":{"rendered":"https:\/\/www.gemiruo.com\/?post_type=product&#038;p=7868"},"modified":"2025-12-09T05:33:05","modified_gmt":"2025-12-09T05:33:05","slug":"vr-helmet-drone-camera-aircraft-toy-x226vr","status":"publish","type":"product","link":"https:\/\/www.gemiruo.com\/fr\/vr-helmet-drone-camera-aircraft-toy-x226vr\/","title":{"rendered":"Nouveau casque VR avec cam\u00e9ra Drone Jouet X226VR"},"content":{"rendered":"<iframe width=\"1200\" height=\"600\" src=\"https:\/\/www.youtube.com\/embed\/VVPfgNKUmR0\"  frameborder=\"0\" allow=\"accelerometer; autoplay; clipboard-write; encrypted-media; gyroscope; picture-in-picture; web-share\" allowfullscreen><\/iframe>\n<p>Le nouveau mini-drone X226VR, un jouet sophistiqu\u00e9 con\u00e7u pour offrir des exp\u00e9riences a\u00e9riennes am\u00e9lior\u00e9es. Ce drone innovant est \u00e9quip\u00e9 d'un \u00e9cran int\u00e9gr\u00e9 et d'un moteur sans balais, garantissant des performances et une stabilit\u00e9 sup\u00e9rieures. \u00c9quip\u00e9 d'un casque VR et d'une cam\u00e9ra r\u00e9glable \u00e9lectriquement, il offre une fonction de commutation entre deux cam\u00e9ras et une fonction de hauteur fixe utilisant la technologie de flux optique. Parmi les autres fonctionnalit\u00e9s, citons la commutation de vitesse, le mode sans t\u00eate, un gyroscope \u00e0 six axes et la possibilit\u00e9 d'effectuer des man\u0153uvres de roulis. <\/p>\n<p><strong>Param\u00e8tres du produit :<\/strong><\/p>\n<ul>\n<li>Poids : 176 g (batterie de 41 g comprise)<\/li>\n<li>Batterie int\u00e9gr\u00e9e : 3,7 V, 1 800 mAh<\/li>\n<li>Dur\u00e9e du vol : environ 13 minutes<\/li>\n<li>Temps de charge : environ 60 minutes<\/li>\n<li>Distance de t\u00e9l\u00e9commande : environ 120 m\u00e8tres<\/li>\n<\/ul>\n<p><img fetchpriority=\"high\" decoding=\"async\" src=\"http:\/\/www.gemiruo.com\/wp-content\/uploads\/2025\/08\/\u8be6\u60c5yw_01.jpg\" alt=\"\" width=\"790\" height=\"1558\" title=\"\"><br \/>\n<img decoding=\"async\" src=\"http:\/\/www.gemiruo.com\/wp-content\/uploads\/2025\/08\/\u8be6\u60c5yw_02.jpg\" alt=\"\" width=\"790\" height=\"1551\" title=\"\"><br \/>\n<img decoding=\"async\" src=\"http:\/\/www.gemiruo.com\/wp-content\/uploads\/2025\/08\/\u8be6\u60c5yw_03.jpg\" alt=\"\" width=\"790\" height=\"1418\" title=\"\"><br \/>\n<img loading=\"lazy\" decoding=\"async\" src=\"http:\/\/www.gemiruo.com\/wp-content\/uploads\/2025\/08\/\u8be6\u60c5yw_04.jpg\" alt=\"\" width=\"790\" height=\"792\" title=\"\"><br \/>\n<img loading=\"lazy\" decoding=\"async\" src=\"http:\/\/www.gemiruo.com\/wp-content\/uploads\/2025\/08\/\u8be6\u60c5yw_05.jpg\" alt=\"\" width=\"790\" height=\"1075\" title=\"\"><br \/>\n<img loading=\"lazy\" decoding=\"async\" src=\"http:\/\/www.gemiruo.com\/wp-content\/uploads\/2025\/08\/\u8be6\u60c5yw_06.jpg\" alt=\"\" width=\"790\" height=\"1070\" title=\"\"><br \/>\n<img loading=\"lazy\" decoding=\"async\" src=\"http:\/\/www.gemiruo.com\/wp-content\/uploads\/2025\/08\/\u8be6\u60c5yw_07.jpg\" alt=\"\" width=\"790\" height=\"1044\" title=\"\"><br \/>\n<img loading=\"lazy\" decoding=\"async\" src=\"http:\/\/www.gemiruo.com\/wp-content\/uploads\/2025\/08\/\u8be6\u60c5yw_08.jpg\" alt=\"\" width=\"790\" height=\"1027\" title=\"\"><br \/>\n<img loading=\"lazy\" decoding=\"async\" src=\"http:\/\/www.gemiruo.com\/wp-content\/uploads\/2025\/08\/\u8be6\u60c5yw_09.jpg\" alt=\"\" width=\"790\" height=\"1134\" title=\"\"><br \/>\n<img loading=\"lazy\" decoding=\"async\" src=\"http:\/\/www.gemiruo.com\/wp-content\/uploads\/2025\/08\/\u8be6\u60c5yw_10.jpg\" alt=\"\" width=\"790\" height=\"1366\" title=\"\"><br \/>\n<img loading=\"lazy\" decoding=\"async\" src=\"http:\/\/www.gemiruo.com\/wp-content\/uploads\/2025\/08\/\u8be6\u60c5yw_11.jpg\" alt=\"\" width=\"790\" height=\"1402\" title=\"\"><br \/>\n<img loading=\"lazy\" decoding=\"async\" src=\"http:\/\/www.gemiruo.com\/wp-content\/uploads\/2025\/08\/\u8be6\u60c5yw_12.jpg\" alt=\"\" width=\"790\" height=\"1037\" title=\"\"><br \/>\n<img loading=\"lazy\" decoding=\"async\" src=\"http:\/\/www.gemiruo.com\/wp-content\/uploads\/2025\/08\/\u8be6\u60c5yw_13.jpg\" alt=\"\" width=\"790\" height=\"876\" title=\"\"><br \/>\n<img loading=\"lazy\" decoding=\"async\" src=\"http:\/\/www.gemiruo.com\/wp-content\/uploads\/2025\/08\/\u8be6\u60c5yw_14.jpg\" alt=\"\" width=\"790\" height=\"1504\" title=\"\"><br \/>\n<img loading=\"lazy\" decoding=\"async\" src=\"http:\/\/www.gemiruo.com\/wp-content\/uploads\/2025\/08\/\u8be6\u60c5yw_15.jpg\" alt=\"\" width=\"790\" height=\"1244\" title=\"\"><br \/>\n<img loading=\"lazy\" decoding=\"async\" src=\"http:\/\/www.gemiruo.com\/wp-content\/uploads\/2025\/08\/\u8be6\u60c5yw_16.jpg\" alt=\"\" width=\"790\" height=\"1400\" title=\"\"><br \/>\n<img loading=\"lazy\" decoding=\"async\" src=\"http:\/\/www.gemiruo.com\/wp-content\/uploads\/2025\/08\/\u8be6\u60c5yw_17.jpg\" alt=\"\" width=\"790\" height=\"617\" title=\"\"><br \/>\n<img loading=\"lazy\" decoding=\"async\" src=\"http:\/\/www.gemiruo.com\/wp-content\/uploads\/2025\/08\/\u8be6\u60c5yw_18.jpg\" alt=\"\" width=\"790\" height=\"1141\" title=\"\"><\/p>","protected":false},"excerpt":{"rendered":"<p>Le mini drone X226VR est un jouet sophistiqu\u00e9 con\u00e7u pour offrir une exp\u00e9rience a\u00e9rienne am\u00e9lior\u00e9e. Ce drone innovant est \u00e9quip\u00e9 d'un \u00e9cran int\u00e9gr\u00e9 et d'un moteur sans balais, garantissant des performances et une stabilit\u00e9 sup\u00e9rieures. Dot\u00e9 d'un casque VR et d'une cam\u00e9ra r\u00e9glable \u00e9lectriquement, il offre une fonction de commutation entre deux cam\u00e9ras et une fonction de hauteur fixe utilisant la technologie de flux optique. Parmi les autres fonctionnalit\u00e9s, citons la commutation de vitesse, le mode sans t\u00eate, un gyroscope \u00e0 six axes et la possibilit\u00e9 d'effectuer des man\u0153uvres de roulis. <\/p>\n<p>Param\u00e8tres du produit :<br \/>\nPoids : 176 g (batterie de 41 g comprise)<br \/>\nBatterie int\u00e9gr\u00e9e : 3,7 V, 1 800 mAh<br \/>\nDur\u00e9e du vol : environ 13 minutes<br \/>\nTemps de charge : environ 60 minutes<br \/>\nDistance de t\u00e9l\u00e9commande : environ 120 m\u00e8tres<\/p>","protected":false},"featured_media":7893,"comment_status":"closed","ping_status":"closed","template":"","meta":{"_uag_custom_page_level_css":"","site-sidebar-layout":"default","site-content-layout":"","ast-site-content-layout":"default","site-content-style":"default","site-sidebar-style":"default","ast-global-header-display":"","ast-banner-title-visibility":"","ast-main-header-display":"","ast-hfb-above-header-display":"","ast-hfb-below-header-display":"","ast-hfb-mobile-header-display":"","site-post-title":"","ast-breadcrumbs-content":"","ast-featured-img":"","footer-sml-layout":"","ast-disable-related-posts":"","theme-transparent-header-meta":"default","adv-header-id-meta":"","stick-header-meta":"default","header-above-stick-meta":"","header-main-stick-meta":"","header-below-stick-meta":"","astra-migrate-meta-layouts":"set","ast-page-background-enabled":"default","ast-page-background-meta":{"desktop":{"background-color":"var(--ast-global-color-4)","background-image":"","background-repeat":"repeat","background-position":"center center","background-size":"auto","background-attachment":"scroll","background-type":"","background-media":"","overlay-type":"","overlay-color":"","overlay-opacity":"","overlay-gradient":""},"tablet":{"background-color":"","background-image":"","background-repeat":"repeat","background-position":"center center","background-size":"auto","background-attachment":"scroll","background-type":"","background-media":"","overlay-type":"","overlay-color":"","overlay-opacity":"","overlay-gradient":""},"mobile":{"background-color":"","background-image":"","background-repeat":"repeat","background-position":"center center","background-size":"auto","background-attachment":"scroll","background-type":"","background-media":"","overlay-type":"","overlay-color":"","overlay-opacity":"","overlay-gradient":""}},"ast-content-background-meta":{"desktop":{"background-color":"var(--ast-global-color-5)","background-image":"","background-repeat":"repeat","background-position":"center center","background-size":"auto","background-attachment":"scroll","background-type":"","background-media":"","overlay-type":"","overlay-color":"","overlay-opacity":"","overlay-gradient":""},"tablet":{"background-color":"var(--ast-global-color-5)","background-image":"","background-repeat":"repeat","background-position":"center center","background-size":"auto","background-attachment":"scroll","background-type":"","background-media":"","overlay-type":"","overlay-color":"","overlay-opacity":"","overlay-gradient":""},"mobile":{"background-color":"var(--ast-global-color-5)","background-image":"","background-repeat":"repeat","background-position":"center center","background-size":"auto","background-attachment":"scroll","background-type":"","background-media":"","overlay-type":"","overlay-color":"","overlay-opacity":"","overlay-gradient":""}}},"product_brand":[],"product_cat":[17],"product_tag":[40,66,20,25,124,151],"class_list":{"0":"post-7868","1":"product","2":"type-product","3":"status-publish","4":"has-post-thumbnail","6":"product_cat-drone","7":"product_tag-optical-flow","8":"product_tag-protect","9":"product_tag-quadcopter","10":"product_tag-toy","11":"product_tag-vr-helmet","12":"product_tag-x226vr","13":"desktop-align-left","14":"tablet-align-left","15":"mobile-align-left","16":"ast-product-gallery-layout-horizontal-slider","17":"ast-product-single-variable","18":"ast-product-tabs-layout-horizontal","19":"ast-qv-on-image","21":"first","22":"instock","23":"purchasable","24":"product-type-variable"},"uagb_featured_image_src":{"full":["https:\/\/www.gemiruo.com\/wp-content\/uploads\/2025\/08\/O1CN012tl1361j1Yb8jXxlT_2215468414488-0-cib_\u526f\u672c.jpg",800,800,false],"thumbnail":["https:\/\/www.gemiruo.com\/wp-content\/uploads\/2025\/08\/O1CN012tl1361j1Yb8jXxlT_2215468414488-0-cib_\u526f\u672c-150x150.jpg",150,150,true],"medium":["https:\/\/www.gemiruo.com\/wp-content\/uploads\/2025\/08\/O1CN012tl1361j1Yb8jXxlT_2215468414488-0-cib_\u526f\u672c-300x300.jpg",300,300,true],"medium_large":["https:\/\/www.gemiruo.com\/wp-content\/uploads\/2025\/08\/O1CN012tl1361j1Yb8jXxlT_2215468414488-0-cib_\u526f\u672c-768x768.jpg",768,768,true],"large":["https:\/\/www.gemiruo.com\/wp-content\/uploads\/2025\/08\/O1CN012tl1361j1Yb8jXxlT_2215468414488-0-cib_\u526f\u672c.jpg",800,800,false],"1536x1536":["https:\/\/www.gemiruo.com\/wp-content\/uploads\/2025\/08\/O1CN012tl1361j1Yb8jXxlT_2215468414488-0-cib_\u526f\u672c.jpg",800,800,false],"2048x2048":["https:\/\/www.gemiruo.com\/wp-content\/uploads\/2025\/08\/O1CN012tl1361j1Yb8jXxlT_2215468414488-0-cib_\u526f\u672c.jpg",800,800,false],"trp-custom-language-flag":["https:\/\/www.gemiruo.com\/wp-content\/uploads\/2025\/08\/O1CN012tl1361j1Yb8jXxlT_2215468414488-0-cib_\u526f\u672c.jpg",12,12,false],"mailpoet_newsletter_max":["https:\/\/www.gemiruo.com\/wp-content\/uploads\/2025\/08\/O1CN012tl1361j1Yb8jXxlT_2215468414488-0-cib_\u526f\u672c.jpg",800,800,false],"woocommerce_thumbnail":["https:\/\/www.gemiruo.com\/wp-content\/uploads\/2025\/08\/O1CN012tl1361j1Yb8jXxlT_2215468414488-0-cib_\u526f\u672c-300x300.jpg",300,300,true],"woocommerce_single":["https:\/\/www.gemiruo.com\/wp-content\/uploads\/2025\/08\/O1CN012tl1361j1Yb8jXxlT_2215468414488-0-cib_\u526f\u672c-600x600.jpg",600,600,true],"woocommerce_gallery_thumbnail":["https:\/\/www.gemiruo.com\/wp-content\/uploads\/2025\/08\/O1CN012tl1361j1Yb8jXxlT_2215468414488-0-cib_\u526f\u672c-100x100.jpg",100,100,true]},"uagb_author_info":{"display_name":"xie shiyong","author_link":"https:\/\/www.gemiruo.com\/fr\/author\/"},"uagb_comment_info":0,"uagb_excerpt":"X226VR mini drone, a sophisticated aircraft toy designed for enhanced aerial experiences. This innovative drone features an integrated screen and is powered by a brushless motor, ensuring superior performance and stability. Equipped with a VR helmet and an electrically adjustable camera, it offers dual camera switching and a fixed height function utilizing optical flow technology.\u2026","_links":{"self":[{"href":"https:\/\/www.gemiruo.com\/fr\/wp-json\/wp\/v2\/product\/7868","targetHints":{"allow":["GET"]}}],"collection":[{"href":"https:\/\/www.gemiruo.com\/fr\/wp-json\/wp\/v2\/product"}],"about":[{"href":"https:\/\/www.gemiruo.com\/fr\/wp-json\/wp\/v2\/types\/product"}],"replies":[{"embeddable":true,"href":"https:\/\/www.gemiruo.com\/fr\/wp-json\/wp\/v2\/comments?post=7868"}],"wp:featuredmedia":[{"embeddable":true,"href":"https:\/\/www.gemiruo.com\/fr\/wp-json\/wp\/v2\/media\/7893"}],"wp:attachment":[{"href":"https:\/\/www.gemiruo.com\/fr\/wp-json\/wp\/v2\/media?parent=7868"}],"wp:term":[{"taxonomy":"product_brand","embeddable":true,"href":"https:\/\/www.gemiruo.com\/fr\/wp-json\/wp\/v2\/product_brand?post=7868"},{"taxonomy":"product_cat","embeddable":true,"href":"https:\/\/www.gemiruo.com\/fr\/wp-json\/wp\/v2\/product_cat?post=7868"},{"taxonomy":"product_tag","embeddable":true,"href":"https:\/\/www.gemiruo.com\/fr\/wp-json\/wp\/v2\/product_tag?post=7868"}],"curies":[{"name":"wp","href":"https:\/\/api.w.org\/{rel}","templated":true}]}}