{"id":2303,"date":"2025-01-06T03:56:26","date_gmt":"2025-01-06T03:56:26","guid":{"rendered":"https:\/\/www.gemiruo.com\/?post_type=product&#038;p=2303"},"modified":"2025-12-09T11:06:07","modified_gmt":"2025-12-09T11:06:07","slug":"professional-gps-drone-4k-camera-uav-l500m","status":"publish","type":"product","link":"https:\/\/www.gemiruo.com\/fr\/professional-gps-drone-4k-camera-uav-l500m\/","title":{"rendered":"Drone GPS professionnel avec cam\u00e9ra 4K UAV L500MAX"},"content":{"rendered":"<iframe width=\"1200\" height=\"600\" src=\"https:\/\/www.youtube.com\/embed\/4wrzZKJu4xg\"  frameborder=\"0\" allow=\"accelerometer; autoplay; clipboard-write; encrypted-media; gyroscope; picture-in-picture; web-share\" allowfullscreen><\/iframe>\n<p>Le drone GPS professionnel L500MAX est con\u00e7u pour r\u00e9aliser des prises de vue a\u00e9riennes stables et cr\u00e9atives dans un rayon de 1,2 km. Son cardan sans balais \u00e0 3 axes et sa cam\u00e9ra 4K stabilis\u00e9e par EIS garantissent des images fluides et professionnelles, avec prise en charge de la commutation entre deux cam\u00e9ras, un zoom 50x et la prise de vue verticale. Le positionnement visuel par flux optique garantit un vol stationnaire pr\u00e9cis et stable. Un syst\u00e8me d'\u00e9vitement d'obstacles laser \u00e0 360\u00b0 et un retour automatique GPS intelligent assurent une s\u00e9curit\u00e9 fiable. Con\u00e7u pour une cr\u00e9ation polyvalente, il dispose d'un vol par points de cheminement, d'une commande gestuelle\/vocale, d'un mode VR, d'une prise de vue diff\u00e9r\u00e9e et d'outils de production MV, offrant une suite compl\u00e8te pour un contenu a\u00e9rien dynamique et imaginatif.<\/p>\n<p><strong>Param\u00e8tres du produit<\/strong><\/p>\n<ul>\n<li>Poids : 212 g (batterie comprise)<\/li>\n<li>Dur\u00e9e du vol : environ 25 minutes<\/li>\n<li>Distance de vol : environ 1 200 m<\/li>\n<li>Capacit\u00e9 de la batterie : batterie au lithium 7.4V 2200mAh<\/li>\n<li>GPS suivant : 30m<\/li>\n<li>GPS retour en un clic <\/li>\n<li>Retour intelligent par GPS (retour en cas de d\u00e9passement de distance, retour en cas de batterie faible, retour en cas de fuite)<\/li>\n<\/ul>\n<p><img fetchpriority=\"high\" decoding=\"async\" src=\"https:\/\/www.gemiruo.com\/wp-content\/uploads\/2025\/01\/L500-pro-max-\u82f11_01.jpg\" alt=\"\" width=\"1000\" height=\"1378\" title=\"\"><br \/>\n<img decoding=\"async\" src=\"https:\/\/www.gemiruo.com\/wp-content\/uploads\/2025\/01\/L500-pro-max-\u82f11_02.jpg\" alt=\"\" width=\"1000\" height=\"1724\" title=\"\"><br \/>\n<img decoding=\"async\" src=\"https:\/\/www.gemiruo.com\/wp-content\/uploads\/2025\/01\/L500-pro-max-\u82f11_03.jpg\" alt=\"\" width=\"1000\" height=\"1216\" title=\"\"><br \/>\n<img loading=\"lazy\" decoding=\"async\" src=\"https:\/\/www.gemiruo.com\/wp-content\/uploads\/2025\/01\/L500-pro-max-\u82f11_04.jpg\" alt=\"\" width=\"1000\" height=\"1086\" title=\"\"><br \/>\n<img loading=\"lazy\" decoding=\"async\" src=\"https:\/\/www.gemiruo.com\/wp-content\/uploads\/2025\/01\/L500-pro-max-\u82f11_05.gif\" alt=\"\" width=\"1000\" height=\"579\" title=\"\"><br \/>\n<img loading=\"lazy\" decoding=\"async\" src=\"https:\/\/www.gemiruo.com\/wp-content\/uploads\/2025\/01\/L500-pro-max-\u82f11_06.jpg\" alt=\"\" width=\"1000\" height=\"1329\" title=\"\"><br \/>\n<img loading=\"lazy\" decoding=\"async\" src=\"https:\/\/www.gemiruo.com\/wp-content\/uploads\/2025\/01\/L500-pro-max-\u82f11_07.jpg\" alt=\"\" width=\"1000\" height=\"1035\" title=\"\"><br \/>\n<img loading=\"lazy\" decoding=\"async\" src=\"https:\/\/www.gemiruo.com\/wp-content\/uploads\/2025\/01\/L500-pro-max-\u82f11_08.jpg\" alt=\"\" width=\"1000\" height=\"607\" title=\"\"><br \/>\n<img loading=\"lazy\" decoding=\"async\" src=\"https:\/\/www.gemiruo.com\/wp-content\/uploads\/2025\/01\/L500-pro-max-\u82f11_09.jpg\" alt=\"\" width=\"1000\" height=\"1563\" title=\"\"><br \/>\n<img loading=\"lazy\" decoding=\"async\" src=\"https:\/\/www.gemiruo.com\/wp-content\/uploads\/2025\/01\/L500-pro-max-\u82f11_10.jpg\" alt=\"\" width=\"1000\" height=\"2097\" title=\"\"><br \/>\n<img loading=\"lazy\" decoding=\"async\" src=\"https:\/\/www.gemiruo.com\/wp-content\/uploads\/2025\/01\/L500-pro-max-\u82f11_11.jpg\" alt=\"\" width=\"1000\" height=\"1378\" title=\"\"><br \/>\n<img loading=\"lazy\" decoding=\"async\" src=\"https:\/\/www.gemiruo.com\/wp-content\/uploads\/2025\/01\/L500-pro-max-\u82f11_12.jpg\" alt=\"\" width=\"1000\" height=\"1423\" title=\"\"><br \/>\n<img loading=\"lazy\" decoding=\"async\" src=\"https:\/\/www.gemiruo.com\/wp-content\/uploads\/2025\/01\/L500-pro-max-\u82f11_13.jpg\" alt=\"\" width=\"1000\" height=\"1183\" title=\"\"><br \/>\n<img loading=\"lazy\" decoding=\"async\" src=\"https:\/\/www.gemiruo.com\/wp-content\/uploads\/2025\/01\/L500-pro-max-\u82f11_14.jpg\" alt=\"\" width=\"1000\" height=\"1147\" title=\"\"><br \/>\n<img loading=\"lazy\" decoding=\"async\" src=\"https:\/\/www.gemiruo.com\/wp-content\/uploads\/2025\/01\/L500-pro-max-\u82f12_01.jpg\" alt=\"\" width=\"1000\" height=\"1621\" title=\"\"><br \/>\n<img loading=\"lazy\" decoding=\"async\" src=\"https:\/\/www.gemiruo.com\/wp-content\/uploads\/2025\/01\/L500-pro-max-\u82f12_02.jpg\" alt=\"\" width=\"1000\" height=\"1159\" title=\"\"><br \/>\n<img loading=\"lazy\" decoding=\"async\" src=\"https:\/\/www.gemiruo.com\/wp-content\/uploads\/2025\/01\/L500-pro-max-\u82f12_03.jpg\" alt=\"\" width=\"1000\" height=\"1260\" title=\"\"><br \/>\n<img loading=\"lazy\" decoding=\"async\" src=\"https:\/\/www.gemiruo.com\/wp-content\/uploads\/2025\/01\/L500-pro-max-\u82f12_04.jpg\" alt=\"\" width=\"1000\" height=\"1332\" title=\"\"><br \/>\n<img loading=\"lazy\" decoding=\"async\" src=\"https:\/\/www.gemiruo.com\/wp-content\/uploads\/2025\/01\/L500-pro-max-\u82f12_05.jpg\" alt=\"\" width=\"1000\" height=\"1245\" title=\"\"><br \/>\n<img loading=\"lazy\" decoding=\"async\" src=\"https:\/\/www.gemiruo.com\/wp-content\/uploads\/2025\/01\/L500-pro-max-\u82f12_06.jpg\" alt=\"\" width=\"1000\" height=\"1326\" title=\"\"><br \/>\n<img loading=\"lazy\" decoding=\"async\" src=\"https:\/\/www.gemiruo.com\/wp-content\/uploads\/2025\/01\/L500-pro-max-\u82f12_07.jpg\" alt=\"\" width=\"1000\" height=\"1102\" title=\"\"><br \/>\n<img loading=\"lazy\" decoding=\"async\" src=\"https:\/\/www.gemiruo.com\/wp-content\/uploads\/2025\/01\/L500-pro-max-\u82f12_08.jpg\" alt=\"\" width=\"1000\" height=\"1303\" title=\"\"><br \/>\n<img loading=\"lazy\" decoding=\"async\" src=\"https:\/\/www.gemiruo.com\/wp-content\/uploads\/2025\/01\/L500-pro-max-\u82f12_09.jpg\" alt=\"\" width=\"1000\" height=\"1272\" title=\"\"><br \/>\n<img loading=\"lazy\" decoding=\"async\" src=\"https:\/\/www.gemiruo.com\/wp-content\/uploads\/2025\/01\/L500-pro-max-\u82f12_10.jpg\" alt=\"\" width=\"1000\" height=\"1346\" title=\"\"><br \/>\n<img loading=\"lazy\" decoding=\"async\" src=\"https:\/\/www.gemiruo.com\/wp-content\/uploads\/2025\/01\/L500-pro-max-\u82f12_11.jpg\" alt=\"\" width=\"1000\" height=\"1022\" title=\"\"><br \/>\n<img loading=\"lazy\" decoding=\"async\" src=\"https:\/\/www.gemiruo.com\/wp-content\/uploads\/2025\/01\/L500-pro-max-\u82f12_12.jpg\" alt=\"\" width=\"1000\" height=\"797\" title=\"\"><br \/>\n<img loading=\"lazy\" decoding=\"async\" src=\"https:\/\/www.gemiruo.com\/wp-content\/uploads\/2025\/01\/L500-pro-max-\u82f12_13.jpg\" alt=\"\" width=\"1000\" height=\"1037\" title=\"\"><br \/>\n<img loading=\"lazy\" decoding=\"async\" src=\"https:\/\/www.gemiruo.com\/wp-content\/uploads\/2025\/01\/L500-pro-max-\u82f12_14.jpg\" alt=\"\" width=\"1000\" height=\"1098\" title=\"\"><br \/>\n<img loading=\"lazy\" decoding=\"async\" src=\"https:\/\/www.gemiruo.com\/wp-content\/uploads\/2025\/01\/L500-pro-max-\u82f12_15.jpg\" alt=\"\" width=\"1000\" height=\"1065\" title=\"\"><\/p>","protected":false},"excerpt":{"rendered":"<p>Le drone GPS professionnel L500MAX est con\u00e7u pour r\u00e9aliser des prises de vue a\u00e9riennes stables et cr\u00e9atives dans un rayon de 1,2 km. Son cardan sans balais \u00e0 3 axes et sa cam\u00e9ra 4K stabilis\u00e9e par EIS garantissent des images fluides et professionnelles, avec prise en charge de la commutation entre deux cam\u00e9ras, un zoom 50x et la prise de vue verticale. Le positionnement visuel par flux optique garantit un vol stationnaire pr\u00e9cis et stable. Un syst\u00e8me d'\u00e9vitement d'obstacles laser \u00e0 360\u00b0 et un retour automatique GPS intelligent assurent une s\u00e9curit\u00e9 fiable. Con\u00e7u pour une cr\u00e9ation polyvalente, il dispose d'un vol par points de cheminement, d'une commande gestuelle\/vocale, d'un mode VR, d'une prise de vue diff\u00e9r\u00e9e et d'outils de production MV, offrant une suite compl\u00e8te pour un contenu a\u00e9rien dynamique et imaginatif.<\/p>","protected":false},"featured_media":9114,"comment_status":"open","ping_status":"closed","template":"","meta":{"_uag_custom_page_level_css":"","site-sidebar-layout":"default","site-content-layout":"","ast-site-content-layout":"default","site-content-style":"default","site-sidebar-style":"default","ast-global-header-display":"","ast-banner-title-visibility":"","ast-main-header-display":"","ast-hfb-above-header-display":"","ast-hfb-below-header-display":"","ast-hfb-mobile-header-display":"","site-post-title":"","ast-breadcrumbs-content":"","ast-featured-img":"","footer-sml-layout":"","ast-disable-related-posts":"","theme-transparent-header-meta":"default","adv-header-id-meta":"","stick-header-meta":"default","header-above-stick-meta":"","header-main-stick-meta":"","header-below-stick-meta":"","astra-migrate-meta-layouts":"set","ast-page-background-enabled":"default","ast-page-background-meta":{"desktop":{"background-color":"var(--ast-global-color-4)","background-image":"","background-repeat":"repeat","background-position":"center center","background-size":"auto","background-attachment":"scroll","background-type":"","background-media":"","overlay-type":"","overlay-color":"","overlay-opacity":"","overlay-gradient":""},"tablet":{"background-color":"","background-image":"","background-repeat":"repeat","background-position":"center center","background-size":"auto","background-attachment":"scroll","background-type":"","background-media":"","overlay-type":"","overlay-color":"","overlay-opacity":"","overlay-gradient":""},"mobile":{"background-color":"","background-image":"","background-repeat":"repeat","background-position":"center center","background-size":"auto","background-attachment":"scroll","background-type":"","background-media":"","overlay-type":"","overlay-color":"","overlay-opacity":"","overlay-gradient":""}},"ast-content-background-meta":{"desktop":{"background-color":"var(--ast-global-color-5)","background-image":"","background-repeat":"repeat","background-position":"center center","background-size":"auto","background-attachment":"scroll","background-type":"","background-media":"","overlay-type":"","overlay-color":"","overlay-opacity":"","overlay-gradient":""},"tablet":{"background-color":"var(--ast-global-color-5)","background-image":"","background-repeat":"repeat","background-position":"center center","background-size":"auto","background-attachment":"scroll","background-type":"","background-media":"","overlay-type":"","overlay-color":"","overlay-opacity":"","overlay-gradient":""},"mobile":{"background-color":"var(--ast-global-color-5)","background-image":"","background-repeat":"repeat","background-position":"center center","background-size":"auto","background-attachment":"scroll","background-type":"","background-media":"","overlay-type":"","overlay-color":"","overlay-opacity":"","overlay-gradient":""}}},"product_brand":[],"product_cat":[17],"product_tag":[53,42,18,19,23,46,109,44,185,41],"class_list":{"0":"post-2303","1":"product","2":"type-product","3":"status-publish","4":"has-post-thumbnail","6":"product_cat-drone","7":"product_tag-1-2km","8":"product_tag-5g","9":"product_tag-camera-drone","10":"product_tag-drone","11":"product_tag-drone-toy","12":"product_tag-els-anti-shake","13":"product_tag-gps-drone","14":"product_tag-gps-intelligent-return","15":"product_tag-l500max","16":"product_tag-professional-drone","17":"pa_color-black","18":"pa_color-orange","19":"pa_color-white","20":"desktop-align-left","21":"tablet-align-left","22":"mobile-align-left","23":"ast-product-gallery-layout-horizontal-slider","24":"ast-product-single-variable","25":"ast-product-tabs-layout-horizontal","26":"ast-qv-on-image","28":"first","29":"instock","30":"purchasable","31":"product-type-variable"},"uagb_featured_image_src":{"full":["https:\/\/www.gemiruo.com\/wp-content\/uploads\/2025\/01\/\u4e3b\u56fe-\u82f17-6.jpg",800,800,false],"thumbnail":["https:\/\/www.gemiruo.com\/wp-content\/uploads\/2025\/01\/\u4e3b\u56fe-\u82f17-6-150x150.jpg",150,150,true],"medium":["https:\/\/www.gemiruo.com\/wp-content\/uploads\/2025\/01\/\u4e3b\u56fe-\u82f17-6-300x300.jpg",300,300,true],"medium_large":["https:\/\/www.gemiruo.com\/wp-content\/uploads\/2025\/01\/\u4e3b\u56fe-\u82f17-6-768x768.jpg",768,768,true],"large":["https:\/\/www.gemiruo.com\/wp-content\/uploads\/2025\/01\/\u4e3b\u56fe-\u82f17-6.jpg",800,800,false],"1536x1536":["https:\/\/www.gemiruo.com\/wp-content\/uploads\/2025\/01\/\u4e3b\u56fe-\u82f17-6.jpg",800,800,false],"2048x2048":["https:\/\/www.gemiruo.com\/wp-content\/uploads\/2025\/01\/\u4e3b\u56fe-\u82f17-6.jpg",800,800,false],"trp-custom-language-flag":["https:\/\/www.gemiruo.com\/wp-content\/uploads\/2025\/01\/\u4e3b\u56fe-\u82f17-6-12x12.jpg",12,12,true],"mailpoet_newsletter_max":["https:\/\/www.gemiruo.com\/wp-content\/uploads\/2025\/01\/\u4e3b\u56fe-\u82f17-6.jpg",800,800,false],"woocommerce_thumbnail":["https:\/\/www.gemiruo.com\/wp-content\/uploads\/2025\/01\/\u4e3b\u56fe-\u82f17-6-300x300.jpg",300,300,true],"woocommerce_single":["https:\/\/www.gemiruo.com\/wp-content\/uploads\/2025\/01\/\u4e3b\u56fe-\u82f17-6-600x600.jpg",600,600,true],"woocommerce_gallery_thumbnail":["https:\/\/www.gemiruo.com\/wp-content\/uploads\/2025\/01\/\u4e3b\u56fe-\u82f17-6-100x100.jpg",100,100,true]},"uagb_author_info":{"display_name":"xie shiyong","author_link":"https:\/\/www.gemiruo.com\/fr\/author\/"},"uagb_comment_info":0,"uagb_excerpt":"The L500MAX Professional GPS Drone is built for stable, creative aerial photography within a 1.2km range. Its 3-axis brushless gimbal and EIS-stabilized 4K camera ensure smooth, professional footage, supporting dual-camera switching, 50x zoom, and vertical shooting. Optical flow visual positioning guarantees precise hovering and steady flight. A 360\u00b0 laser obstacle avoidance system and intelligent GPS\u2026","_links":{"self":[{"href":"https:\/\/www.gemiruo.com\/fr\/wp-json\/wp\/v2\/product\/2303","targetHints":{"allow":["GET"]}}],"collection":[{"href":"https:\/\/www.gemiruo.com\/fr\/wp-json\/wp\/v2\/product"}],"about":[{"href":"https:\/\/www.gemiruo.com\/fr\/wp-json\/wp\/v2\/types\/product"}],"replies":[{"embeddable":true,"href":"https:\/\/www.gemiruo.com\/fr\/wp-json\/wp\/v2\/comments?post=2303"}],"wp:featuredmedia":[{"embeddable":true,"href":"https:\/\/www.gemiruo.com\/fr\/wp-json\/wp\/v2\/media\/9114"}],"wp:attachment":[{"href":"https:\/\/www.gemiruo.com\/fr\/wp-json\/wp\/v2\/media?parent=2303"}],"wp:term":[{"taxonomy":"product_brand","embeddable":true,"href":"https:\/\/www.gemiruo.com\/fr\/wp-json\/wp\/v2\/product_brand?post=2303"},{"taxonomy":"product_cat","embeddable":true,"href":"https:\/\/www.gemiruo.com\/fr\/wp-json\/wp\/v2\/product_cat?post=2303"},{"taxonomy":"product_tag","embeddable":true,"href":"https:\/\/www.gemiruo.com\/fr\/wp-json\/wp\/v2\/product_tag?post=2303"}],"curies":[{"name":"wp","href":"https:\/\/api.w.org\/{rel}","templated":true}]}}