{"id":10914,"date":"2026-04-07T02:27:59","date_gmt":"2026-04-07T02:27:59","guid":{"rendered":"https:\/\/www.gemiruo.com\/?post_type=product&#038;p=10914"},"modified":"2026-04-07T04:38:41","modified_gmt":"2026-04-07T04:38:41","slug":"cute-mini-drone-screen-cool-lights-aircraft-z906","status":"publish","type":"product","link":"https:\/\/www.gemiruo.com\/fr\/cute-mini-drone-screen-cool-lights-aircraft-z906\/","title":{"rendered":"Mini Drone RC \u00e9cran Cool Lights Aircraft Z906"},"content":{"rendered":"<iframe width=\"1200\" height=\"600\" src=\"https:\/\/www.youtube.com\/embed\/bhdk48R6LmM\"  frameborder=\"0\" allow=\"accelerometer; autoplay; clipboard-write; encrypted-media; gyroscope; picture-in-picture; web-share\" allowfullscreen><\/iframe>\n<p>Le drone Z906 est dot\u00e9 d'une h\u00e9lice enti\u00e8rement ferm\u00e9e pour plus de s\u00e9curit\u00e9, de lumi\u00e8res LED externes et d'un mini-corps compact pour une portabilit\u00e9 ais\u00e9e. Il prend en charge le maintien de l'altitude, l'\u00e9vitement des obstacles dans les trois sens et une cam\u00e9ra r\u00e9glable \u00e9lectroniquement \u00e0 180\u00b0 pour les prises de vue vers le haut, \u00e0 l'horizontale et en contre-plong\u00e9e. Le positionnement du flux optique assure un vol stable. Le mode sans t\u00eate, le retour \u00e0 l'aide d'une seule touche et les trajectoires de vol dessin\u00e9es par l'application permettent un vol autonome. \u00c9quip\u00e9 d'une cam\u00e9ra HD 4K\/6K\/8K, WiFi FPV, 2.4GHz anti-interf\u00e9rence, 4 canaux de contr\u00f4le (mont\u00e9e\/descente\/avant\/arri\u00e8re\/gauche\/droite\/roulement), 360\u00b0 flips, et un gyroscope \u00e0 6 axes pour un vol fluide et r\u00e9actif.<\/p>\n<p><strong>Param\u00e8tres du produit :<\/strong><\/p>\n<ul>\n<li>Poids : 80g (30g batterie incluse)<\/li>\n<li>Batterie interne : 3,7 V 700 mAH<\/li>\n<li>Dur\u00e9e du vol : environ 10 minutes<\/li>\n<li>Temps de charge : environ 60 minutes<\/li>\n<li>Distance de t\u00e9l\u00e9commande : environ 100 m\u00e8tres<\/li>\n<\/ul>\n<p><img fetchpriority=\"high\" decoding=\"async\" src=\"https:\/\/www.gemiruo.com\/wp-content\/uploads\/2026\/04\/Z906\u82f1\u6587_01.jpg\" alt=\"\" width=\"790\" height=\"1600\" class=\"alignnone size-full wp-image-10921\" title=\"\" srcset=\"https:\/\/www.gemiruo.com\/wp-content\/uploads\/2026\/04\/Z906\u82f1\u6587_01.jpg 790w, https:\/\/www.gemiruo.com\/wp-content\/uploads\/2026\/04\/Z906\u82f1\u6587_01-148x300.jpg 148w, https:\/\/www.gemiruo.com\/wp-content\/uploads\/2026\/04\/Z906\u82f1\u6587_01-506x1024.jpg 506w, https:\/\/www.gemiruo.com\/wp-content\/uploads\/2026\/04\/Z906\u82f1\u6587_01-768x1555.jpg 768w, https:\/\/www.gemiruo.com\/wp-content\/uploads\/2026\/04\/Z906\u82f1\u6587_01-758x1536.jpg 758w, https:\/\/www.gemiruo.com\/wp-content\/uploads\/2026\/04\/Z906\u82f1\u6587_01-6x12.jpg 6w, https:\/\/www.gemiruo.com\/wp-content\/uploads\/2026\/04\/Z906\u82f1\u6587_01-600x1215.jpg 600w\" sizes=\"(max-width: 790px) 100vw, 790px\" \/><br \/>\n<img decoding=\"async\" src=\"https:\/\/www.gemiruo.com\/wp-content\/uploads\/2026\/04\/Z906\u82f1\u6587_02.jpg\" alt=\"\" width=\"790\" height=\"1600\" class=\"alignnone size-full wp-image-10922\" title=\"\" srcset=\"https:\/\/www.gemiruo.com\/wp-content\/uploads\/2026\/04\/Z906\u82f1\u6587_02.jpg 790w, https:\/\/www.gemiruo.com\/wp-content\/uploads\/2026\/04\/Z906\u82f1\u6587_02-148x300.jpg 148w, https:\/\/www.gemiruo.com\/wp-content\/uploads\/2026\/04\/Z906\u82f1\u6587_02-506x1024.jpg 506w, https:\/\/www.gemiruo.com\/wp-content\/uploads\/2026\/04\/Z906\u82f1\u6587_02-768x1555.jpg 768w, https:\/\/www.gemiruo.com\/wp-content\/uploads\/2026\/04\/Z906\u82f1\u6587_02-758x1536.jpg 758w, https:\/\/www.gemiruo.com\/wp-content\/uploads\/2026\/04\/Z906\u82f1\u6587_02-6x12.jpg 6w, https:\/\/www.gemiruo.com\/wp-content\/uploads\/2026\/04\/Z906\u82f1\u6587_02-600x1215.jpg 600w\" sizes=\"(max-width: 790px) 100vw, 790px\" \/><br \/>\n<img decoding=\"async\" src=\"https:\/\/www.gemiruo.com\/wp-content\/uploads\/2026\/04\/Z906\u82f1\u6587_03.jpg\" alt=\"\" width=\"790\" height=\"1600\" class=\"alignnone size-full wp-image-10923\" title=\"\" srcset=\"https:\/\/www.gemiruo.com\/wp-content\/uploads\/2026\/04\/Z906\u82f1\u6587_03.jpg 790w, https:\/\/www.gemiruo.com\/wp-content\/uploads\/2026\/04\/Z906\u82f1\u6587_03-148x300.jpg 148w, https:\/\/www.gemiruo.com\/wp-content\/uploads\/2026\/04\/Z906\u82f1\u6587_03-506x1024.jpg 506w, https:\/\/www.gemiruo.com\/wp-content\/uploads\/2026\/04\/Z906\u82f1\u6587_03-768x1555.jpg 768w, https:\/\/www.gemiruo.com\/wp-content\/uploads\/2026\/04\/Z906\u82f1\u6587_03-758x1536.jpg 758w, https:\/\/www.gemiruo.com\/wp-content\/uploads\/2026\/04\/Z906\u82f1\u6587_03-6x12.jpg 6w, https:\/\/www.gemiruo.com\/wp-content\/uploads\/2026\/04\/Z906\u82f1\u6587_03-600x1215.jpg 600w\" sizes=\"(max-width: 790px) 100vw, 790px\" \/><br \/>\n<img loading=\"lazy\" decoding=\"async\" src=\"https:\/\/www.gemiruo.com\/wp-content\/uploads\/2026\/04\/Z906\u82f1\u6587_04.jpg\" alt=\"\" width=\"790\" height=\"1600\" class=\"alignnone size-full wp-image-10924\" title=\"\" srcset=\"https:\/\/www.gemiruo.com\/wp-content\/uploads\/2026\/04\/Z906\u82f1\u6587_04.jpg 790w, https:\/\/www.gemiruo.com\/wp-content\/uploads\/2026\/04\/Z906\u82f1\u6587_04-148x300.jpg 148w, https:\/\/www.gemiruo.com\/wp-content\/uploads\/2026\/04\/Z906\u82f1\u6587_04-506x1024.jpg 506w, https:\/\/www.gemiruo.com\/wp-content\/uploads\/2026\/04\/Z906\u82f1\u6587_04-768x1555.jpg 768w, https:\/\/www.gemiruo.com\/wp-content\/uploads\/2026\/04\/Z906\u82f1\u6587_04-758x1536.jpg 758w, https:\/\/www.gemiruo.com\/wp-content\/uploads\/2026\/04\/Z906\u82f1\u6587_04-6x12.jpg 6w, https:\/\/www.gemiruo.com\/wp-content\/uploads\/2026\/04\/Z906\u82f1\u6587_04-600x1215.jpg 600w\" sizes=\"(max-width: 790px) 100vw, 790px\" \/><br \/>\n<img loading=\"lazy\" decoding=\"async\" src=\"https:\/\/www.gemiruo.com\/wp-content\/uploads\/2026\/04\/Z906\u82f1\u6587_05.jpg\" alt=\"\" width=\"790\" height=\"1600\" class=\"alignnone size-full wp-image-10925\" title=\"\" srcset=\"https:\/\/www.gemiruo.com\/wp-content\/uploads\/2026\/04\/Z906\u82f1\u6587_05.jpg 790w, https:\/\/www.gemiruo.com\/wp-content\/uploads\/2026\/04\/Z906\u82f1\u6587_05-148x300.jpg 148w, https:\/\/www.gemiruo.com\/wp-content\/uploads\/2026\/04\/Z906\u82f1\u6587_05-506x1024.jpg 506w, https:\/\/www.gemiruo.com\/wp-content\/uploads\/2026\/04\/Z906\u82f1\u6587_05-768x1555.jpg 768w, https:\/\/www.gemiruo.com\/wp-content\/uploads\/2026\/04\/Z906\u82f1\u6587_05-758x1536.jpg 758w, https:\/\/www.gemiruo.com\/wp-content\/uploads\/2026\/04\/Z906\u82f1\u6587_05-6x12.jpg 6w, https:\/\/www.gemiruo.com\/wp-content\/uploads\/2026\/04\/Z906\u82f1\u6587_05-600x1215.jpg 600w\" sizes=\"(max-width: 790px) 100vw, 790px\" \/><br \/>\n<img loading=\"lazy\" decoding=\"async\" src=\"https:\/\/www.gemiruo.com\/wp-content\/uploads\/2026\/04\/Z906\u82f1\u6587_06.jpg\" alt=\"\" width=\"790\" height=\"1600\" class=\"alignnone size-full wp-image-10926\" title=\"\" srcset=\"https:\/\/www.gemiruo.com\/wp-content\/uploads\/2026\/04\/Z906\u82f1\u6587_06.jpg 790w, https:\/\/www.gemiruo.com\/wp-content\/uploads\/2026\/04\/Z906\u82f1\u6587_06-148x300.jpg 148w, https:\/\/www.gemiruo.com\/wp-content\/uploads\/2026\/04\/Z906\u82f1\u6587_06-506x1024.jpg 506w, https:\/\/www.gemiruo.com\/wp-content\/uploads\/2026\/04\/Z906\u82f1\u6587_06-768x1555.jpg 768w, https:\/\/www.gemiruo.com\/wp-content\/uploads\/2026\/04\/Z906\u82f1\u6587_06-758x1536.jpg 758w, https:\/\/www.gemiruo.com\/wp-content\/uploads\/2026\/04\/Z906\u82f1\u6587_06-6x12.jpg 6w, https:\/\/www.gemiruo.com\/wp-content\/uploads\/2026\/04\/Z906\u82f1\u6587_06-600x1215.jpg 600w\" sizes=\"(max-width: 790px) 100vw, 790px\" \/><br \/>\n<img loading=\"lazy\" decoding=\"async\" src=\"https:\/\/www.gemiruo.com\/wp-content\/uploads\/2026\/04\/Z906\u82f1\u6587_07.jpg\" alt=\"\" width=\"790\" height=\"1600\" class=\"alignnone size-full wp-image-10927\" title=\"\" srcset=\"https:\/\/www.gemiruo.com\/wp-content\/uploads\/2026\/04\/Z906\u82f1\u6587_07.jpg 790w, https:\/\/www.gemiruo.com\/wp-content\/uploads\/2026\/04\/Z906\u82f1\u6587_07-148x300.jpg 148w, https:\/\/www.gemiruo.com\/wp-content\/uploads\/2026\/04\/Z906\u82f1\u6587_07-506x1024.jpg 506w, https:\/\/www.gemiruo.com\/wp-content\/uploads\/2026\/04\/Z906\u82f1\u6587_07-768x1555.jpg 768w, https:\/\/www.gemiruo.com\/wp-content\/uploads\/2026\/04\/Z906\u82f1\u6587_07-758x1536.jpg 758w, https:\/\/www.gemiruo.com\/wp-content\/uploads\/2026\/04\/Z906\u82f1\u6587_07-6x12.jpg 6w, https:\/\/www.gemiruo.com\/wp-content\/uploads\/2026\/04\/Z906\u82f1\u6587_07-600x1215.jpg 600w\" sizes=\"(max-width: 790px) 100vw, 790px\" \/><br \/>\n<img loading=\"lazy\" decoding=\"async\" src=\"https:\/\/www.gemiruo.com\/wp-content\/uploads\/2026\/04\/Z906\u82f1\u6587_08.jpg\" alt=\"\" width=\"790\" height=\"1600\" class=\"alignnone size-full wp-image-10928\" title=\"\" srcset=\"https:\/\/www.gemiruo.com\/wp-content\/uploads\/2026\/04\/Z906\u82f1\u6587_08.jpg 790w, https:\/\/www.gemiruo.com\/wp-content\/uploads\/2026\/04\/Z906\u82f1\u6587_08-148x300.jpg 148w, https:\/\/www.gemiruo.com\/wp-content\/uploads\/2026\/04\/Z906\u82f1\u6587_08-506x1024.jpg 506w, https:\/\/www.gemiruo.com\/wp-content\/uploads\/2026\/04\/Z906\u82f1\u6587_08-768x1555.jpg 768w, https:\/\/www.gemiruo.com\/wp-content\/uploads\/2026\/04\/Z906\u82f1\u6587_08-758x1536.jpg 758w, https:\/\/www.gemiruo.com\/wp-content\/uploads\/2026\/04\/Z906\u82f1\u6587_08-6x12.jpg 6w, https:\/\/www.gemiruo.com\/wp-content\/uploads\/2026\/04\/Z906\u82f1\u6587_08-600x1215.jpg 600w\" sizes=\"(max-width: 790px) 100vw, 790px\" \/><br \/>\n<img loading=\"lazy\" decoding=\"async\" src=\"https:\/\/www.gemiruo.com\/wp-content\/uploads\/2026\/04\/Z906\u82f1\u6587_09.jpg\" alt=\"\" width=\"790\" height=\"1600\" class=\"alignnone size-full wp-image-10929\" title=\"\" srcset=\"https:\/\/www.gemiruo.com\/wp-content\/uploads\/2026\/04\/Z906\u82f1\u6587_09.jpg 790w, https:\/\/www.gemiruo.com\/wp-content\/uploads\/2026\/04\/Z906\u82f1\u6587_09-148x300.jpg 148w, https:\/\/www.gemiruo.com\/wp-content\/uploads\/2026\/04\/Z906\u82f1\u6587_09-506x1024.jpg 506w, https:\/\/www.gemiruo.com\/wp-content\/uploads\/2026\/04\/Z906\u82f1\u6587_09-768x1555.jpg 768w, https:\/\/www.gemiruo.com\/wp-content\/uploads\/2026\/04\/Z906\u82f1\u6587_09-758x1536.jpg 758w, https:\/\/www.gemiruo.com\/wp-content\/uploads\/2026\/04\/Z906\u82f1\u6587_09-6x12.jpg 6w, https:\/\/www.gemiruo.com\/wp-content\/uploads\/2026\/04\/Z906\u82f1\u6587_09-600x1215.jpg 600w\" sizes=\"(max-width: 790px) 100vw, 790px\" \/><br \/>\n<img loading=\"lazy\" decoding=\"async\" src=\"https:\/\/www.gemiruo.com\/wp-content\/uploads\/2026\/04\/Z906\u82f1\u6587_10.jpg\" alt=\"\" width=\"790\" height=\"1600\" class=\"alignnone size-full wp-image-10930\" title=\"\" srcset=\"https:\/\/www.gemiruo.com\/wp-content\/uploads\/2026\/04\/Z906\u82f1\u6587_10.jpg 790w, https:\/\/www.gemiruo.com\/wp-content\/uploads\/2026\/04\/Z906\u82f1\u6587_10-148x300.jpg 148w, https:\/\/www.gemiruo.com\/wp-content\/uploads\/2026\/04\/Z906\u82f1\u6587_10-506x1024.jpg 506w, https:\/\/www.gemiruo.com\/wp-content\/uploads\/2026\/04\/Z906\u82f1\u6587_10-768x1555.jpg 768w, https:\/\/www.gemiruo.com\/wp-content\/uploads\/2026\/04\/Z906\u82f1\u6587_10-758x1536.jpg 758w, https:\/\/www.gemiruo.com\/wp-content\/uploads\/2026\/04\/Z906\u82f1\u6587_10-6x12.jpg 6w, https:\/\/www.gemiruo.com\/wp-content\/uploads\/2026\/04\/Z906\u82f1\u6587_10-600x1215.jpg 600w\" sizes=\"(max-width: 790px) 100vw, 790px\" \/><br \/>\n<img loading=\"lazy\" decoding=\"async\" src=\"https:\/\/www.gemiruo.com\/wp-content\/uploads\/2026\/04\/Z906\u82f1\u6587_11.jpg\" alt=\"\" width=\"790\" height=\"1600\" class=\"alignnone size-full wp-image-10931\" title=\"\" srcset=\"https:\/\/www.gemiruo.com\/wp-content\/uploads\/2026\/04\/Z906\u82f1\u6587_11.jpg 790w, https:\/\/www.gemiruo.com\/wp-content\/uploads\/2026\/04\/Z906\u82f1\u6587_11-148x300.jpg 148w, https:\/\/www.gemiruo.com\/wp-content\/uploads\/2026\/04\/Z906\u82f1\u6587_11-506x1024.jpg 506w, https:\/\/www.gemiruo.com\/wp-content\/uploads\/2026\/04\/Z906\u82f1\u6587_11-768x1555.jpg 768w, https:\/\/www.gemiruo.com\/wp-content\/uploads\/2026\/04\/Z906\u82f1\u6587_11-758x1536.jpg 758w, https:\/\/www.gemiruo.com\/wp-content\/uploads\/2026\/04\/Z906\u82f1\u6587_11-6x12.jpg 6w, https:\/\/www.gemiruo.com\/wp-content\/uploads\/2026\/04\/Z906\u82f1\u6587_11-600x1215.jpg 600w\" sizes=\"(max-width: 790px) 100vw, 790px\" \/><br \/>\n<img loading=\"lazy\" decoding=\"async\" src=\"https:\/\/www.gemiruo.com\/wp-content\/uploads\/2026\/04\/Z906\u82f1\u6587_12.jpg\" alt=\"\" width=\"790\" height=\"1600\" class=\"alignnone size-full wp-image-10932\" title=\"\" srcset=\"https:\/\/www.gemiruo.com\/wp-content\/uploads\/2026\/04\/Z906\u82f1\u6587_12.jpg 790w, https:\/\/www.gemiruo.com\/wp-content\/uploads\/2026\/04\/Z906\u82f1\u6587_12-148x300.jpg 148w, https:\/\/www.gemiruo.com\/wp-content\/uploads\/2026\/04\/Z906\u82f1\u6587_12-506x1024.jpg 506w, https:\/\/www.gemiruo.com\/wp-content\/uploads\/2026\/04\/Z906\u82f1\u6587_12-768x1555.jpg 768w, https:\/\/www.gemiruo.com\/wp-content\/uploads\/2026\/04\/Z906\u82f1\u6587_12-758x1536.jpg 758w, https:\/\/www.gemiruo.com\/wp-content\/uploads\/2026\/04\/Z906\u82f1\u6587_12-6x12.jpg 6w, https:\/\/www.gemiruo.com\/wp-content\/uploads\/2026\/04\/Z906\u82f1\u6587_12-600x1215.jpg 600w\" sizes=\"(max-width: 790px) 100vw, 790px\" \/><br \/>\n<img loading=\"lazy\" decoding=\"async\" src=\"https:\/\/www.gemiruo.com\/wp-content\/uploads\/2026\/04\/Z906\u82f1\u6587_13.jpg\" alt=\"\" width=\"790\" height=\"1600\" class=\"alignnone size-full wp-image-10933\" title=\"\" srcset=\"https:\/\/www.gemiruo.com\/wp-content\/uploads\/2026\/04\/Z906\u82f1\u6587_13.jpg 790w, https:\/\/www.gemiruo.com\/wp-content\/uploads\/2026\/04\/Z906\u82f1\u6587_13-148x300.jpg 148w, https:\/\/www.gemiruo.com\/wp-content\/uploads\/2026\/04\/Z906\u82f1\u6587_13-506x1024.jpg 506w, https:\/\/www.gemiruo.com\/wp-content\/uploads\/2026\/04\/Z906\u82f1\u6587_13-768x1555.jpg 768w, https:\/\/www.gemiruo.com\/wp-content\/uploads\/2026\/04\/Z906\u82f1\u6587_13-758x1536.jpg 758w, https:\/\/www.gemiruo.com\/wp-content\/uploads\/2026\/04\/Z906\u82f1\u6587_13-6x12.jpg 6w, https:\/\/www.gemiruo.com\/wp-content\/uploads\/2026\/04\/Z906\u82f1\u6587_13-600x1215.jpg 600w\" sizes=\"(max-width: 790px) 100vw, 790px\" \/><br \/>\n<img loading=\"lazy\" decoding=\"async\" src=\"https:\/\/www.gemiruo.com\/wp-content\/uploads\/2026\/04\/Z906\u82f1\u6587_14.jpg\" alt=\"\" width=\"790\" height=\"1600\" class=\"alignnone size-full wp-image-10934\" title=\"\" srcset=\"https:\/\/www.gemiruo.com\/wp-content\/uploads\/2026\/04\/Z906\u82f1\u6587_14.jpg 790w, https:\/\/www.gemiruo.com\/wp-content\/uploads\/2026\/04\/Z906\u82f1\u6587_14-148x300.jpg 148w, https:\/\/www.gemiruo.com\/wp-content\/uploads\/2026\/04\/Z906\u82f1\u6587_14-506x1024.jpg 506w, https:\/\/www.gemiruo.com\/wp-content\/uploads\/2026\/04\/Z906\u82f1\u6587_14-768x1555.jpg 768w, https:\/\/www.gemiruo.com\/wp-content\/uploads\/2026\/04\/Z906\u82f1\u6587_14-758x1536.jpg 758w, https:\/\/www.gemiruo.com\/wp-content\/uploads\/2026\/04\/Z906\u82f1\u6587_14-6x12.jpg 6w, https:\/\/www.gemiruo.com\/wp-content\/uploads\/2026\/04\/Z906\u82f1\u6587_14-600x1215.jpg 600w\" sizes=\"(max-width: 790px) 100vw, 790px\" \/><br \/>\n<img loading=\"lazy\" decoding=\"async\" src=\"https:\/\/www.gemiruo.com\/wp-content\/uploads\/2026\/04\/Z906\u82f1\u6587_15.jpg\" alt=\"\" width=\"790\" height=\"1600\" class=\"alignnone size-full wp-image-10935\" title=\"\" srcset=\"https:\/\/www.gemiruo.com\/wp-content\/uploads\/2026\/04\/Z906\u82f1\u6587_15.jpg 790w, https:\/\/www.gemiruo.com\/wp-content\/uploads\/2026\/04\/Z906\u82f1\u6587_15-148x300.jpg 148w, https:\/\/www.gemiruo.com\/wp-content\/uploads\/2026\/04\/Z906\u82f1\u6587_15-506x1024.jpg 506w, https:\/\/www.gemiruo.com\/wp-content\/uploads\/2026\/04\/Z906\u82f1\u6587_15-768x1555.jpg 768w, https:\/\/www.gemiruo.com\/wp-content\/uploads\/2026\/04\/Z906\u82f1\u6587_15-758x1536.jpg 758w, https:\/\/www.gemiruo.com\/wp-content\/uploads\/2026\/04\/Z906\u82f1\u6587_15-6x12.jpg 6w, https:\/\/www.gemiruo.com\/wp-content\/uploads\/2026\/04\/Z906\u82f1\u6587_15-600x1215.jpg 600w\" sizes=\"(max-width: 790px) 100vw, 790px\" \/><br \/>\n<img loading=\"lazy\" decoding=\"async\" src=\"https:\/\/www.gemiruo.com\/wp-content\/uploads\/2026\/04\/Z906\u82f1\u6587_16.jpg\" alt=\"\" width=\"790\" height=\"1153\" class=\"alignnone size-full wp-image-10936\" title=\"\" srcset=\"https:\/\/www.gemiruo.com\/wp-content\/uploads\/2026\/04\/Z906\u82f1\u6587_16.jpg 790w, https:\/\/www.gemiruo.com\/wp-content\/uploads\/2026\/04\/Z906\u82f1\u6587_16-206x300.jpg 206w, https:\/\/www.gemiruo.com\/wp-content\/uploads\/2026\/04\/Z906\u82f1\u6587_16-702x1024.jpg 702w, https:\/\/www.gemiruo.com\/wp-content\/uploads\/2026\/04\/Z906\u82f1\u6587_16-768x1121.jpg 768w, https:\/\/www.gemiruo.com\/wp-content\/uploads\/2026\/04\/Z906\u82f1\u6587_16-8x12.jpg 8w, https:\/\/www.gemiruo.com\/wp-content\/uploads\/2026\/04\/Z906\u82f1\u6587_16-600x876.jpg 600w\" sizes=\"(max-width: 790px) 100vw, 790px\" \/><br \/>\n<img loading=\"lazy\" decoding=\"async\" src=\"https:\/\/www.gemiruo.com\/wp-content\/uploads\/2026\/04\/Z906\u82f1\u6587_17.jpg\" alt=\"\" width=\"790\" height=\"1157\" class=\"alignnone size-full wp-image-10937\" title=\"\" srcset=\"https:\/\/www.gemiruo.com\/wp-content\/uploads\/2026\/04\/Z906\u82f1\u6587_17.jpg 790w, https:\/\/www.gemiruo.com\/wp-content\/uploads\/2026\/04\/Z906\u82f1\u6587_17-205x300.jpg 205w, https:\/\/www.gemiruo.com\/wp-content\/uploads\/2026\/04\/Z906\u82f1\u6587_17-699x1024.jpg 699w, https:\/\/www.gemiruo.com\/wp-content\/uploads\/2026\/04\/Z906\u82f1\u6587_17-768x1125.jpg 768w, https:\/\/www.gemiruo.com\/wp-content\/uploads\/2026\/04\/Z906\u82f1\u6587_17-8x12.jpg 8w, https:\/\/www.gemiruo.com\/wp-content\/uploads\/2026\/04\/Z906\u82f1\u6587_17-600x879.jpg 600w\" sizes=\"(max-width: 790px) 100vw, 790px\" \/><br \/>\n<img loading=\"lazy\" decoding=\"async\" src=\"https:\/\/www.gemiruo.com\/wp-content\/uploads\/2026\/04\/Z906\u82f1\u6587_18.jpg\" alt=\"\" width=\"790\" height=\"1150\" class=\"alignnone size-full wp-image-10938\" title=\"\" srcset=\"https:\/\/www.gemiruo.com\/wp-content\/uploads\/2026\/04\/Z906\u82f1\u6587_18.jpg 790w, https:\/\/www.gemiruo.com\/wp-content\/uploads\/2026\/04\/Z906\u82f1\u6587_18-206x300.jpg 206w, https:\/\/www.gemiruo.com\/wp-content\/uploads\/2026\/04\/Z906\u82f1\u6587_18-703x1024.jpg 703w, https:\/\/www.gemiruo.com\/wp-content\/uploads\/2026\/04\/Z906\u82f1\u6587_18-768x1118.jpg 768w, https:\/\/www.gemiruo.com\/wp-content\/uploads\/2026\/04\/Z906\u82f1\u6587_18-8x12.jpg 8w, https:\/\/www.gemiruo.com\/wp-content\/uploads\/2026\/04\/Z906\u82f1\u6587_18-600x873.jpg 600w\" sizes=\"(max-width: 790px) 100vw, 790px\" \/><br \/>\n<img loading=\"lazy\" decoding=\"async\" src=\"https:\/\/www.gemiruo.com\/wp-content\/uploads\/2026\/04\/Z906\u82f1\u6587_19.jpg\" alt=\"\" width=\"790\" height=\"1133\" class=\"alignnone size-full wp-image-10939\" title=\"\" srcset=\"https:\/\/www.gemiruo.com\/wp-content\/uploads\/2026\/04\/Z906\u82f1\u6587_19.jpg 790w, https:\/\/www.gemiruo.com\/wp-content\/uploads\/2026\/04\/Z906\u82f1\u6587_19-209x300.jpg 209w, https:\/\/www.gemiruo.com\/wp-content\/uploads\/2026\/04\/Z906\u82f1\u6587_19-714x1024.jpg 714w, https:\/\/www.gemiruo.com\/wp-content\/uploads\/2026\/04\/Z906\u82f1\u6587_19-768x1101.jpg 768w, https:\/\/www.gemiruo.com\/wp-content\/uploads\/2026\/04\/Z906\u82f1\u6587_19-8x12.jpg 8w, https:\/\/www.gemiruo.com\/wp-content\/uploads\/2026\/04\/Z906\u82f1\u6587_19-600x861.jpg 600w\" sizes=\"(max-width: 790px) 100vw, 790px\" \/><\/p>","protected":false},"excerpt":{"rendered":"<p>Le drone Z906 est dot\u00e9 d'une h\u00e9lice enti\u00e8rement ferm\u00e9e pour plus de s\u00e9curit\u00e9, de lumi\u00e8res LED externes et d'un mini-corps compact pour une portabilit\u00e9 ais\u00e9e. Il prend en charge le maintien de l'altitude, l'\u00e9vitement des obstacles dans les trois sens et une cam\u00e9ra r\u00e9glable \u00e9lectroniquement \u00e0 180\u00b0 pour les prises de vue vers le haut, \u00e0 l'horizontale et en contre-plong\u00e9e. Le positionnement du flux optique assure un vol stable. Le mode sans t\u00eate, le retour \u00e0 l'aide d'une seule touche et les trajectoires de vol dessin\u00e9es par l'application permettent un vol autonome. \u00c9quip\u00e9 d'une cam\u00e9ra HD 4K\/6K\/8K, WiFi FPV, 2.4GHz anti-interf\u00e9rence, 4 canaux de contr\u00f4le (mont\u00e9e\/descente\/avant\/arri\u00e8re\/gauche\/droite\/roulement), 360\u00b0 flips, et un gyroscope \u00e0 6 axes pour un vol fluide et r\u00e9actif.<\/p>","protected":false},"featured_media":10948,"comment_status":"closed","ping_status":"closed","template":"","meta":{"_uag_custom_page_level_css":"","site-sidebar-layout":"default","site-content-layout":"","ast-site-content-layout":"default","site-content-style":"default","site-sidebar-style":"default","ast-global-header-display":"","ast-banner-title-visibility":"","ast-main-header-display":"","ast-hfb-above-header-display":"","ast-hfb-below-header-display":"","ast-hfb-mobile-header-display":"","site-post-title":"","ast-breadcrumbs-content":"","ast-featured-img":"","footer-sml-layout":"","ast-disable-related-posts":"","theme-transparent-header-meta":"default","adv-header-id-meta":"","stick-header-meta":"default","header-above-stick-meta":"","header-main-stick-meta":"","header-below-stick-meta":"","astra-migrate-meta-layouts":"set","ast-page-background-enabled":"default","ast-page-background-meta":{"desktop":{"background-color":"var(--ast-global-color-4)","background-image":"","background-repeat":"repeat","background-position":"center center","background-size":"auto","background-attachment":"scroll","background-type":"","background-media":"","overlay-type":"","overlay-color":"","overlay-opacity":"","overlay-gradient":""},"tablet":{"background-color":"","background-image":"","background-repeat":"repeat","background-position":"center center","background-size":"auto","background-attachment":"scroll","background-type":"","background-media":"","overlay-type":"","overlay-color":"","overlay-opacity":"","overlay-gradient":""},"mobile":{"background-color":"","background-image":"","background-repeat":"repeat","background-position":"center center","background-size":"auto","background-attachment":"scroll","background-type":"","background-media":"","overlay-type":"","overlay-color":"","overlay-opacity":"","overlay-gradient":""}},"ast-content-background-meta":{"desktop":{"background-color":"var(--ast-global-color-5)","background-image":"","background-repeat":"repeat","background-position":"center center","background-size":"auto","background-attachment":"scroll","background-type":"","background-media":"","overlay-type":"","overlay-color":"","overlay-opacity":"","overlay-gradient":""},"tablet":{"background-color":"var(--ast-global-color-5)","background-image":"","background-repeat":"repeat","background-position":"center center","background-size":"auto","background-attachment":"scroll","background-type":"","background-media":"","overlay-type":"","overlay-color":"","overlay-opacity":"","overlay-gradient":""},"mobile":{"background-color":"var(--ast-global-color-5)","background-image":"","background-repeat":"repeat","background-position":"center center","background-size":"auto","background-attachment":"scroll","background-type":"","background-media":"","overlay-type":"","overlay-color":"","overlay-opacity":"","overlay-gradient":""}}},"product_brand":[],"product_cat":[17],"product_tag":[125,129,49,110,40,20,25,248],"class_list":{"0":"post-10914","1":"product","2":"type-product","3":"status-publish","4":"has-post-thumbnail","6":"product_cat-drone","7":"product_tag-aircraft","8":"product_tag-full-protection","9":"product_tag-gift","10":"product_tag-mini-drone","11":"product_tag-optical-flow","12":"product_tag-quadcopter","13":"product_tag-toy","14":"product_tag-z906","15":"pa_color-black","16":"pa_color-grey","17":"desktop-align-left","18":"tablet-align-left","19":"mobile-align-left","20":"ast-product-gallery-layout-horizontal-slider","21":"ast-product-single-variable","22":"ast-product-tabs-layout-horizontal","23":"ast-qv-on-image","25":"first","26":"instock","27":"purchasable","28":"product-type-variable"},"uagb_featured_image_src":{"full":["https:\/\/www.gemiruo.com\/wp-content\/uploads\/2026\/04\/9.jpg",800,800,false],"thumbnail":["https:\/\/www.gemiruo.com\/wp-content\/uploads\/2026\/04\/9-150x150.jpg",150,150,true],"medium":["https:\/\/www.gemiruo.com\/wp-content\/uploads\/2026\/04\/9-300x300.jpg",300,300,true],"medium_large":["https:\/\/www.gemiruo.com\/wp-content\/uploads\/2026\/04\/9-768x768.jpg",768,768,true],"large":["https:\/\/www.gemiruo.com\/wp-content\/uploads\/2026\/04\/9.jpg",800,800,false],"1536x1536":["https:\/\/www.gemiruo.com\/wp-content\/uploads\/2026\/04\/9.jpg",800,800,false],"2048x2048":["https:\/\/www.gemiruo.com\/wp-content\/uploads\/2026\/04\/9.jpg",800,800,false],"trp-custom-language-flag":["https:\/\/www.gemiruo.com\/wp-content\/uploads\/2026\/04\/9-12x12.jpg",12,12,true],"mailpoet_newsletter_max":["https:\/\/www.gemiruo.com\/wp-content\/uploads\/2026\/04\/9.jpg",800,800,false],"woocommerce_thumbnail":["https:\/\/www.gemiruo.com\/wp-content\/uploads\/2026\/04\/9-300x300.jpg",300,300,true],"woocommerce_single":["https:\/\/www.gemiruo.com\/wp-content\/uploads\/2026\/04\/9-600x600.jpg",600,600,true],"woocommerce_gallery_thumbnail":["https:\/\/www.gemiruo.com\/wp-content\/uploads\/2026\/04\/9-100x100.jpg",100,100,true]},"uagb_author_info":{"display_name":"xie shiyong","author_link":"https:\/\/www.gemiruo.com\/fr\/author\/"},"uagb_comment_info":0,"uagb_excerpt":"The Z906 drone features a fully enclosed propeller design for safety, external LED lights, and a compact mini body for easy portability. It supports altitude hold, three\u2011way obstacle avoidance, and a 180\u00b0 electronically adjustable camera for upward, level, and low\u2011angle shots. Optical flow positioning ensures stable flight. Headless mode, one\u2011key return, and app\u2011drawn flight paths\u2026","_links":{"self":[{"href":"https:\/\/www.gemiruo.com\/fr\/wp-json\/wp\/v2\/product\/10914","targetHints":{"allow":["GET"]}}],"collection":[{"href":"https:\/\/www.gemiruo.com\/fr\/wp-json\/wp\/v2\/product"}],"about":[{"href":"https:\/\/www.gemiruo.com\/fr\/wp-json\/wp\/v2\/types\/product"}],"replies":[{"embeddable":true,"href":"https:\/\/www.gemiruo.com\/fr\/wp-json\/wp\/v2\/comments?post=10914"}],"wp:featuredmedia":[{"embeddable":true,"href":"https:\/\/www.gemiruo.com\/fr\/wp-json\/wp\/v2\/media\/10948"}],"wp:attachment":[{"href":"https:\/\/www.gemiruo.com\/fr\/wp-json\/wp\/v2\/media?parent=10914"}],"wp:term":[{"taxonomy":"product_brand","embeddable":true,"href":"https:\/\/www.gemiruo.com\/fr\/wp-json\/wp\/v2\/product_brand?post=10914"},{"taxonomy":"product_cat","embeddable":true,"href":"https:\/\/www.gemiruo.com\/fr\/wp-json\/wp\/v2\/product_cat?post=10914"},{"taxonomy":"product_tag","embeddable":true,"href":"https:\/\/www.gemiruo.com\/fr\/wp-json\/wp\/v2\/product_tag?post=10914"}],"curies":[{"name":"wp","href":"https:\/\/api.w.org\/{rel}","templated":true}]}}