{"id":9395,"date":"2025-11-10T08:14:25","date_gmt":"2025-11-10T08:14:25","guid":{"rendered":"https:\/\/www.gemiruo.com\/?post_type=product&#038;p=9395"},"modified":"2025-12-08T16:05:41","modified_gmt":"2025-12-08T16:05:41","slug":"4-3-inches-screen-drone-quadcopter-z105","status":"publish","type":"product","link":"https:\/\/www.gemiruo.com\/es\/4-3-inches-screen-drone-quadcopter-z105\/","title":{"rendered":"Dron RC con pantalla de 4,3 pulgadas Mecha Quadcopter Z105"},"content":{"rendered":"<iframe width=\"1200\" height=\"600\" src=\"https:\/\/www.youtube.com\/embed\/fsqHqadfonI\"  frameborder=\"0\" allow=\"accelerometer; autoplay; clipboard-write; encrypted-media; gyroscope; picture-in-picture; web-share\" allowfullscreen><\/iframe>\n<p>El Z105 es un avanzado juguete a\u00e9reo con un elegante dise\u00f1o mec\u00e1nico y equipado con un mando a distancia con pantalla de 4,3 pulgadas. Cuenta con un motor sin escobillas y permite realizar fotograf\u00edas a\u00e9reas gracias a una c\u00e1mara ajustable el\u00e9ctricamente. El dron incluye posicionamiento por flujo \u00f3ptico, cambio de c\u00e1mara dual y cambio de velocidad para una mayor funcionalidad. Cabe destacar que est\u00e1 dise\u00f1ado con un giroscopio de seis v\u00edas y evitaci\u00f3n inteligente de obst\u00e1culos de 360\u00b0, junto con un modo sin cabeza y capacidades de fotograf\u00eda por gestos. <\/p>\n<p><strong>Par\u00e1metros del producto:<\/strong><\/p>\n<ul>\n<li>Peso del cuerpo: 155 g (incluida la bater\u00eda de 31 g)<\/li>\n<li>Bater\u00eda del cuerpo: 3,7 V, 1000 mAh, 4,81 Wh<\/li>\n<li>Duraci\u00f3n del vuelo: aproximadamente 15 minutos.<\/li>\n<li>Se\u00f1al de control: wifi de 2,4 g<\/li>\n<li>Lente: Lente electr\u00f3nica con estabilizador autom\u00e1tico de imagen.<\/li>\n<li>Distancia de control: aproximadamente 120 metros.<\/li>\n<li>evitaci\u00f3n inteligente de obst\u00e1culos<\/li>\n<\/ul>\n<p><strong>El paquete incluye:<\/strong><\/p>\n<ul>\n<li>Bater\u00eda *1  <\/li>\n<li>Mando a distancia con pantalla de 4,3 pulgadas *1  <\/li>\n<li>H\u00e9lice *4 <\/li>\n<li>Cable USB *1  <\/li>\n<li>Destornillador *1  <\/li>\n<li>Manual de instrucciones *1  <\/li>\n<li>Sensor de evitaci\u00f3n de obst\u00e1culos *1  <\/li>\n<li>Tarjeta de memoria *1  <\/li>\n<li>Lector de tarjetas *1<\/li>\n<\/ul>\n<p><img fetchpriority=\"high\" decoding=\"async\" src=\"http:\/\/www.gemiruo.com\/wp-content\/uploads\/2025\/11\/1-10.jpg\" alt=\"\" width=\"1080\" height=\"2126\" class=\"alignnone size-full wp-image-9400\" title=\"\" srcset=\"https:\/\/www.gemiruo.com\/wp-content\/uploads\/2025\/11\/1-10.jpg 1080w, https:\/\/www.gemiruo.com\/wp-content\/uploads\/2025\/11\/1-10-152x300.jpg 152w, https:\/\/www.gemiruo.com\/wp-content\/uploads\/2025\/11\/1-10-520x1024.jpg 520w, https:\/\/www.gemiruo.com\/wp-content\/uploads\/2025\/11\/1-10-768x1512.jpg 768w, https:\/\/www.gemiruo.com\/wp-content\/uploads\/2025\/11\/1-10-780x1536.jpg 780w, https:\/\/www.gemiruo.com\/wp-content\/uploads\/2025\/11\/1-10-1040x2048.jpg 1040w, https:\/\/www.gemiruo.com\/wp-content\/uploads\/2025\/11\/1-10-6x12.jpg 6w, https:\/\/www.gemiruo.com\/wp-content\/uploads\/2025\/11\/1-10-600x1181.jpg 600w\" sizes=\"(max-width: 1080px) 100vw, 1080px\" \/><br \/>\n<img decoding=\"async\" src=\"http:\/\/www.gemiruo.com\/wp-content\/uploads\/2025\/11\/2-11.jpg\" alt=\"\" width=\"1080\" height=\"1634\" class=\"alignnone size-full wp-image-9401\" title=\"\" srcset=\"https:\/\/www.gemiruo.com\/wp-content\/uploads\/2025\/11\/2-11.jpg 1080w, https:\/\/www.gemiruo.com\/wp-content\/uploads\/2025\/11\/2-11-198x300.jpg 198w, https:\/\/www.gemiruo.com\/wp-content\/uploads\/2025\/11\/2-11-677x1024.jpg 677w, https:\/\/www.gemiruo.com\/wp-content\/uploads\/2025\/11\/2-11-768x1162.jpg 768w, https:\/\/www.gemiruo.com\/wp-content\/uploads\/2025\/11\/2-11-1015x1536.jpg 1015w, https:\/\/www.gemiruo.com\/wp-content\/uploads\/2025\/11\/2-11-8x12.jpg 8w, https:\/\/www.gemiruo.com\/wp-content\/uploads\/2025\/11\/2-11-600x908.jpg 600w\" sizes=\"(max-width: 1080px) 100vw, 1080px\" \/><br \/>\n<img decoding=\"async\" src=\"http:\/\/www.gemiruo.com\/wp-content\/uploads\/2025\/11\/3-11.jpg\" alt=\"\" width=\"1080\" height=\"1971\" class=\"alignnone size-full wp-image-9402\" title=\"\" srcset=\"https:\/\/www.gemiruo.com\/wp-content\/uploads\/2025\/11\/3-11.jpg 1080w, https:\/\/www.gemiruo.com\/wp-content\/uploads\/2025\/11\/3-11-164x300.jpg 164w, https:\/\/www.gemiruo.com\/wp-content\/uploads\/2025\/11\/3-11-561x1024.jpg 561w, https:\/\/www.gemiruo.com\/wp-content\/uploads\/2025\/11\/3-11-768x1402.jpg 768w, https:\/\/www.gemiruo.com\/wp-content\/uploads\/2025\/11\/3-11-842x1536.jpg 842w, https:\/\/www.gemiruo.com\/wp-content\/uploads\/2025\/11\/3-11-7x12.jpg 7w, https:\/\/www.gemiruo.com\/wp-content\/uploads\/2025\/11\/3-11-600x1095.jpg 600w\" sizes=\"(max-width: 1080px) 100vw, 1080px\" \/><br \/>\n<img loading=\"lazy\" decoding=\"async\" src=\"http:\/\/www.gemiruo.com\/wp-content\/uploads\/2025\/11\/4-10.jpg\" alt=\"\" width=\"1080\" height=\"2160\" class=\"alignnone size-full wp-image-9403\" title=\"\" srcset=\"https:\/\/www.gemiruo.com\/wp-content\/uploads\/2025\/11\/4-10.jpg 1080w, https:\/\/www.gemiruo.com\/wp-content\/uploads\/2025\/11\/4-10-150x300.jpg 150w, https:\/\/www.gemiruo.com\/wp-content\/uploads\/2025\/11\/4-10-512x1024.jpg 512w, https:\/\/www.gemiruo.com\/wp-content\/uploads\/2025\/11\/4-10-768x1536.jpg 768w, https:\/\/www.gemiruo.com\/wp-content\/uploads\/2025\/11\/4-10-1024x2048.jpg 1024w, https:\/\/www.gemiruo.com\/wp-content\/uploads\/2025\/11\/4-10-6x12.jpg 6w, https:\/\/www.gemiruo.com\/wp-content\/uploads\/2025\/11\/4-10-600x1200.jpg 600w\" sizes=\"(max-width: 1080px) 100vw, 1080px\" \/><br \/>\n<img loading=\"lazy\" decoding=\"async\" src=\"http:\/\/www.gemiruo.com\/wp-content\/uploads\/2025\/11\/5-9.jpg\" alt=\"\" width=\"1080\" height=\"2160\" class=\"alignnone size-full wp-image-9404\" title=\"\" srcset=\"https:\/\/www.gemiruo.com\/wp-content\/uploads\/2025\/11\/5-9.jpg 1080w, https:\/\/www.gemiruo.com\/wp-content\/uploads\/2025\/11\/5-9-150x300.jpg 150w, https:\/\/www.gemiruo.com\/wp-content\/uploads\/2025\/11\/5-9-512x1024.jpg 512w, https:\/\/www.gemiruo.com\/wp-content\/uploads\/2025\/11\/5-9-768x1536.jpg 768w, https:\/\/www.gemiruo.com\/wp-content\/uploads\/2025\/11\/5-9-1024x2048.jpg 1024w, https:\/\/www.gemiruo.com\/wp-content\/uploads\/2025\/11\/5-9-6x12.jpg 6w, https:\/\/www.gemiruo.com\/wp-content\/uploads\/2025\/11\/5-9-600x1200.jpg 600w\" sizes=\"(max-width: 1080px) 100vw, 1080px\" \/><br \/>\n<img loading=\"lazy\" decoding=\"async\" src=\"http:\/\/www.gemiruo.com\/wp-content\/uploads\/2025\/11\/6-7.jpg\" alt=\"\" width=\"1080\" height=\"2160\" class=\"alignnone size-full wp-image-9405\" title=\"\" srcset=\"https:\/\/www.gemiruo.com\/wp-content\/uploads\/2025\/11\/6-7.jpg 1080w, https:\/\/www.gemiruo.com\/wp-content\/uploads\/2025\/11\/6-7-150x300.jpg 150w, https:\/\/www.gemiruo.com\/wp-content\/uploads\/2025\/11\/6-7-512x1024.jpg 512w, https:\/\/www.gemiruo.com\/wp-content\/uploads\/2025\/11\/6-7-768x1536.jpg 768w, https:\/\/www.gemiruo.com\/wp-content\/uploads\/2025\/11\/6-7-1024x2048.jpg 1024w, https:\/\/www.gemiruo.com\/wp-content\/uploads\/2025\/11\/6-7-6x12.jpg 6w, https:\/\/www.gemiruo.com\/wp-content\/uploads\/2025\/11\/6-7-600x1200.jpg 600w\" sizes=\"(max-width: 1080px) 100vw, 1080px\" \/><br \/>\n<img loading=\"lazy\" decoding=\"async\" src=\"http:\/\/www.gemiruo.com\/wp-content\/uploads\/2025\/11\/7-8.jpg\" alt=\"\" width=\"1080\" height=\"2152\" class=\"alignnone size-full wp-image-9406\" title=\"\" srcset=\"https:\/\/www.gemiruo.com\/wp-content\/uploads\/2025\/11\/7-8.jpg 1080w, https:\/\/www.gemiruo.com\/wp-content\/uploads\/2025\/11\/7-8-151x300.jpg 151w, https:\/\/www.gemiruo.com\/wp-content\/uploads\/2025\/11\/7-8-514x1024.jpg 514w, https:\/\/www.gemiruo.com\/wp-content\/uploads\/2025\/11\/7-8-768x1530.jpg 768w, https:\/\/www.gemiruo.com\/wp-content\/uploads\/2025\/11\/7-8-771x1536.jpg 771w, https:\/\/www.gemiruo.com\/wp-content\/uploads\/2025\/11\/7-8-1028x2048.jpg 1028w, https:\/\/www.gemiruo.com\/wp-content\/uploads\/2025\/11\/7-8-6x12.jpg 6w, https:\/\/www.gemiruo.com\/wp-content\/uploads\/2025\/11\/7-8-600x1196.jpg 600w\" sizes=\"(max-width: 1080px) 100vw, 1080px\" \/><br \/>\n<img loading=\"lazy\" decoding=\"async\" src=\"http:\/\/www.gemiruo.com\/wp-content\/uploads\/2025\/11\/9-6.jpg\" alt=\"\" width=\"1080\" height=\"2053\" class=\"alignnone size-full wp-image-9407\" title=\"\" srcset=\"https:\/\/www.gemiruo.com\/wp-content\/uploads\/2025\/11\/9-6.jpg 1080w, https:\/\/www.gemiruo.com\/wp-content\/uploads\/2025\/11\/9-6-158x300.jpg 158w, https:\/\/www.gemiruo.com\/wp-content\/uploads\/2025\/11\/9-6-539x1024.jpg 539w, https:\/\/www.gemiruo.com\/wp-content\/uploads\/2025\/11\/9-6-768x1460.jpg 768w, https:\/\/www.gemiruo.com\/wp-content\/uploads\/2025\/11\/9-6-808x1536.jpg 808w, https:\/\/www.gemiruo.com\/wp-content\/uploads\/2025\/11\/9-6-1077x2048.jpg 1077w, https:\/\/www.gemiruo.com\/wp-content\/uploads\/2025\/11\/9-6-6x12.jpg 6w, https:\/\/www.gemiruo.com\/wp-content\/uploads\/2025\/11\/9-6-600x1141.jpg 600w\" sizes=\"(max-width: 1080px) 100vw, 1080px\" \/><br \/>\n<img loading=\"lazy\" decoding=\"async\" src=\"http:\/\/www.gemiruo.com\/wp-content\/uploads\/2025\/11\/10-5-scaled.jpg\" alt=\"\" width=\"1027\" height=\"2560\" class=\"alignnone size-full wp-image-9408\" title=\"\" srcset=\"https:\/\/www.gemiruo.com\/wp-content\/uploads\/2025\/11\/10-5-scaled.jpg 1027w, https:\/\/www.gemiruo.com\/wp-content\/uploads\/2025\/11\/10-5-120x300.jpg 120w, https:\/\/www.gemiruo.com\/wp-content\/uploads\/2025\/11\/10-5-411x1024.jpg 411w, https:\/\/www.gemiruo.com\/wp-content\/uploads\/2025\/11\/10-5-768x1915.jpg 768w, https:\/\/www.gemiruo.com\/wp-content\/uploads\/2025\/11\/10-5-616x1536.jpg 616w, https:\/\/www.gemiruo.com\/wp-content\/uploads\/2025\/11\/10-5-821x2048.jpg 821w, https:\/\/www.gemiruo.com\/wp-content\/uploads\/2025\/11\/10-5-5x12.jpg 5w, https:\/\/www.gemiruo.com\/wp-content\/uploads\/2025\/11\/10-5-600x1496.jpg 600w\" sizes=\"(max-width: 1027px) 100vw, 1027px\" \/><br \/>\n<img loading=\"lazy\" decoding=\"async\" src=\"http:\/\/www.gemiruo.com\/wp-content\/uploads\/2025\/11\/11-8.jpg\" alt=\"\" width=\"1080\" height=\"2145\" class=\"alignnone size-full wp-image-9409\" title=\"\" srcset=\"https:\/\/www.gemiruo.com\/wp-content\/uploads\/2025\/11\/11-8.jpg 1080w, https:\/\/www.gemiruo.com\/wp-content\/uploads\/2025\/11\/11-8-151x300.jpg 151w, https:\/\/www.gemiruo.com\/wp-content\/uploads\/2025\/11\/11-8-516x1024.jpg 516w, https:\/\/www.gemiruo.com\/wp-content\/uploads\/2025\/11\/11-8-768x1525.jpg 768w, https:\/\/www.gemiruo.com\/wp-content\/uploads\/2025\/11\/11-8-773x1536.jpg 773w, https:\/\/www.gemiruo.com\/wp-content\/uploads\/2025\/11\/11-8-1031x2048.jpg 1031w, https:\/\/www.gemiruo.com\/wp-content\/uploads\/2025\/11\/11-8-6x12.jpg 6w, https:\/\/www.gemiruo.com\/wp-content\/uploads\/2025\/11\/11-8-600x1192.jpg 600w\" sizes=\"(max-width: 1080px) 100vw, 1080px\" \/><br \/>\n<img loading=\"lazy\" decoding=\"async\" src=\"http:\/\/www.gemiruo.com\/wp-content\/uploads\/2025\/11\/12-3.jpg\" alt=\"\" width=\"1080\" height=\"2158\" class=\"alignnone size-full wp-image-9410\" title=\"\" srcset=\"https:\/\/www.gemiruo.com\/wp-content\/uploads\/2025\/11\/12-3.jpg 1080w, https:\/\/www.gemiruo.com\/wp-content\/uploads\/2025\/11\/12-3-150x300.jpg 150w, https:\/\/www.gemiruo.com\/wp-content\/uploads\/2025\/11\/12-3-512x1024.jpg 512w, https:\/\/www.gemiruo.com\/wp-content\/uploads\/2025\/11\/12-3-768x1535.jpg 768w, https:\/\/www.gemiruo.com\/wp-content\/uploads\/2025\/11\/12-3-769x1536.jpg 769w, https:\/\/www.gemiruo.com\/wp-content\/uploads\/2025\/11\/12-3-1025x2048.jpg 1025w, https:\/\/www.gemiruo.com\/wp-content\/uploads\/2025\/11\/12-3-6x12.jpg 6w, https:\/\/www.gemiruo.com\/wp-content\/uploads\/2025\/11\/12-3-600x1199.jpg 600w\" sizes=\"(max-width: 1080px) 100vw, 1080px\" \/><br \/>\n<img loading=\"lazy\" decoding=\"async\" src=\"http:\/\/www.gemiruo.com\/wp-content\/uploads\/2025\/11\/13-3.jpg\" alt=\"\" width=\"1080\" height=\"2159\" class=\"alignnone size-full wp-image-9411\" title=\"\" srcset=\"https:\/\/www.gemiruo.com\/wp-content\/uploads\/2025\/11\/13-3.jpg 1080w, https:\/\/www.gemiruo.com\/wp-content\/uploads\/2025\/11\/13-3-150x300.jpg 150w, https:\/\/www.gemiruo.com\/wp-content\/uploads\/2025\/11\/13-3-512x1024.jpg 512w, https:\/\/www.gemiruo.com\/wp-content\/uploads\/2025\/11\/13-3-768x1536.jpg 768w, https:\/\/www.gemiruo.com\/wp-content\/uploads\/2025\/11\/13-3-1024x2048.jpg 1024w, https:\/\/www.gemiruo.com\/wp-content\/uploads\/2025\/11\/13-3-6x12.jpg 6w, https:\/\/www.gemiruo.com\/wp-content\/uploads\/2025\/11\/13-3-600x1199.jpg 600w\" sizes=\"(max-width: 1080px) 100vw, 1080px\" \/><br \/>\n<img loading=\"lazy\" decoding=\"async\" src=\"http:\/\/www.gemiruo.com\/wp-content\/uploads\/2025\/11\/14-2.jpg\" alt=\"\" width=\"1080\" height=\"1546\" class=\"alignnone size-full wp-image-9412\" title=\"\" srcset=\"https:\/\/www.gemiruo.com\/wp-content\/uploads\/2025\/11\/14-2.jpg 1080w, https:\/\/www.gemiruo.com\/wp-content\/uploads\/2025\/11\/14-2-210x300.jpg 210w, https:\/\/www.gemiruo.com\/wp-content\/uploads\/2025\/11\/14-2-715x1024.jpg 715w, https:\/\/www.gemiruo.com\/wp-content\/uploads\/2025\/11\/14-2-768x1099.jpg 768w, https:\/\/www.gemiruo.com\/wp-content\/uploads\/2025\/11\/14-2-1073x1536.jpg 1073w, https:\/\/www.gemiruo.com\/wp-content\/uploads\/2025\/11\/14-2-8x12.jpg 8w, https:\/\/www.gemiruo.com\/wp-content\/uploads\/2025\/11\/14-2-600x859.jpg 600w\" sizes=\"(max-width: 1080px) 100vw, 1080px\" \/><br \/>\n<img loading=\"lazy\" decoding=\"async\" src=\"http:\/\/www.gemiruo.com\/wp-content\/uploads\/2025\/11\/15-2.jpg\" alt=\"\" width=\"1080\" height=\"1843\" class=\"alignnone size-full wp-image-9413\" title=\"\" srcset=\"https:\/\/www.gemiruo.com\/wp-content\/uploads\/2025\/11\/15-2.jpg 1080w, https:\/\/www.gemiruo.com\/wp-content\/uploads\/2025\/11\/15-2-176x300.jpg 176w, https:\/\/www.gemiruo.com\/wp-content\/uploads\/2025\/11\/15-2-600x1024.jpg 600w, https:\/\/www.gemiruo.com\/wp-content\/uploads\/2025\/11\/15-2-768x1311.jpg 768w, https:\/\/www.gemiruo.com\/wp-content\/uploads\/2025\/11\/15-2-900x1536.jpg 900w, https:\/\/www.gemiruo.com\/wp-content\/uploads\/2025\/11\/15-2-7x12.jpg 7w\" sizes=\"(max-width: 1080px) 100vw, 1080px\" \/><br \/>\n<img loading=\"lazy\" decoding=\"async\" src=\"http:\/\/www.gemiruo.com\/wp-content\/uploads\/2025\/11\/16-2.jpg\" alt=\"\" width=\"1080\" height=\"1563\" class=\"alignnone size-full wp-image-9414\" title=\"\" srcset=\"https:\/\/www.gemiruo.com\/wp-content\/uploads\/2025\/11\/16-2.jpg 1080w, https:\/\/www.gemiruo.com\/wp-content\/uploads\/2025\/11\/16-2-207x300.jpg 207w, https:\/\/www.gemiruo.com\/wp-content\/uploads\/2025\/11\/16-2-708x1024.jpg 708w, https:\/\/www.gemiruo.com\/wp-content\/uploads\/2025\/11\/16-2-768x1111.jpg 768w, https:\/\/www.gemiruo.com\/wp-content\/uploads\/2025\/11\/16-2-1061x1536.jpg 1061w, https:\/\/www.gemiruo.com\/wp-content\/uploads\/2025\/11\/16-2-8x12.jpg 8w, https:\/\/www.gemiruo.com\/wp-content\/uploads\/2025\/11\/16-2-600x868.jpg 600w\" sizes=\"(max-width: 1080px) 100vw, 1080px\" \/><br \/>\n<img loading=\"lazy\" decoding=\"async\" src=\"http:\/\/www.gemiruo.com\/wp-content\/uploads\/2025\/11\/17-2.jpg\" alt=\"\" width=\"1080\" height=\"426\" class=\"alignnone size-full wp-image-9415\" title=\"\" srcset=\"https:\/\/www.gemiruo.com\/wp-content\/uploads\/2025\/11\/17-2.jpg 1080w, https:\/\/www.gemiruo.com\/wp-content\/uploads\/2025\/11\/17-2-300x118.jpg 300w, https:\/\/www.gemiruo.com\/wp-content\/uploads\/2025\/11\/17-2-1024x404.jpg 1024w, https:\/\/www.gemiruo.com\/wp-content\/uploads\/2025\/11\/17-2-768x303.jpg 768w, https:\/\/www.gemiruo.com\/wp-content\/uploads\/2025\/11\/17-2-18x7.jpg 18w, https:\/\/www.gemiruo.com\/wp-content\/uploads\/2025\/11\/17-2-600x237.jpg 600w\" sizes=\"(max-width: 1080px) 100vw, 1080px\" \/><\/p>","protected":false},"excerpt":{"rendered":"<p>El dron Z105 es un avanzado juguete a\u00e9reo con un elegante dise\u00f1o mec\u00e1nico y equipado con un mando a distancia con pantalla de 4,3 pulgadas. Cuenta con un motor sin escobillas y permite realizar fotograf\u00edas a\u00e9reas gracias a una c\u00e1mara ajustable el\u00e9ctricamente. El dron incluye posicionamiento por flujo \u00f3ptico, cambio de c\u00e1mara dual y cambio de velocidad para una mayor funcionalidad. Cabe destacar que est\u00e1 dise\u00f1ado con un giroscopio de seis v\u00edas y evitaci\u00f3n inteligente de obst\u00e1culos de 360\u00b0, junto con un modo sin cabeza y capacidades de fotograf\u00eda por gestos. <\/p>","protected":false},"featured_media":10185,"comment_status":"closed","ping_status":"closed","template":"","meta":{"_uag_custom_page_level_css":"","site-sidebar-layout":"default","site-content-layout":"","ast-site-content-layout":"default","site-content-style":"default","site-sidebar-style":"default","ast-global-header-display":"","ast-banner-title-visibility":"","ast-main-header-display":"","ast-hfb-above-header-display":"","ast-hfb-below-header-display":"","ast-hfb-mobile-header-display":"","site-post-title":"","ast-breadcrumbs-content":"","ast-featured-img":"","footer-sml-layout":"","ast-disable-related-posts":"","theme-transparent-header-meta":"default","adv-header-id-meta":"","stick-header-meta":"default","header-above-stick-meta":"","header-main-stick-meta":"","header-below-stick-meta":"","astra-migrate-meta-layouts":"set","ast-page-background-enabled":"default","ast-page-background-meta":{"desktop":{"background-color":"var(--ast-global-color-4)","background-image":"","background-repeat":"repeat","background-position":"center center","background-size":"auto","background-attachment":"scroll","background-type":"","background-media":"","overlay-type":"","overlay-color":"","overlay-opacity":"","overlay-gradient":""},"tablet":{"background-color":"","background-image":"","background-repeat":"repeat","background-position":"center center","background-size":"auto","background-attachment":"scroll","background-type":"","background-media":"","overlay-type":"","overlay-color":"","overlay-opacity":"","overlay-gradient":""},"mobile":{"background-color":"","background-image":"","background-repeat":"repeat","background-position":"center center","background-size":"auto","background-attachment":"scroll","background-type":"","background-media":"","overlay-type":"","overlay-color":"","overlay-opacity":"","overlay-gradient":""}},"ast-content-background-meta":{"desktop":{"background-color":"var(--ast-global-color-5)","background-image":"","background-repeat":"repeat","background-position":"center center","background-size":"auto","background-attachment":"scroll","background-type":"","background-media":"","overlay-type":"","overlay-color":"","overlay-opacity":"","overlay-gradient":""},"tablet":{"background-color":"var(--ast-global-color-5)","background-image":"","background-repeat":"repeat","background-position":"center center","background-size":"auto","background-attachment":"scroll","background-type":"","background-media":"","overlay-type":"","overlay-color":"","overlay-opacity":"","overlay-gradient":""},"mobile":{"background-color":"var(--ast-global-color-5)","background-image":"","background-repeat":"repeat","background-position":"center center","background-size":"auto","background-attachment":"scroll","background-type":"","background-media":"","overlay-type":"","overlay-color":"","overlay-opacity":"","overlay-gradient":""}}},"product_brand":[],"product_cat":[17],"product_tag":[100,19,20,25,147],"class_list":{"0":"post-9395","1":"product","2":"type-product","3":"status-publish","4":"has-post-thumbnail","6":"product_cat-drone","7":"product_tag-4-5-remote-screen","8":"product_tag-drone","9":"product_tag-quadcopter","10":"product_tag-toy","11":"product_tag-z105","12":"pa_color-black","13":"pa_color-white","14":"desktop-align-left","15":"tablet-align-left","16":"mobile-align-left","17":"ast-product-gallery-layout-horizontal-slider","18":"ast-product-single-variable","19":"ast-product-tabs-layout-horizontal","20":"ast-qv-on-image","22":"first","23":"instock","24":"purchasable","25":"product-type-variable"},"uagb_featured_image_src":{"full":["https:\/\/www.gemiruo.com\/wp-content\/uploads\/2025\/11\/3_\u526f\u672c-3.jpg",800,800,false],"thumbnail":["https:\/\/www.gemiruo.com\/wp-content\/uploads\/2025\/11\/3_\u526f\u672c-3-150x150.jpg",150,150,true],"medium":["https:\/\/www.gemiruo.com\/wp-content\/uploads\/2025\/11\/3_\u526f\u672c-3-300x300.jpg",300,300,true],"medium_large":["https:\/\/www.gemiruo.com\/wp-content\/uploads\/2025\/11\/3_\u526f\u672c-3-768x768.jpg",768,768,true],"large":["https:\/\/www.gemiruo.com\/wp-content\/uploads\/2025\/11\/3_\u526f\u672c-3.jpg",800,800,false],"1536x1536":["https:\/\/www.gemiruo.com\/wp-content\/uploads\/2025\/11\/3_\u526f\u672c-3.jpg",800,800,false],"2048x2048":["https:\/\/www.gemiruo.com\/wp-content\/uploads\/2025\/11\/3_\u526f\u672c-3.jpg",800,800,false],"trp-custom-language-flag":["https:\/\/www.gemiruo.com\/wp-content\/uploads\/2025\/11\/3_\u526f\u672c-3-12x12.jpg",12,12,true],"mailpoet_newsletter_max":["https:\/\/www.gemiruo.com\/wp-content\/uploads\/2025\/11\/3_\u526f\u672c-3.jpg",800,800,false],"woocommerce_thumbnail":["https:\/\/www.gemiruo.com\/wp-content\/uploads\/2025\/11\/3_\u526f\u672c-3-300x300.jpg",300,300,true],"woocommerce_single":["https:\/\/www.gemiruo.com\/wp-content\/uploads\/2025\/11\/3_\u526f\u672c-3-600x600.jpg",600,600,true],"woocommerce_gallery_thumbnail":["https:\/\/www.gemiruo.com\/wp-content\/uploads\/2025\/11\/3_\u526f\u672c-3-100x100.jpg",100,100,true]},"uagb_author_info":{"display_name":"xie shiyong","author_link":"https:\/\/www.gemiruo.com\/es\/author\/"},"uagb_comment_info":0,"uagb_excerpt":"The Z105 drone is an advanced aircraft toy featuring a sleek mech appearance and equipped with a 4.3-inch screen remote control. It boasts a brushless motor and supports aerial photography through an electrically adjustable camera. The drone includes optical flow positioning, dual camera switching, and speed switching for enhanced functionality. Notably, it is designed with&hellip;","_links":{"self":[{"href":"https:\/\/www.gemiruo.com\/es\/wp-json\/wp\/v2\/product\/9395","targetHints":{"allow":["GET"]}}],"collection":[{"href":"https:\/\/www.gemiruo.com\/es\/wp-json\/wp\/v2\/product"}],"about":[{"href":"https:\/\/www.gemiruo.com\/es\/wp-json\/wp\/v2\/types\/product"}],"replies":[{"embeddable":true,"href":"https:\/\/www.gemiruo.com\/es\/wp-json\/wp\/v2\/comments?post=9395"}],"wp:featuredmedia":[{"embeddable":true,"href":"https:\/\/www.gemiruo.com\/es\/wp-json\/wp\/v2\/media\/10185"}],"wp:attachment":[{"href":"https:\/\/www.gemiruo.com\/es\/wp-json\/wp\/v2\/media?parent=9395"}],"wp:term":[{"taxonomy":"product_brand","embeddable":true,"href":"https:\/\/www.gemiruo.com\/es\/wp-json\/wp\/v2\/product_brand?post=9395"},{"taxonomy":"product_cat","embeddable":true,"href":"https:\/\/www.gemiruo.com\/es\/wp-json\/wp\/v2\/product_cat?post=9395"},{"taxonomy":"product_tag","embeddable":true,"href":"https:\/\/www.gemiruo.com\/es\/wp-json\/wp\/v2\/product_tag?post=9395"}],"curies":[{"name":"wp","href":"https:\/\/api.w.org\/{rel}","templated":true}]}}