{"id":9441,"date":"2025-11-10T13:34:20","date_gmt":"2025-11-10T13:34:20","guid":{"rendered":"https:\/\/www.gemiruo.com\/?post_type=product&#038;p=9441"},"modified":"2025-12-08T16:01:19","modified_gmt":"2025-12-08T16:01:19","slug":"gps-drone-professional-4k-quadcopter-rg709","status":"publish","type":"product","link":"https:\/\/www.gemiruo.com\/de\/gps-drone-professional-4k-quadcopter-rg709\/","title":{"rendered":"GPS-Drohne Professional 4K HD Quadcopter UAV RG709PRO"},"content":{"rendered":"<iframe width=\"1200\" height=\"600\" src=\"https:\/\/www.youtube.com\/embed\/fQz6LTQmJbo\"  frameborder=\"0\" allow=\"accelerometer; autoplay; clipboard-write; encrypted-media; gyroscope; picture-in-picture; web-share\" allowfullscreen><\/iframe>\n<p>Die RG709PRO verf\u00fcgt \u00fcber einen 4,5-Zoll-HD-Fernbedienungsbildschirm und bietet eine 5G-Echtzeit-Bild\u00fcbertragung f\u00fcr nahtloses Monitoring. Die doppelten GPS- und optischen Fluss-Positionierungsmodi gew\u00e4hrleisten eine pr\u00e4zise Steuerung, w\u00e4hrend intelligente R\u00fcckflugfunktionen, darunter R\u00fcckflug bei niedrigem Akkustand und bei Wegfliegen, die Sicherheit erh\u00f6hen. Mit einem intelligenten 360\u00b0-Hindernisvermeidungssystem und Funktionen wie Gesten-Fotografie und Handfl\u00e4chensteuerung ist diese GPS-Drohne sowohl f\u00fcr Anf\u00e4nger als auch f\u00fcr erfahrene Nutzer geeignet. <\/p>\n<p><strong>Produktparameter:<\/strong><\/p>\n<ul>\n<li>Gewicht: 321 g (inklusive Akku 80 g)<\/li>\n<li>Geh\u00e4usebatterie: 7.4V 3000mAh Lithium-Batterie<\/li>\n<li>Ausdauer: Etwa 25 Minuten<\/li>\n<li>Steuersignal: 5G-Digitalbild\u00fcbertragung<\/li>\n<li>Flugstrecke: Etwa 2000 Meter<\/li>\n<li>360\u00b0 intelligente Hindernisvermeidung<\/li>\n<li>GPS-R\u00fcckkehr mit einem Klick, intelligente R\u00fcckkehr<\/li>\n<\/ul>\n<p><strong>Das Produkt umfasst:<\/strong><\/p>\n<ul>\n<li>Drohne * 1 <\/li>\n<li>Fernbedienung * 1 <\/li>\n<li>Batterie * 1 <\/li>\n<li>USB-Kabel * 1 <\/li>\n<li>L\u00fcfterfl\u00fcgel * 8 <\/li>\n<li>Schraubendreher * 1 <\/li>\n<li>Handbuch * 1 <\/li>\n<li>Kartenleseger\u00e4t * 1 <\/li>\n<li>Speicherkarte (8 GB) * 1<\/li>\n<\/ul>\n<p><img fetchpriority=\"high\" decoding=\"async\" src=\"http:\/\/www.gemiruo.com\/wp-content\/uploads\/2025\/11\/a_01-1.jpg\" alt=\"\" width=\"790\" height=\"1403\" class=\"alignnone size-full wp-image-9446\" title=\"\" srcset=\"https:\/\/www.gemiruo.com\/wp-content\/uploads\/2025\/11\/a_01-1.jpg 790w, https:\/\/www.gemiruo.com\/wp-content\/uploads\/2025\/11\/a_01-1-169x300.jpg 169w, https:\/\/www.gemiruo.com\/wp-content\/uploads\/2025\/11\/a_01-1-577x1024.jpg 577w, https:\/\/www.gemiruo.com\/wp-content\/uploads\/2025\/11\/a_01-1-768x1364.jpg 768w, https:\/\/www.gemiruo.com\/wp-content\/uploads\/2025\/11\/a_01-1-7x12.jpg 7w, https:\/\/www.gemiruo.com\/wp-content\/uploads\/2025\/11\/a_01-1-600x1066.jpg 600w\" sizes=\"(max-width: 790px) 100vw, 790px\" \/><br \/>\n<img decoding=\"async\" src=\"http:\/\/www.gemiruo.com\/wp-content\/uploads\/2025\/11\/a_02-1.jpg\" alt=\"\" width=\"790\" height=\"986\" class=\"alignnone size-full wp-image-9447\" title=\"\" srcset=\"https:\/\/www.gemiruo.com\/wp-content\/uploads\/2025\/11\/a_02-1.jpg 790w, https:\/\/www.gemiruo.com\/wp-content\/uploads\/2025\/11\/a_02-1-240x300.jpg 240w, https:\/\/www.gemiruo.com\/wp-content\/uploads\/2025\/11\/a_02-1-768x959.jpg 768w, https:\/\/www.gemiruo.com\/wp-content\/uploads\/2025\/11\/a_02-1-10x12.jpg 10w, https:\/\/www.gemiruo.com\/wp-content\/uploads\/2025\/11\/a_02-1-600x749.jpg 600w\" sizes=\"(max-width: 790px) 100vw, 790px\" \/><br \/>\n<img decoding=\"async\" src=\"http:\/\/www.gemiruo.com\/wp-content\/uploads\/2025\/11\/a_03-1.jpg\" alt=\"\" width=\"790\" height=\"1253\" class=\"alignnone size-full wp-image-9448\" title=\"\" srcset=\"https:\/\/www.gemiruo.com\/wp-content\/uploads\/2025\/11\/a_03-1.jpg 790w, https:\/\/www.gemiruo.com\/wp-content\/uploads\/2025\/11\/a_03-1-189x300.jpg 189w, https:\/\/www.gemiruo.com\/wp-content\/uploads\/2025\/11\/a_03-1-646x1024.jpg 646w, https:\/\/www.gemiruo.com\/wp-content\/uploads\/2025\/11\/a_03-1-768x1218.jpg 768w, https:\/\/www.gemiruo.com\/wp-content\/uploads\/2025\/11\/a_03-1-8x12.jpg 8w, https:\/\/www.gemiruo.com\/wp-content\/uploads\/2025\/11\/a_03-1-600x952.jpg 600w\" sizes=\"(max-width: 790px) 100vw, 790px\" \/><br \/>\n<img loading=\"lazy\" decoding=\"async\" src=\"http:\/\/www.gemiruo.com\/wp-content\/uploads\/2025\/11\/a_04-1.jpg\" alt=\"\" width=\"790\" height=\"1014\" class=\"alignnone size-full wp-image-9449\" title=\"\" srcset=\"https:\/\/www.gemiruo.com\/wp-content\/uploads\/2025\/11\/a_04-1.jpg 790w, https:\/\/www.gemiruo.com\/wp-content\/uploads\/2025\/11\/a_04-1-234x300.jpg 234w, https:\/\/www.gemiruo.com\/wp-content\/uploads\/2025\/11\/a_04-1-768x986.jpg 768w, https:\/\/www.gemiruo.com\/wp-content\/uploads\/2025\/11\/a_04-1-9x12.jpg 9w, https:\/\/www.gemiruo.com\/wp-content\/uploads\/2025\/11\/a_04-1-600x770.jpg 600w\" sizes=\"(max-width: 790px) 100vw, 790px\" \/><br \/>\n<img loading=\"lazy\" decoding=\"async\" src=\"http:\/\/www.gemiruo.com\/wp-content\/uploads\/2025\/11\/a_05-1.jpg\" alt=\"\" width=\"790\" height=\"1644\" class=\"alignnone size-full wp-image-9450\" title=\"\" srcset=\"https:\/\/www.gemiruo.com\/wp-content\/uploads\/2025\/11\/a_05-1.jpg 790w, https:\/\/www.gemiruo.com\/wp-content\/uploads\/2025\/11\/a_05-1-144x300.jpg 144w, https:\/\/www.gemiruo.com\/wp-content\/uploads\/2025\/11\/a_05-1-492x1024.jpg 492w, https:\/\/www.gemiruo.com\/wp-content\/uploads\/2025\/11\/a_05-1-768x1598.jpg 768w, https:\/\/www.gemiruo.com\/wp-content\/uploads\/2025\/11\/a_05-1-738x1536.jpg 738w, https:\/\/www.gemiruo.com\/wp-content\/uploads\/2025\/11\/a_05-1-6x12.jpg 6w, https:\/\/www.gemiruo.com\/wp-content\/uploads\/2025\/11\/a_05-1-600x1249.jpg 600w\" sizes=\"(max-width: 790px) 100vw, 790px\" \/><br \/>\n<img loading=\"lazy\" decoding=\"async\" src=\"http:\/\/www.gemiruo.com\/wp-content\/uploads\/2025\/11\/a_06-1.jpg\" alt=\"\" width=\"790\" height=\"1244\" class=\"alignnone size-full wp-image-9451\" title=\"\" srcset=\"https:\/\/www.gemiruo.com\/wp-content\/uploads\/2025\/11\/a_06-1.jpg 790w, https:\/\/www.gemiruo.com\/wp-content\/uploads\/2025\/11\/a_06-1-191x300.jpg 191w, https:\/\/www.gemiruo.com\/wp-content\/uploads\/2025\/11\/a_06-1-650x1024.jpg 650w, https:\/\/www.gemiruo.com\/wp-content\/uploads\/2025\/11\/a_06-1-768x1209.jpg 768w, https:\/\/www.gemiruo.com\/wp-content\/uploads\/2025\/11\/a_06-1-8x12.jpg 8w, https:\/\/www.gemiruo.com\/wp-content\/uploads\/2025\/11\/a_06-1-600x945.jpg 600w\" sizes=\"(max-width: 790px) 100vw, 790px\" \/><br \/>\n<img loading=\"lazy\" decoding=\"async\" src=\"http:\/\/www.gemiruo.com\/wp-content\/uploads\/2025\/11\/a_07-1.jpg\" alt=\"\" width=\"790\" height=\"1522\" class=\"alignnone size-full wp-image-9452\" title=\"\" srcset=\"https:\/\/www.gemiruo.com\/wp-content\/uploads\/2025\/11\/a_07-1.jpg 790w, https:\/\/www.gemiruo.com\/wp-content\/uploads\/2025\/11\/a_07-1-156x300.jpg 156w, https:\/\/www.gemiruo.com\/wp-content\/uploads\/2025\/11\/a_07-1-532x1024.jpg 532w, https:\/\/www.gemiruo.com\/wp-content\/uploads\/2025\/11\/a_07-1-768x1480.jpg 768w, https:\/\/www.gemiruo.com\/wp-content\/uploads\/2025\/11\/a_07-1-6x12.jpg 6w, https:\/\/www.gemiruo.com\/wp-content\/uploads\/2025\/11\/a_07-1-600x1156.jpg 600w\" sizes=\"(max-width: 790px) 100vw, 790px\" \/><br \/>\n<img loading=\"lazy\" decoding=\"async\" src=\"http:\/\/www.gemiruo.com\/wp-content\/uploads\/2025\/11\/a_08-1.jpg\" alt=\"\" width=\"790\" height=\"1194\" class=\"alignnone size-full wp-image-9453\" title=\"\" srcset=\"https:\/\/www.gemiruo.com\/wp-content\/uploads\/2025\/11\/a_08-1.jpg 790w, https:\/\/www.gemiruo.com\/wp-content\/uploads\/2025\/11\/a_08-1-198x300.jpg 198w, https:\/\/www.gemiruo.com\/wp-content\/uploads\/2025\/11\/a_08-1-678x1024.jpg 678w, https:\/\/www.gemiruo.com\/wp-content\/uploads\/2025\/11\/a_08-1-768x1161.jpg 768w, https:\/\/www.gemiruo.com\/wp-content\/uploads\/2025\/11\/a_08-1-8x12.jpg 8w, https:\/\/www.gemiruo.com\/wp-content\/uploads\/2025\/11\/a_08-1-600x907.jpg 600w\" sizes=\"(max-width: 790px) 100vw, 790px\" \/><br \/>\n<img loading=\"lazy\" decoding=\"async\" src=\"http:\/\/www.gemiruo.com\/wp-content\/uploads\/2025\/11\/a_09-1.jpg\" alt=\"\" width=\"790\" height=\"1887\" class=\"alignnone size-full wp-image-9454\" title=\"\" srcset=\"https:\/\/www.gemiruo.com\/wp-content\/uploads\/2025\/11\/a_09-1.jpg 790w, https:\/\/www.gemiruo.com\/wp-content\/uploads\/2025\/11\/a_09-1-126x300.jpg 126w, https:\/\/www.gemiruo.com\/wp-content\/uploads\/2025\/11\/a_09-1-429x1024.jpg 429w, https:\/\/www.gemiruo.com\/wp-content\/uploads\/2025\/11\/a_09-1-768x1834.jpg 768w, https:\/\/www.gemiruo.com\/wp-content\/uploads\/2025\/11\/a_09-1-643x1536.jpg 643w, https:\/\/www.gemiruo.com\/wp-content\/uploads\/2025\/11\/a_09-1-5x12.jpg 5w, https:\/\/www.gemiruo.com\/wp-content\/uploads\/2025\/11\/a_09-1-600x1433.jpg 600w\" sizes=\"(max-width: 790px) 100vw, 790px\" \/><br \/>\n<img loading=\"lazy\" decoding=\"async\" src=\"http:\/\/www.gemiruo.com\/wp-content\/uploads\/2025\/11\/a_10-1.jpg\" alt=\"\" width=\"790\" height=\"1188\" class=\"alignnone size-full wp-image-9455\" title=\"\" srcset=\"https:\/\/www.gemiruo.com\/wp-content\/uploads\/2025\/11\/a_10-1.jpg 790w, https:\/\/www.gemiruo.com\/wp-content\/uploads\/2025\/11\/a_10-1-199x300.jpg 199w, https:\/\/www.gemiruo.com\/wp-content\/uploads\/2025\/11\/a_10-1-681x1024.jpg 681w, https:\/\/www.gemiruo.com\/wp-content\/uploads\/2025\/11\/a_10-1-768x1155.jpg 768w, https:\/\/www.gemiruo.com\/wp-content\/uploads\/2025\/11\/a_10-1-8x12.jpg 8w, https:\/\/www.gemiruo.com\/wp-content\/uploads\/2025\/11\/a_10-1-600x902.jpg 600w\" sizes=\"(max-width: 790px) 100vw, 790px\" \/><br \/>\n<img loading=\"lazy\" decoding=\"async\" src=\"http:\/\/www.gemiruo.com\/wp-content\/uploads\/2025\/11\/a_11.jpg\" alt=\"\" width=\"790\" height=\"1187\" class=\"alignnone size-full wp-image-9456\" title=\"\" srcset=\"https:\/\/www.gemiruo.com\/wp-content\/uploads\/2025\/11\/a_11.jpg 790w, https:\/\/www.gemiruo.com\/wp-content\/uploads\/2025\/11\/a_11-200x300.jpg 200w, https:\/\/www.gemiruo.com\/wp-content\/uploads\/2025\/11\/a_11-682x1024.jpg 682w, https:\/\/www.gemiruo.com\/wp-content\/uploads\/2025\/11\/a_11-768x1154.jpg 768w, https:\/\/www.gemiruo.com\/wp-content\/uploads\/2025\/11\/a_11-8x12.jpg 8w, https:\/\/www.gemiruo.com\/wp-content\/uploads\/2025\/11\/a_11-600x902.jpg 600w\" sizes=\"(max-width: 790px) 100vw, 790px\" \/><br \/>\n<img loading=\"lazy\" decoding=\"async\" src=\"http:\/\/www.gemiruo.com\/wp-content\/uploads\/2025\/11\/a_12-1.jpg\" alt=\"\" width=\"790\" height=\"1186\" class=\"alignnone size-full wp-image-9457\" title=\"\" srcset=\"https:\/\/www.gemiruo.com\/wp-content\/uploads\/2025\/11\/a_12-1.jpg 790w, https:\/\/www.gemiruo.com\/wp-content\/uploads\/2025\/11\/a_12-1-200x300.jpg 200w, https:\/\/www.gemiruo.com\/wp-content\/uploads\/2025\/11\/a_12-1-682x1024.jpg 682w, https:\/\/www.gemiruo.com\/wp-content\/uploads\/2025\/11\/a_12-1-768x1153.jpg 768w, https:\/\/www.gemiruo.com\/wp-content\/uploads\/2025\/11\/a_12-1-8x12.jpg 8w, https:\/\/www.gemiruo.com\/wp-content\/uploads\/2025\/11\/a_12-1-600x901.jpg 600w\" sizes=\"(max-width: 790px) 100vw, 790px\" \/><br \/>\n<img loading=\"lazy\" decoding=\"async\" src=\"http:\/\/www.gemiruo.com\/wp-content\/uploads\/2025\/11\/a_13-1.jpg\" alt=\"\" width=\"790\" height=\"1374\" class=\"alignnone size-full wp-image-9458\" title=\"\" srcset=\"https:\/\/www.gemiruo.com\/wp-content\/uploads\/2025\/11\/a_13-1.jpg 790w, https:\/\/www.gemiruo.com\/wp-content\/uploads\/2025\/11\/a_13-1-172x300.jpg 172w, https:\/\/www.gemiruo.com\/wp-content\/uploads\/2025\/11\/a_13-1-589x1024.jpg 589w, https:\/\/www.gemiruo.com\/wp-content\/uploads\/2025\/11\/a_13-1-768x1336.jpg 768w, https:\/\/www.gemiruo.com\/wp-content\/uploads\/2025\/11\/a_13-1-7x12.jpg 7w, https:\/\/www.gemiruo.com\/wp-content\/uploads\/2025\/11\/a_13-1-600x1044.jpg 600w\" sizes=\"(max-width: 790px) 100vw, 790px\" \/><br \/>\n<img loading=\"lazy\" decoding=\"async\" src=\"http:\/\/www.gemiruo.com\/wp-content\/uploads\/2025\/11\/a_14-1.jpg\" alt=\"\" width=\"790\" height=\"996\" class=\"alignnone size-full wp-image-9459\" title=\"\" srcset=\"https:\/\/www.gemiruo.com\/wp-content\/uploads\/2025\/11\/a_14-1.jpg 790w, https:\/\/www.gemiruo.com\/wp-content\/uploads\/2025\/11\/a_14-1-238x300.jpg 238w, https:\/\/www.gemiruo.com\/wp-content\/uploads\/2025\/11\/a_14-1-768x968.jpg 768w, https:\/\/www.gemiruo.com\/wp-content\/uploads\/2025\/11\/a_14-1-10x12.jpg 10w, https:\/\/www.gemiruo.com\/wp-content\/uploads\/2025\/11\/a_14-1-600x756.jpg 600w\" sizes=\"(max-width: 790px) 100vw, 790px\" \/><br \/>\n<img loading=\"lazy\" decoding=\"async\" src=\"http:\/\/www.gemiruo.com\/wp-content\/uploads\/2025\/11\/a_15-1.jpg\" alt=\"\" width=\"790\" height=\"1536\" class=\"alignnone size-full wp-image-9460\" title=\"\" srcset=\"https:\/\/www.gemiruo.com\/wp-content\/uploads\/2025\/11\/a_15-1.jpg 790w, https:\/\/www.gemiruo.com\/wp-content\/uploads\/2025\/11\/a_15-1-154x300.jpg 154w, https:\/\/www.gemiruo.com\/wp-content\/uploads\/2025\/11\/a_15-1-527x1024.jpg 527w, https:\/\/www.gemiruo.com\/wp-content\/uploads\/2025\/11\/a_15-1-768x1493.jpg 768w, https:\/\/www.gemiruo.com\/wp-content\/uploads\/2025\/11\/a_15-1-6x12.jpg 6w, https:\/\/www.gemiruo.com\/wp-content\/uploads\/2025\/11\/a_15-1-600x1167.jpg 600w\" sizes=\"(max-width: 790px) 100vw, 790px\" \/><br \/>\n<img loading=\"lazy\" decoding=\"async\" src=\"http:\/\/www.gemiruo.com\/wp-content\/uploads\/2025\/11\/a_16-1.jpg\" alt=\"\" width=\"790\" height=\"1466\" class=\"alignnone size-full wp-image-9461\" title=\"\" srcset=\"https:\/\/www.gemiruo.com\/wp-content\/uploads\/2025\/11\/a_16-1.jpg 790w, https:\/\/www.gemiruo.com\/wp-content\/uploads\/2025\/11\/a_16-1-162x300.jpg 162w, https:\/\/www.gemiruo.com\/wp-content\/uploads\/2025\/11\/a_16-1-552x1024.jpg 552w, https:\/\/www.gemiruo.com\/wp-content\/uploads\/2025\/11\/a_16-1-768x1425.jpg 768w, https:\/\/www.gemiruo.com\/wp-content\/uploads\/2025\/11\/a_16-1-6x12.jpg 6w, https:\/\/www.gemiruo.com\/wp-content\/uploads\/2025\/11\/a_16-1-600x1113.jpg 600w\" sizes=\"(max-width: 790px) 100vw, 790px\" \/><br \/>\n<img loading=\"lazy\" decoding=\"async\" src=\"http:\/\/www.gemiruo.com\/wp-content\/uploads\/2025\/11\/a_17-1.jpg\" alt=\"\" width=\"790\" height=\"1306\" class=\"alignnone size-full wp-image-9462\" title=\"\" srcset=\"https:\/\/www.gemiruo.com\/wp-content\/uploads\/2025\/11\/a_17-1.jpg 790w, https:\/\/www.gemiruo.com\/wp-content\/uploads\/2025\/11\/a_17-1-181x300.jpg 181w, https:\/\/www.gemiruo.com\/wp-content\/uploads\/2025\/11\/a_17-1-619x1024.jpg 619w, https:\/\/www.gemiruo.com\/wp-content\/uploads\/2025\/11\/a_17-1-768x1270.jpg 768w, https:\/\/www.gemiruo.com\/wp-content\/uploads\/2025\/11\/a_17-1-7x12.jpg 7w, https:\/\/www.gemiruo.com\/wp-content\/uploads\/2025\/11\/a_17-1-600x992.jpg 600w\" sizes=\"(max-width: 790px) 100vw, 790px\" \/><br \/>\n<img loading=\"lazy\" decoding=\"async\" src=\"http:\/\/www.gemiruo.com\/wp-content\/uploads\/2025\/11\/a_18-1.jpg\" alt=\"\" width=\"790\" height=\"1162\" class=\"alignnone size-full wp-image-9463\" title=\"\" srcset=\"https:\/\/www.gemiruo.com\/wp-content\/uploads\/2025\/11\/a_18-1.jpg 790w, https:\/\/www.gemiruo.com\/wp-content\/uploads\/2025\/11\/a_18-1-204x300.jpg 204w, https:\/\/www.gemiruo.com\/wp-content\/uploads\/2025\/11\/a_18-1-696x1024.jpg 696w, https:\/\/www.gemiruo.com\/wp-content\/uploads\/2025\/11\/a_18-1-768x1130.jpg 768w, https:\/\/www.gemiruo.com\/wp-content\/uploads\/2025\/11\/a_18-1-8x12.jpg 8w, https:\/\/www.gemiruo.com\/wp-content\/uploads\/2025\/11\/a_18-1-600x883.jpg 600w\" sizes=\"(max-width: 790px) 100vw, 790px\" \/><br \/>\n<img loading=\"lazy\" decoding=\"async\" src=\"http:\/\/www.gemiruo.com\/wp-content\/uploads\/2025\/11\/a_19.jpg\" alt=\"\" width=\"790\" height=\"1382\" class=\"alignnone size-full wp-image-9464\" title=\"\" srcset=\"https:\/\/www.gemiruo.com\/wp-content\/uploads\/2025\/11\/a_19.jpg 790w, https:\/\/www.gemiruo.com\/wp-content\/uploads\/2025\/11\/a_19-171x300.jpg 171w, https:\/\/www.gemiruo.com\/wp-content\/uploads\/2025\/11\/a_19-585x1024.jpg 585w, https:\/\/www.gemiruo.com\/wp-content\/uploads\/2025\/11\/a_19-768x1344.jpg 768w, https:\/\/www.gemiruo.com\/wp-content\/uploads\/2025\/11\/a_19-7x12.jpg 7w, https:\/\/www.gemiruo.com\/wp-content\/uploads\/2025\/11\/a_19-600x1050.jpg 600w\" sizes=\"(max-width: 790px) 100vw, 790px\" \/><br \/>\n<img loading=\"lazy\" decoding=\"async\" src=\"http:\/\/www.gemiruo.com\/wp-content\/uploads\/2025\/11\/a_20.jpg\" alt=\"\" width=\"790\" height=\"1174\" class=\"alignnone size-full wp-image-9465\" title=\"\" srcset=\"https:\/\/www.gemiruo.com\/wp-content\/uploads\/2025\/11\/a_20.jpg 790w, https:\/\/www.gemiruo.com\/wp-content\/uploads\/2025\/11\/a_20-202x300.jpg 202w, https:\/\/www.gemiruo.com\/wp-content\/uploads\/2025\/11\/a_20-689x1024.jpg 689w, https:\/\/www.gemiruo.com\/wp-content\/uploads\/2025\/11\/a_20-768x1141.jpg 768w, https:\/\/www.gemiruo.com\/wp-content\/uploads\/2025\/11\/a_20-8x12.jpg 8w, https:\/\/www.gemiruo.com\/wp-content\/uploads\/2025\/11\/a_20-600x892.jpg 600w\" sizes=\"(max-width: 790px) 100vw, 790px\" \/><\/p>","protected":false},"excerpt":{"rendered":"<p>Die RG709Pro ist eine professionelle GPS-Drohne, die mit fortschrittlichen Funktionen zur Verbesserung der Luftbildfotografie und Navigation ausgestattet ist. Sie verf\u00fcgt \u00fcber einen 4,5-Zoll-HD-Fernbedienungsbildschirm und bietet eine 5G-Echtzeit-Bild\u00fcbertragung f\u00fcr eine nahtlose \u00dcberwachung. Ihre dualen GPS- und optischen Fluss-Positionierungsmodi gew\u00e4hrleisten eine pr\u00e4zise Steuerung, w\u00e4hrend intelligente R\u00fcckflugfunktionen, darunter ein R\u00fcckflug bei niedrigem Akkustand und bei au\u00dfer Kontrolle geratener Drohne, die Sicherheit erh\u00f6hen. Mit einem intelligenten 360\u00b0-Hindernisvermeidungssystem und Funktionen wie Gesten-Fotografie und Handfl\u00e4chensteuerung ist diese GPS-Drohne sowohl f\u00fcr Anf\u00e4nger als auch f\u00fcr erfahrene Nutzer geeignet. <\/p>","protected":false},"featured_media":9479,"comment_status":"open","ping_status":"closed","template":"","meta":{"_uag_custom_page_level_css":"","site-sidebar-layout":"default","site-content-layout":"","ast-site-content-layout":"default","site-content-style":"default","site-sidebar-style":"default","ast-global-header-display":"","ast-banner-title-visibility":"","ast-main-header-display":"","ast-hfb-above-header-display":"","ast-hfb-below-header-display":"","ast-hfb-mobile-header-display":"","site-post-title":"","ast-breadcrumbs-content":"","ast-featured-img":"","footer-sml-layout":"","ast-disable-related-posts":"","theme-transparent-header-meta":"default","adv-header-id-meta":"","stick-header-meta":"default","header-above-stick-meta":"","header-main-stick-meta":"","header-below-stick-meta":"","astra-migrate-meta-layouts":"set","ast-page-background-enabled":"default","ast-page-background-meta":{"desktop":{"background-color":"var(--ast-global-color-4)","background-image":"","background-repeat":"repeat","background-position":"center center","background-size":"auto","background-attachment":"scroll","background-type":"","background-media":"","overlay-type":"","overlay-color":"","overlay-opacity":"","overlay-gradient":""},"tablet":{"background-color":"","background-image":"","background-repeat":"repeat","background-position":"center center","background-size":"auto","background-attachment":"scroll","background-type":"","background-media":"","overlay-type":"","overlay-color":"","overlay-opacity":"","overlay-gradient":""},"mobile":{"background-color":"","background-image":"","background-repeat":"repeat","background-position":"center center","background-size":"auto","background-attachment":"scroll","background-type":"","background-media":"","overlay-type":"","overlay-color":"","overlay-opacity":"","overlay-gradient":""}},"ast-content-background-meta":{"desktop":{"background-color":"var(--ast-global-color-5)","background-image":"","background-repeat":"repeat","background-position":"center center","background-size":"auto","background-attachment":"scroll","background-type":"","background-media":"","overlay-type":"","overlay-color":"","overlay-opacity":"","overlay-gradient":""},"tablet":{"background-color":"var(--ast-global-color-5)","background-image":"","background-repeat":"repeat","background-position":"center center","background-size":"auto","background-attachment":"scroll","background-type":"","background-media":"","overlay-type":"","overlay-color":"","overlay-opacity":"","overlay-gradient":""},"mobile":{"background-color":"var(--ast-global-color-5)","background-image":"","background-repeat":"repeat","background-position":"center center","background-size":"auto","background-attachment":"scroll","background-type":"","background-media":"","overlay-type":"","overlay-color":"","overlay-opacity":"","overlay-gradient":""}}},"product_brand":[],"product_cat":[17],"product_tag":[62,42,57,28,109,102,40,41,146],"class_list":{"0":"post-9441","1":"product","2":"type-product","3":"status-publish","4":"has-post-thumbnail","6":"product_cat-drone","7":"product_tag-4-5","8":"product_tag-5g","9":"product_tag-cool-light","10":"product_tag-gps","11":"product_tag-gps-drone","12":"product_tag-one-key-return","13":"product_tag-optical-flow","14":"product_tag-professional-drone","15":"product_tag-rg709pro","16":"desktop-align-left","17":"tablet-align-left","18":"mobile-align-left","19":"ast-product-gallery-layout-horizontal-slider","20":"ast-product-single-variable","21":"ast-product-tabs-layout-horizontal","22":"ast-qv-on-image","24":"first","25":"instock","26":"purchasable","27":"product-type-variable"},"uagb_featured_image_src":{"full":["https:\/\/www.gemiruo.com\/wp-content\/uploads\/2025\/11\/6_\u526f\u672c.jpg",1000,1000,false],"thumbnail":["https:\/\/www.gemiruo.com\/wp-content\/uploads\/2025\/11\/6_\u526f\u672c-150x150.jpg",150,150,true],"medium":["https:\/\/www.gemiruo.com\/wp-content\/uploads\/2025\/11\/6_\u526f\u672c-300x300.jpg",300,300,true],"medium_large":["https:\/\/www.gemiruo.com\/wp-content\/uploads\/2025\/11\/6_\u526f\u672c-768x768.jpg",768,768,true],"large":["https:\/\/www.gemiruo.com\/wp-content\/uploads\/2025\/11\/6_\u526f\u672c.jpg",1000,1000,false],"1536x1536":["https:\/\/www.gemiruo.com\/wp-content\/uploads\/2025\/11\/6_\u526f\u672c.jpg",1000,1000,false],"2048x2048":["https:\/\/www.gemiruo.com\/wp-content\/uploads\/2025\/11\/6_\u526f\u672c.jpg",1000,1000,false],"trp-custom-language-flag":["https:\/\/www.gemiruo.com\/wp-content\/uploads\/2025\/11\/6_\u526f\u672c-12x12.jpg",12,12,true],"mailpoet_newsletter_max":["https:\/\/www.gemiruo.com\/wp-content\/uploads\/2025\/11\/6_\u526f\u672c.jpg",1000,1000,false],"woocommerce_thumbnail":["https:\/\/www.gemiruo.com\/wp-content\/uploads\/2025\/11\/6_\u526f\u672c-300x300.jpg",300,300,true],"woocommerce_single":["https:\/\/www.gemiruo.com\/wp-content\/uploads\/2025\/11\/6_\u526f\u672c-600x600.jpg",600,600,true],"woocommerce_gallery_thumbnail":["https:\/\/www.gemiruo.com\/wp-content\/uploads\/2025\/11\/6_\u526f\u672c-100x100.jpg",100,100,true]},"uagb_author_info":{"display_name":"xie shiyong","author_link":"https:\/\/www.gemiruo.com\/de\/author\/"},"uagb_comment_info":0,"uagb_excerpt":"The RG709Pro is a professional GPS drone equipped with advanced features to enhance aerial photography and navigation. It boasts a 4.5 HD remote control screen, delivering 5G real-time image transmission for seamless monitoring. Its dual GPS and optical flow positioning modes ensure precise control, while intelligent return functionalities, including low battery and runaway return, enhance&hellip;","_links":{"self":[{"href":"https:\/\/www.gemiruo.com\/de\/wp-json\/wp\/v2\/product\/9441","targetHints":{"allow":["GET"]}}],"collection":[{"href":"https:\/\/www.gemiruo.com\/de\/wp-json\/wp\/v2\/product"}],"about":[{"href":"https:\/\/www.gemiruo.com\/de\/wp-json\/wp\/v2\/types\/product"}],"replies":[{"embeddable":true,"href":"https:\/\/www.gemiruo.com\/de\/wp-json\/wp\/v2\/comments?post=9441"}],"wp:featuredmedia":[{"embeddable":true,"href":"https:\/\/www.gemiruo.com\/de\/wp-json\/wp\/v2\/media\/9479"}],"wp:attachment":[{"href":"https:\/\/www.gemiruo.com\/de\/wp-json\/wp\/v2\/media?parent=9441"}],"wp:term":[{"taxonomy":"product_brand","embeddable":true,"href":"https:\/\/www.gemiruo.com\/de\/wp-json\/wp\/v2\/product_brand?post=9441"},{"taxonomy":"product_cat","embeddable":true,"href":"https:\/\/www.gemiruo.com\/de\/wp-json\/wp\/v2\/product_cat?post=9441"},{"taxonomy":"product_tag","embeddable":true,"href":"https:\/\/www.gemiruo.com\/de\/wp-json\/wp\/v2\/product_tag?post=9441"}],"curies":[{"name":"wp","href":"https:\/\/api.w.org\/{rel}","templated":true}]}}